{"id":5553,"date":"2020-04-21T07:19:29","date_gmt":"2020-04-21T07:19:29","guid":{"rendered":"https:\/\/cantina-del-mulino.millywilly.ch\/panier\/"},"modified":"2023-04-04T07:09:05","modified_gmt":"2023-04-04T06:09:05","slug":"panier","status":"publish","type":"page","link":"https:\/\/cantinadelmulino.ch\/fr\/panier\/","title":{"rendered":"Panier"},"content":{"rendered":"\t\t<div data-elementor-type=\"wp-page\" data-elementor-id=\"5553\" class=\"elementor elementor-5553 elementor-195\" data-elementor-post-type=\"page\">\n\t\t\t\t\t\t<section class=\"elementor-section elementor-top-section elementor-element elementor-element-3bff461 elementor-section-content-bottom elementor-section-height-min-height elementor-section-boxed elementor-section-height-default elementor-section-items-middle\" data-id=\"3bff461\" data-element_type=\"section\" data-e-type=\"section\">\n\t\t\t\t\t\t\t<div class=\"elementor-background-overlay\"><\/div>\n\t\t\t\t\t\t\t<div class=\"elementor-container elementor-column-gap-default\">\n\t\t\t\t\t<div class=\"elementor-column elementor-col-50 elementor-top-column elementor-element elementor-element-987871f\" data-id=\"987871f\" data-element_type=\"column\" data-e-type=\"column\" data-settings=\"{&quot;background_background&quot;:&quot;classic&quot;}\">\n\t\t\t<div class=\"elementor-widget-wrap elementor-element-populated\">\n\t\t\t\t\t\t<div class=\"elementor-element elementor-element-ba94ca3 elementor-widget elementor-widget-ucaddon_heading\" data-id=\"ba94ca3\" data-element_type=\"widget\" data-e-type=\"widget\" data-widget_type=\"ucaddon_heading.default\">\n\t\t\t\t<div class=\"elementor-widget-container\">\n\t\t\t\t\t\n<!-- start Heading -->\n\n<h4 class=\"secondary-color-dark\"> SHOP<\/h4>\n<h2 class=\"black-color\">panier d\u2019achat<\/h2>\n\n<!-- end Heading -->\t\t\t\t<\/div>\n\t\t\t\t<\/div>\n\t\t\t\t\t<\/div>\n\t\t<\/div>\n\t\t\t\t<div class=\"elementor-column elementor-col-50 elementor-top-column elementor-element elementor-element-0c4cf65\" data-id=\"0c4cf65\" data-element_type=\"column\" data-e-type=\"column\">\n\t\t\t<div class=\"elementor-widget-wrap\">\n\t\t\t\t\t\t\t<\/div>\n\t\t<\/div>\n\t\t\t\t\t<\/div>\n\t\t<\/section>\n\t\t\t\t<section class=\"elementor-section elementor-top-section elementor-element elementor-element-39dee010 elementor-section-boxed elementor-section-height-default elementor-section-height-default\" data-id=\"39dee010\" data-element_type=\"section\" data-e-type=\"section\">\n\t\t\t\t\t\t<div class=\"elementor-container elementor-column-gap-default\">\n\t\t\t\t\t<div class=\"elementor-column elementor-col-100 elementor-top-column elementor-element elementor-element-7f51284b\" data-id=\"7f51284b\" data-element_type=\"column\" data-e-type=\"column\">\n\t\t\t<div class=\"elementor-widget-wrap elementor-element-populated\">\n\t\t\t\t\t\t<div class=\"elementor-element elementor-element-1fac411 elementor-widget elementor-widget-text-editor\" data-id=\"1fac411\" data-element_type=\"widget\" data-e-type=\"widget\" data-widget_type=\"text-editor.default\">\n\t\t\t\t<div class=\"elementor-widget-container\">\n\t\t\t\t\t\t\t\t\t<span style=\"color: #060606;\"><span style=\"font-family: ITCAvantGarde, serif;\"><u><b>Conditions<\/b><\/u><\/span><\/span>\n\n<span style=\"color: #060606;\"><span style=\"font-family: ITCAvantGarde, serif;\"><b>Frais de livraison \u00a0<\/b><\/span><\/span>\n<ul>\n \t<li><span style=\"color: #060606;\"><span style=\"font-family: ITCAvantGarde, serif;\"><span style=\"font-size: medium;\">1 \u2013 12 bouteilles: CHF 15.\u2014<\/span><\/span><\/span><\/li>\n \t<li><span style=\"color: #060606;\"><span style=\"font-family: ITCAvantGarde, serif;\"><span style=\"font-size: medium;\">d\u00e8s 13 bouteilles: CHF 25.\u2014<\/span><\/span><\/span><\/li>\n \t<li><span style=\"color: #060606;\"><span style=\"font-family: ITCAvantGarde, serif;\"><span style=\"font-size: medium;\">livraison gratuite d\u00e8s une commande de CHF 400.\u2014<\/span><\/span><\/span><\/li>\n<\/ul>\n<span style=\"color: #060606;\"><span style=\"font-family: ITCAvantGarde, serif;\"><b>Paiement\u00a0<\/b><\/span><\/span>\n\n<span style=\"color: #060606;\"><span style=\"font-family: ITCAvantGarde, serif;\"><span style=\"font-size: medium;\"><span lang=\"fr-FR\">Paiement sur facture. Si vous \u00eates client chez nous pour la premi\u00e8re fois, nous vous prions de bien vouloir r\u00e9glerla facture \u00e0 l&rsquo;avance. <\/span><\/span><\/span><\/span><span style=\"color: #060606;\"><span style=\"font-family: ITCAvantGarde, serif;\"><span style=\"font-size: medium;\"><span lang=\"fr-FR\">D\u00e8s que vous aurez finalis\u00e9 votre commande, nous allons v\u00e9rifier la disponibilit\u00e9 des produits command\u00e9s et vous faire parvenir votre facture ainsi que nos coordonn\u00e9es bancaires.<\/span><\/span><\/span><\/span>\n\nNous vous prions de patienter un instant pendant que nous v\u00e9rifions la disponibilit\u00e9 des vins command\u00e9s.\t\t\t\t\t\t\t\t<\/div>\n\t\t\t\t<\/div>\n\t\t\t\t<div class=\"elementor-element elementor-element-41fb0489 elementor-widget elementor-widget-text-editor\" data-id=\"41fb0489\" data-element_type=\"widget\" data-e-type=\"widget\" data-widget_type=\"text-editor.default\">\n\t\t\t\t<div class=\"elementor-widget-container\">\n\t\t\t\t\t\t\t\t\t\r\n\t\t\t\t\t\t\t\t<\/div>\n\t\t\t\t<\/div>\n\t\t\t\t<div class=\"elementor-element elementor-element-e794ab3 sec elementor-widget elementor-widget-button\" data-id=\"e794ab3\" data-element_type=\"widget\" data-e-type=\"widget\" data-widget_type=\"button.default\">\n\t\t\t\t<div class=\"elementor-widget-container\">\n\t\t\t\t\t\t\t\t\t<div class=\"elementor-button-wrapper\">\n\t\t\t\t\t<a class=\"elementor-button elementor-button-link elementor-size-md\" href=\"https:\/\/cantinadelmulino.ch\/fr\/vins\/#weine-filter\">\n\t\t\t\t\t\t<span class=\"elementor-button-content-wrapper\">\n\t\t\t\t\t\t\t\t\t<span class=\"elementor-button-text\">Continuer mes achats<\/span>\n\t\t\t\t\t<\/span>\n\t\t\t\t\t<\/a>\n\t\t\t\t<\/div>\n\t\t\t\t\t\t\t\t<\/div>\n\t\t\t\t<\/div>\n\t\t\t\t\t<\/div>\n\t\t<\/div>\n\t\t\t\t\t<\/div>\n\t\t<\/section>\n\t\t\t\t<\/div>\n\t\t","protected":false},"excerpt":{"rendered":"<p>Conditions Frais de livraison \u00a0 1 \u2013 12 bouteilles: CHF 15.\u2014 d\u00e8s 13 bouteilles: CHF 25.\u2014 livraison gratuite d\u00e8s une commande de CHF 400.\u2014 Paiement\u00a0 Paiement sur facture. Si vous \u00eates client chez nous pour la premi\u00e8re fois, nous vous prions de bien vouloir r\u00e9glerla facture \u00e0 l&rsquo;avance. D\u00e8s que vous aurez finalis\u00e9 votre commande, [&hellip;]<\/p>\n","protected":false},"author":13,"featured_media":0,"parent":0,"menu_order":0,"comment_status":"closed","ping_status":"closed","template":"elementor_header_footer","meta":{"_acf_changed":false,"footnotes":""},"class_list":["post-5553","page","type-page","status-publish","hentry"],"acf":[],"publishpress_future_workflow_manual_trigger":{"enabledWorkflows":[]},"_links":{"self":[{"href":"https:\/\/cantinadelmulino.ch\/fr\/wp-json\/wp\/v2\/pages\/5553","targetHints":{"allow":["GET"]}}],"collection":[{"href":"https:\/\/cantinadelmulino.ch\/fr\/wp-json\/wp\/v2\/pages"}],"about":[{"href":"https:\/\/cantinadelmulino.ch\/fr\/wp-json\/wp\/v2\/types\/page"}],"author":[{"embeddable":true,"href":"https:\/\/cantinadelmulino.ch\/fr\/wp-json\/wp\/v2\/users\/13"}],"replies":[{"embeddable":true,"href":"https:\/\/cantinadelmulino.ch\/fr\/wp-json\/wp\/v2\/comments?post=5553"}],"version-history":[{"count":42,"href":"https:\/\/cantinadelmulino.ch\/fr\/wp-json\/wp\/v2\/pages\/5553\/revisions"}],"predecessor-version":[{"id":38495,"href":"https:\/\/cantinadelmulino.ch\/fr\/wp-json\/wp\/v2\/pages\/5553\/revisions\/38495"}],"wp:attachment":[{"href":"https:\/\/cantinadelmulino.ch\/fr\/wp-json\/wp\/v2\/media?parent=5553"}],"curies":[{"name":"wp","href":"https:\/\/api.w.org\/{rel}","templated":true}]}}