{"id":17603,"date":"2020-04-27T09:02:34","date_gmt":"2020-04-27T09:02:34","guid":{"rendered":"https:\/\/cantinadelmulino.ch\/product\/abonnement-de-vin-4x-6-bouteilles\/"},"modified":"2023-01-03T18:12:59","modified_gmt":"2023-01-03T17:12:59","slug":"abonnement-de-vin-4x-6-bouteilles","status":"publish","type":"product","link":"https:\/\/cantinadelmulino.ch\/fr\/produit\/abonnement-de-vin-4x-6-bouteilles\/","title":{"rendered":"Quatre saisons (4 x 6 btl)"},"content":{"rendered":"<p>Pendant une ann\u00e9e vous recevrez \u00e0 chaque saison un carton d\u00e9couverte de six bouteilles pr\u00e9sentant trois vins diff\u00e9rents (deux bouteilles de chaque vin). Vous avez la possibilit\u00e9 de retirer vos cartons d\u00e9couverte au magasin ou de les faire livrer \u00e0 domicile. L\u2019abonnement de vin peut \u00eatre pay\u00e9 en une seule fois pour une ann\u00e9e ou en quatre fois apr\u00e8s r\u00e9ception de chaque carton. Lors du processus de commande, veuillez indiquer sous la rubrique \u00ab Indications de commande \u00bb, si vous souhaitez retirer vos cartons d\u00e9couverte au magasin et si vous souhaitez r\u00e9gler votre abonnement de vin en une seule fois \u00e0 l\u2019avance.<\/p>\n","protected":false},"excerpt":{"rendered":"<p>En souscrivant \u00e0 cet abonnement de vin, vous recevrez six bouteilles de vin \u2013 \u00e0 savoir, deux bouteilles de chaque vin \u2013 \u00e0 chaque nouvelle saison pendant une ann\u00e9e. Vous avez la possibilit\u00e9 de retirer vos cartons d\u00e9couverte au magasin ou de les faire livrer \u00e0 domicile. L\u2019abonnement de vin peut \u00eatre pay\u00e9 en une seule fois pour une ann\u00e9e ou en quatre fois apr\u00e8s r\u00e9ception de chaque carton. Lors du processus de commande, veuillez indiquer sous la rubrique \u00ab Indications de commande \u00bb, si vous souhaitez retirer vos cartons d\u00e9couverte au magasin et si vous souhaitez r\u00e9gler votre abonnement de vin en une seule fois \u00e0 l\u2019avance.<\/p>\n","protected":false},"featured_media":7227,"comment_status":"closed","ping_status":"closed","template":"","meta":{"_acf_changed":false},"product_brand":[],"product_cat":[1887],"product_tag":[],"enthaltene-traubensorte":[],"weintyp_tax":[],"subskription":[],"class_list":{"0":"post-17603","1":"product","2":"type-product","3":"status-publish","4":"has-post-thumbnail","6":"product_cat-wein-abo-fr","8":"first","9":"instock","10":"taxable","11":"shipping-taxable","12":"purchasable","13":"product-type-simple"},"acf":[],"publishpress_future_workflow_manual_trigger":{"enabledWorkflows":[]},"_links":{"self":[{"href":"https:\/\/cantinadelmulino.ch\/fr\/wp-json\/wp\/v2\/product\/17603","targetHints":{"allow":["GET"]}}],"collection":[{"href":"https:\/\/cantinadelmulino.ch\/fr\/wp-json\/wp\/v2\/product"}],"about":[{"href":"https:\/\/cantinadelmulino.ch\/fr\/wp-json\/wp\/v2\/types\/product"}],"replies":[{"embeddable":true,"href":"https:\/\/cantinadelmulino.ch\/fr\/wp-json\/wp\/v2\/comments?post=17603"}],"wp:featuredmedia":[{"embeddable":true,"href":"https:\/\/cantinadelmulino.ch\/fr\/wp-json\/wp\/v2\/media\/7227"}],"wp:attachment":[{"href":"https:\/\/cantinadelmulino.ch\/fr\/wp-json\/wp\/v2\/media?parent=17603"}],"wp:term":[{"taxonomy":"product_brand","embeddable":true,"href":"https:\/\/cantinadelmulino.ch\/fr\/wp-json\/wp\/v2\/product_brand?post=17603"},{"taxonomy":"product_cat","embeddable":true,"href":"https:\/\/cantinadelmulino.ch\/fr\/wp-json\/wp\/v2\/product_cat?post=17603"},{"taxonomy":"product_tag","embeddable":true,"href":"https:\/\/cantinadelmulino.ch\/fr\/wp-json\/wp\/v2\/product_tag?post=17603"},{"taxonomy":"enthaltene-traubensorte","embeddable":true,"href":"https:\/\/cantinadelmulino.ch\/fr\/wp-json\/wp\/v2\/enthaltene-traubensorte?post=17603"},{"taxonomy":"weintyp_tax","embeddable":true,"href":"https:\/\/cantinadelmulino.ch\/fr\/wp-json\/wp\/v2\/weintyp_tax?post=17603"},{"taxonomy":"subskription","embeddable":true,"href":"https:\/\/cantinadelmulino.ch\/fr\/wp-json\/wp\/v2\/subskription?post=17603"}],"curies":[{"name":"wp","href":"https:\/\/api.w.org\/{rel}","templated":true}]}}