{"id":31374,"date":"2026-04-08T01:16:03","date_gmt":"2026-04-08T00:16:03","guid":{"rendered":"https:\/\/cantinadelmulino.ch\/product\/chateau-de-gaube-bas-armagnac-a-c-1959\/"},"modified":"2026-04-08T01:16:04","modified_gmt":"2026-04-08T00:16:04","slug":"chateau-de-gaube-bas-armagnac-a-c-1959-bas-armagnac-francis-darroze-70cl-spiritueux","status":"publish","type":"product","link":"https:\/\/cantinadelmulino.ch\/fr\/produit\/chateau-de-gaube-bas-armagnac-a-c-1959-bas-armagnac-francis-darroze-70cl-spiritueux\/","title":{"rendered":"Ch\u00e2teau de Gaube Bas Armagnac A.C. | 1959 | Bas Armagnac Francis Darroze | 70cl | spiritueux"},"content":{"rendered":"<p>Ch\u00e2teau de Gaube Bas Armagnac A.C. 1959, France,\u00a0 Sud-Ouest, Couleur l\u00e9g\u00e8rement marron avec des reflets dor\u00e9s.Le nez de cet armagnac est tr\u00e8s expressif malgr\u00e9 son \u00e2ge : des ar\u00f4mes de bois et de fruits. En bouche, des tanins exeptionnels qui donnent beaucoup de finesse \u00e0 cet armagnac. 44.7% CHATEAU DE GAUBE \u00e0 Gaube (Landes): Le Domaine de Gaube se situe sur la commune de Gaube au milieu d&rsquo;un triangle compos\u00e9 des villages du Bourdalat, de Perqui\u00e9 et de Hontanx. Les Bas Armagnacs de Gaube ont toujours \u00e9t\u00e9 des armagnacs rac\u00e9s, puissants, typiques de ce que l&rsquo;on peut attendre d&rsquo;un Bas Armagnac de grand terroir., spiritueux, Baco, 70cl, 1959, 44%, 70cl, ,\u00a0 319.5<\/p>\n","protected":false},"excerpt":{"rendered":"<p>Ch\u00e2teau de Gaube Bas Armagnac A.C. 1959, France, Sud-Ouest, Bas Armagnac Francis Darroze, Bas Armagnac Francis Darroze, Baco, Baco<\/p>\n","protected":false},"featured_media":0,"comment_status":"closed","ping_status":"closed","template":"","meta":{"_acf_changed":false},"product_brand":[],"product_cat":[17],"product_tag":[],"enthaltene-traubensorte":[1539],"weintyp_tax":[2114],"subskription":[],"class_list":{"0":"post-31374","1":"product","2":"type-product","3":"status-publish","5":"product_cat-uncategorized","6":"enthaltene-traubensorte-baco","7":"weintyp_tax-spiritueux","9":"first","10":"instock","11":"taxable","12":"shipping-taxable","13":"purchasable","14":"product-type-simple"},"acf":[],"publishpress_future_workflow_manual_trigger":{"enabledWorkflows":[]},"_links":{"self":[{"href":"https:\/\/cantinadelmulino.ch\/fr\/wp-json\/wp\/v2\/product\/31374","targetHints":{"allow":["GET"]}}],"collection":[{"href":"https:\/\/cantinadelmulino.ch\/fr\/wp-json\/wp\/v2\/product"}],"about":[{"href":"https:\/\/cantinadelmulino.ch\/fr\/wp-json\/wp\/v2\/types\/product"}],"replies":[{"embeddable":true,"href":"https:\/\/cantinadelmulino.ch\/fr\/wp-json\/wp\/v2\/comments?post=31374"}],"wp:attachment":[{"href":"https:\/\/cantinadelmulino.ch\/fr\/wp-json\/wp\/v2\/media?parent=31374"}],"wp:term":[{"taxonomy":"product_brand","embeddable":true,"href":"https:\/\/cantinadelmulino.ch\/fr\/wp-json\/wp\/v2\/product_brand?post=31374"},{"taxonomy":"product_cat","embeddable":true,"href":"https:\/\/cantinadelmulino.ch\/fr\/wp-json\/wp\/v2\/product_cat?post=31374"},{"taxonomy":"product_tag","embeddable":true,"href":"https:\/\/cantinadelmulino.ch\/fr\/wp-json\/wp\/v2\/product_tag?post=31374"},{"taxonomy":"enthaltene-traubensorte","embeddable":true,"href":"https:\/\/cantinadelmulino.ch\/fr\/wp-json\/wp\/v2\/enthaltene-traubensorte?post=31374"},{"taxonomy":"weintyp_tax","embeddable":true,"href":"https:\/\/cantinadelmulino.ch\/fr\/wp-json\/wp\/v2\/weintyp_tax?post=31374"},{"taxonomy":"subskription","embeddable":true,"href":"https:\/\/cantinadelmulino.ch\/fr\/wp-json\/wp\/v2\/subskription?post=31374"}],"curies":[{"name":"wp","href":"https:\/\/api.w.org\/{rel}","templated":true}]}}