{"id":31413,"date":"2026-04-08T01:16:03","date_gmt":"2026-04-08T00:16:03","guid":{"rendered":"https:\/\/cantinadelmulino.ch\/product\/saint-emilion-grand-cru-classe-a-c-2012\/"},"modified":"2026-04-08T01:16:06","modified_gmt":"2026-04-08T00:16:06","slug":"saint-emilion-grand-cru-classe-a-c-2012-chateau-pavie-macquin-75cl-vin-rouge","status":"publish","type":"product","link":"https:\/\/cantinadelmulino.ch\/fr\/produit\/saint-emilion-grand-cru-classe-a-c-2012-chateau-pavie-macquin-75cl-vin-rouge\/","title":{"rendered":"Saint-Emilion Grand Cru class\u00e9 A.C. | 2012 | Ch\u00e2teau Pavie Macquin | 75cl | vin rouge"},"content":{"rendered":"<p>Saint-Emilion Grand Cru class\u00e9 A.C. 2012, France,\u00a0 Bordeaux, , vin rouge, Merlot; Cabernet Franc, Cabernet Sauvignon, 75cl, 2012, 14.5%, 75cl, ,\u00a0 81<\/p>\n","protected":false},"excerpt":{"rendered":"<p>Saint-Emilion Grand Cru class\u00e9 A.C. 2012, France, Bordeaux, Ch\u00e2teau Pavie Macquin, Ch\u00e2teau Pavie Macquin, Merlot; Cabernet Franc, Cabernet Sauvignon, Merlot; Cabernet Franc, Cabernet Sauvignon<\/p>\n","protected":false},"featured_media":0,"comment_status":"closed","ping_status":"closed","template":"","meta":{"_acf_changed":false},"product_brand":[],"product_cat":[17],"product_tag":[],"enthaltene-traubensorte":[1549,1550,1548],"weintyp_tax":[2115],"subskription":[],"class_list":{"0":"post-31413","1":"product","2":"type-product","3":"status-publish","5":"product_cat-uncategorized","6":"enthaltene-traubensorte-cabernet-franc","7":"enthaltene-traubensorte-cabernet-sauvignon","8":"enthaltene-traubensorte-merlot","9":"weintyp_tax-vin-rouge","11":"first","12":"instock","13":"taxable","14":"shipping-taxable","15":"purchasable","16":"product-type-simple"},"acf":[],"publishpress_future_workflow_manual_trigger":{"enabledWorkflows":[]},"_links":{"self":[{"href":"https:\/\/cantinadelmulino.ch\/fr\/wp-json\/wp\/v2\/product\/31413","targetHints":{"allow":["GET"]}}],"collection":[{"href":"https:\/\/cantinadelmulino.ch\/fr\/wp-json\/wp\/v2\/product"}],"about":[{"href":"https:\/\/cantinadelmulino.ch\/fr\/wp-json\/wp\/v2\/types\/product"}],"replies":[{"embeddable":true,"href":"https:\/\/cantinadelmulino.ch\/fr\/wp-json\/wp\/v2\/comments?post=31413"}],"wp:attachment":[{"href":"https:\/\/cantinadelmulino.ch\/fr\/wp-json\/wp\/v2\/media?parent=31413"}],"wp:term":[{"taxonomy":"product_brand","embeddable":true,"href":"https:\/\/cantinadelmulino.ch\/fr\/wp-json\/wp\/v2\/product_brand?post=31413"},{"taxonomy":"product_cat","embeddable":true,"href":"https:\/\/cantinadelmulino.ch\/fr\/wp-json\/wp\/v2\/product_cat?post=31413"},{"taxonomy":"product_tag","embeddable":true,"href":"https:\/\/cantinadelmulino.ch\/fr\/wp-json\/wp\/v2\/product_tag?post=31413"},{"taxonomy":"enthaltene-traubensorte","embeddable":true,"href":"https:\/\/cantinadelmulino.ch\/fr\/wp-json\/wp\/v2\/enthaltene-traubensorte?post=31413"},{"taxonomy":"weintyp_tax","embeddable":true,"href":"https:\/\/cantinadelmulino.ch\/fr\/wp-json\/wp\/v2\/weintyp_tax?post=31413"},{"taxonomy":"subskription","embeddable":true,"href":"https:\/\/cantinadelmulino.ch\/fr\/wp-json\/wp\/v2\/subskription?post=31413"}],"curies":[{"name":"wp","href":"https:\/\/api.w.org\/{rel}","templated":true}]}}