{"id":31456,"date":"2026-04-29T01:18:18","date_gmt":"2026-04-29T00:18:18","guid":{"rendered":"https:\/\/cantinadelmulino.ch\/product\/les-grandes-places-cote-rotie-a-c-2013\/"},"modified":"2026-04-29T01:18:20","modified_gmt":"2026-04-29T00:18:20","slug":"les-grandes-places-cote-rotie-a-c-2013-domaine-clusel-roch-75cl-vin-rouge","status":"publish","type":"product","link":"https:\/\/cantinadelmulino.ch\/fr\/produit\/les-grandes-places-cote-rotie-a-c-2013-domaine-clusel-roch-75cl-vin-rouge\/","title":{"rendered":"Les Grandes Places C\u00f4te-R\u00f4tie A.C. | 2013 | Domaine Clusel-Roch | 75cl | vin rouge"},"content":{"rendered":"<p>Les Grandes Places C\u00f4te-R\u00f4tie A.C. 2013, France,\u00a0 Rh\u00f4ne, , vin rouge, Syrah, 75cl, 2013, 12.5%, 75cl, Rindsfilet, Rinsbraten an Sauce, Rehr\u00fccken, Pilzgerichte,\u00a0 85.5<\/p>\n","protected":false},"excerpt":{"rendered":"<p>Les Grandes Places C\u00f4te-R\u00f4tie A.C. 2013, France, Rh\u00f4ne, Domaine Clusel-Roch, Domaine Clusel-Roch, Syrah, Syrah<\/p>\n","protected":false},"featured_media":0,"comment_status":"closed","ping_status":"closed","template":"","meta":{"_acf_changed":false},"product_brand":[],"product_cat":[17],"product_tag":[],"enthaltene-traubensorte":[1552],"weintyp_tax":[2115],"subskription":[],"class_list":{"0":"post-31456","1":"product","2":"type-product","3":"status-publish","5":"product_cat-uncategorized","6":"enthaltene-traubensorte-syrah","7":"weintyp_tax-vin-rouge","9":"first","10":"instock","11":"taxable","12":"shipping-taxable","13":"purchasable","14":"product-type-simple"},"acf":[],"publishpress_future_workflow_manual_trigger":{"enabledWorkflows":[]},"_links":{"self":[{"href":"https:\/\/cantinadelmulino.ch\/fr\/wp-json\/wp\/v2\/product\/31456","targetHints":{"allow":["GET"]}}],"collection":[{"href":"https:\/\/cantinadelmulino.ch\/fr\/wp-json\/wp\/v2\/product"}],"about":[{"href":"https:\/\/cantinadelmulino.ch\/fr\/wp-json\/wp\/v2\/types\/product"}],"replies":[{"embeddable":true,"href":"https:\/\/cantinadelmulino.ch\/fr\/wp-json\/wp\/v2\/comments?post=31456"}],"wp:attachment":[{"href":"https:\/\/cantinadelmulino.ch\/fr\/wp-json\/wp\/v2\/media?parent=31456"}],"wp:term":[{"taxonomy":"product_brand","embeddable":true,"href":"https:\/\/cantinadelmulino.ch\/fr\/wp-json\/wp\/v2\/product_brand?post=31456"},{"taxonomy":"product_cat","embeddable":true,"href":"https:\/\/cantinadelmulino.ch\/fr\/wp-json\/wp\/v2\/product_cat?post=31456"},{"taxonomy":"product_tag","embeddable":true,"href":"https:\/\/cantinadelmulino.ch\/fr\/wp-json\/wp\/v2\/product_tag?post=31456"},{"taxonomy":"enthaltene-traubensorte","embeddable":true,"href":"https:\/\/cantinadelmulino.ch\/fr\/wp-json\/wp\/v2\/enthaltene-traubensorte?post=31456"},{"taxonomy":"weintyp_tax","embeddable":true,"href":"https:\/\/cantinadelmulino.ch\/fr\/wp-json\/wp\/v2\/weintyp_tax?post=31456"},{"taxonomy":"subskription","embeddable":true,"href":"https:\/\/cantinadelmulino.ch\/fr\/wp-json\/wp\/v2\/subskription?post=31456"}],"curies":[{"name":"wp","href":"https:\/\/api.w.org\/{rel}","templated":true}]}}