{"id":31525,"date":"2026-04-15T01:18:24","date_gmt":"2026-04-15T00:18:24","guid":{"rendered":"https:\/\/cantinadelmulino.ch\/product\/hegoxuri-schistes-irouleguy-a-c-2013\/"},"modified":"2026-04-15T01:18:26","modified_gmt":"2026-04-15T00:18:26","slug":"hegoxuri-schistes-irouleguy-a-c-2013-domaine-arretxea-150cl-vin-blanc","status":"publish","type":"product","link":"https:\/\/cantinadelmulino.ch\/fr\/produit\/hegoxuri-schistes-irouleguy-a-c-2013-domaine-arretxea-150cl-vin-blanc\/","title":{"rendered":"Hegoxuri Schistes Iroul\u00e9guy A.C. | 2013 | Domaine Arretxea | 150cl | vin blanc"},"content":{"rendered":"<p>Hegoxuri Schistes Iroul\u00e9guy A.C. 2013, France,\u00a0 Sud-Ouest, , vin blanc, Gros Manseng 55%, Petit Manseng 42%, Petit Courbu 3%, 150cl, 2013, 14.5%, 150cl, Exotische Salate, G\u00e4nsestopfleber mi-cuit, Ziegenk\u00e4se, ger\u00e4ucherter Lachs, Krebsterrine, Perlhuhn,\u00a0 80.1<\/p>\n","protected":false},"excerpt":{"rendered":"<p>Hegoxuri Schistes Iroul\u00e9guy A.C. 2013, France, Sud-Ouest, Domaine Arretxea, Domaine Arretxea, Gros Manseng 55%, Petit Manseng 42%, Petit Courbu 3%, Gros Manseng 55%, Petit Manseng 42%, Petit Courbu 3%<\/p>\n","protected":false},"featured_media":0,"comment_status":"closed","ping_status":"closed","template":"","meta":{"_acf_changed":false},"product_brand":[],"product_cat":[17],"product_tag":[],"enthaltene-traubensorte":[1566,1568,1567],"weintyp_tax":[2116],"subskription":[],"class_list":{"0":"post-31525","1":"product","2":"type-product","3":"status-publish","5":"product_cat-uncategorized","6":"enthaltene-traubensorte-gros-manseng","7":"enthaltene-traubensorte-petit-courbu","8":"enthaltene-traubensorte-petit-manseng","9":"weintyp_tax-vin-blanc","11":"first","12":"instock","13":"taxable","14":"shipping-taxable","15":"purchasable","16":"product-type-simple"},"acf":[],"publishpress_future_workflow_manual_trigger":{"enabledWorkflows":[]},"_links":{"self":[{"href":"https:\/\/cantinadelmulino.ch\/fr\/wp-json\/wp\/v2\/product\/31525","targetHints":{"allow":["GET"]}}],"collection":[{"href":"https:\/\/cantinadelmulino.ch\/fr\/wp-json\/wp\/v2\/product"}],"about":[{"href":"https:\/\/cantinadelmulino.ch\/fr\/wp-json\/wp\/v2\/types\/product"}],"replies":[{"embeddable":true,"href":"https:\/\/cantinadelmulino.ch\/fr\/wp-json\/wp\/v2\/comments?post=31525"}],"wp:attachment":[{"href":"https:\/\/cantinadelmulino.ch\/fr\/wp-json\/wp\/v2\/media?parent=31525"}],"wp:term":[{"taxonomy":"product_brand","embeddable":true,"href":"https:\/\/cantinadelmulino.ch\/fr\/wp-json\/wp\/v2\/product_brand?post=31525"},{"taxonomy":"product_cat","embeddable":true,"href":"https:\/\/cantinadelmulino.ch\/fr\/wp-json\/wp\/v2\/product_cat?post=31525"},{"taxonomy":"product_tag","embeddable":true,"href":"https:\/\/cantinadelmulino.ch\/fr\/wp-json\/wp\/v2\/product_tag?post=31525"},{"taxonomy":"enthaltene-traubensorte","embeddable":true,"href":"https:\/\/cantinadelmulino.ch\/fr\/wp-json\/wp\/v2\/enthaltene-traubensorte?post=31525"},{"taxonomy":"weintyp_tax","embeddable":true,"href":"https:\/\/cantinadelmulino.ch\/fr\/wp-json\/wp\/v2\/weintyp_tax?post=31525"},{"taxonomy":"subskription","embeddable":true,"href":"https:\/\/cantinadelmulino.ch\/fr\/wp-json\/wp\/v2\/subskription?post=31525"}],"curies":[{"name":"wp","href":"https:\/\/api.w.org\/{rel}","templated":true}]}}