{"id":31537,"date":"2026-04-08T01:16:15","date_gmt":"2026-04-08T00:16:15","guid":{"rendered":"https:\/\/cantinadelmulino.ch\/product\/la-centauree-coteaux-du-languedoc-la-clape-a-c-2011-2\/"},"modified":"2026-04-08T01:16:18","modified_gmt":"2026-04-08T00:16:18","slug":"la-centauree-coteaux-du-languedoc-la-clape-a-c-2011-chateau-pech-redon-150cl-vin-rouge","status":"publish","type":"product","link":"https:\/\/cantinadelmulino.ch\/fr\/produit\/la-centauree-coteaux-du-languedoc-la-clape-a-c-2011-chateau-pech-redon-150cl-vin-rouge\/","title":{"rendered":"La Centaur\u00e9e Coteaux du Languedoc La Clape A.C. | 2011 | Ch\u00e2teau Pech Redon | 150cl | vin rouge"},"content":{"rendered":"<p>La Centaur\u00e9e Coteaux du Languedoc La Clape A.C. 2011, France,\u00a0 Languedoc, , vin rouge, Syrah 60%, Grenache 40%, 150cl, 2011, 15%, 150cl, Poulet am Grill, Cassoulet, Grilladen,\u00a0 46.8<\/p>\n","protected":false},"excerpt":{"rendered":"<p>La Centaur\u00e9e Coteaux du Languedoc La Clape A.C. 2011, France, Languedoc, Ch\u00e2teau Pech Redon, Ch\u00e2teau Pech Redon, Syrah 60%, Grenache 40%, Syrah 60%, Grenache 40%<\/p>\n","protected":false},"featured_media":0,"comment_status":"closed","ping_status":"closed","template":"","meta":{"_acf_changed":false},"product_brand":[],"product_cat":[17],"product_tag":[],"enthaltene-traubensorte":[1554,1552],"weintyp_tax":[2115],"subskription":[],"class_list":{"0":"post-31537","1":"product","2":"type-product","3":"status-publish","5":"product_cat-uncategorized","6":"enthaltene-traubensorte-grenache","7":"enthaltene-traubensorte-syrah","8":"weintyp_tax-vin-rouge","10":"first","11":"instock","12":"taxable","13":"shipping-taxable","14":"purchasable","15":"product-type-simple"},"acf":[],"publishpress_future_workflow_manual_trigger":{"enabledWorkflows":[]},"_links":{"self":[{"href":"https:\/\/cantinadelmulino.ch\/fr\/wp-json\/wp\/v2\/product\/31537","targetHints":{"allow":["GET"]}}],"collection":[{"href":"https:\/\/cantinadelmulino.ch\/fr\/wp-json\/wp\/v2\/product"}],"about":[{"href":"https:\/\/cantinadelmulino.ch\/fr\/wp-json\/wp\/v2\/types\/product"}],"replies":[{"embeddable":true,"href":"https:\/\/cantinadelmulino.ch\/fr\/wp-json\/wp\/v2\/comments?post=31537"}],"wp:attachment":[{"href":"https:\/\/cantinadelmulino.ch\/fr\/wp-json\/wp\/v2\/media?parent=31537"}],"wp:term":[{"taxonomy":"product_brand","embeddable":true,"href":"https:\/\/cantinadelmulino.ch\/fr\/wp-json\/wp\/v2\/product_brand?post=31537"},{"taxonomy":"product_cat","embeddable":true,"href":"https:\/\/cantinadelmulino.ch\/fr\/wp-json\/wp\/v2\/product_cat?post=31537"},{"taxonomy":"product_tag","embeddable":true,"href":"https:\/\/cantinadelmulino.ch\/fr\/wp-json\/wp\/v2\/product_tag?post=31537"},{"taxonomy":"enthaltene-traubensorte","embeddable":true,"href":"https:\/\/cantinadelmulino.ch\/fr\/wp-json\/wp\/v2\/enthaltene-traubensorte?post=31537"},{"taxonomy":"weintyp_tax","embeddable":true,"href":"https:\/\/cantinadelmulino.ch\/fr\/wp-json\/wp\/v2\/weintyp_tax?post=31537"},{"taxonomy":"subskription","embeddable":true,"href":"https:\/\/cantinadelmulino.ch\/fr\/wp-json\/wp\/v2\/subskription?post=31537"}],"curies":[{"name":"wp","href":"https:\/\/api.w.org\/{rel}","templated":true}]}}