{"id":31548,"date":"2026-04-08T01:16:15","date_gmt":"2026-04-08T00:16:15","guid":{"rendered":"https:\/\/cantinadelmulino.ch\/product\/cuvee-de-papet-chateauneuf-du-pape-a-c-2015\/"},"modified":"2026-04-08T01:16:19","modified_gmt":"2026-04-08T00:16:19","slug":"cuvee-de-papet-chateauneuf-du-pape-a-c-2015-clos-du-mont-olivet-75cl-vin-rouge","status":"publish","type":"product","link":"https:\/\/cantinadelmulino.ch\/fr\/produit\/cuvee-de-papet-chateauneuf-du-pape-a-c-2015-clos-du-mont-olivet-75cl-vin-rouge\/","title":{"rendered":"Cuv\u00e9e de Papet Ch\u00e2teauneuf-du-Pape A.C. | 2015 | Clos du Mont Olivet | 75cl | vin rouge"},"content":{"rendered":"<p>Cuv\u00e9e de Papet Ch\u00e2teauneuf-du-Pape A.C. 2015, France,\u00a0 Rh\u00f4ne, , vin rouge, Grenache 80%, Mourve\u0300dre 10%, Syrah 10%, 75cl, 2015, , 75cl, ,\u00a0 72<\/p>\n","protected":false},"excerpt":{"rendered":"<p>Cuv\u00e9e de Papet Ch\u00e2teauneuf-du-Pape A.C. 2015, France, Rh\u00f4ne, Clos du Mont Olivet, Clos du Mont Olivet, Grenache 80%, Mourve\u0300dre 10%, Syrah 10%, Grenache 80%, Mourve\u0300dre 10%, Syrah 10%<\/p>\n","protected":false},"featured_media":0,"comment_status":"closed","ping_status":"closed","template":"","meta":{"_acf_changed":false},"product_brand":[],"product_cat":[17],"product_tag":[],"enthaltene-traubensorte":[1554,1606,1552],"weintyp_tax":[2115],"subskription":[],"class_list":{"0":"post-31548","1":"product","2":"type-product","3":"status-publish","5":"product_cat-uncategorized","6":"enthaltene-traubensorte-grenache","7":"enthaltene-traubensorte-mourvdre","8":"enthaltene-traubensorte-syrah","9":"weintyp_tax-vin-rouge","11":"first","12":"instock","13":"taxable","14":"shipping-taxable","15":"purchasable","16":"product-type-simple"},"acf":[],"publishpress_future_workflow_manual_trigger":{"enabledWorkflows":[]},"_links":{"self":[{"href":"https:\/\/cantinadelmulino.ch\/fr\/wp-json\/wp\/v2\/product\/31548","targetHints":{"allow":["GET"]}}],"collection":[{"href":"https:\/\/cantinadelmulino.ch\/fr\/wp-json\/wp\/v2\/product"}],"about":[{"href":"https:\/\/cantinadelmulino.ch\/fr\/wp-json\/wp\/v2\/types\/product"}],"replies":[{"embeddable":true,"href":"https:\/\/cantinadelmulino.ch\/fr\/wp-json\/wp\/v2\/comments?post=31548"}],"wp:attachment":[{"href":"https:\/\/cantinadelmulino.ch\/fr\/wp-json\/wp\/v2\/media?parent=31548"}],"wp:term":[{"taxonomy":"product_brand","embeddable":true,"href":"https:\/\/cantinadelmulino.ch\/fr\/wp-json\/wp\/v2\/product_brand?post=31548"},{"taxonomy":"product_cat","embeddable":true,"href":"https:\/\/cantinadelmulino.ch\/fr\/wp-json\/wp\/v2\/product_cat?post=31548"},{"taxonomy":"product_tag","embeddable":true,"href":"https:\/\/cantinadelmulino.ch\/fr\/wp-json\/wp\/v2\/product_tag?post=31548"},{"taxonomy":"enthaltene-traubensorte","embeddable":true,"href":"https:\/\/cantinadelmulino.ch\/fr\/wp-json\/wp\/v2\/enthaltene-traubensorte?post=31548"},{"taxonomy":"weintyp_tax","embeddable":true,"href":"https:\/\/cantinadelmulino.ch\/fr\/wp-json\/wp\/v2\/weintyp_tax?post=31548"},{"taxonomy":"subskription","embeddable":true,"href":"https:\/\/cantinadelmulino.ch\/fr\/wp-json\/wp\/v2\/subskription?post=31548"}],"curies":[{"name":"wp","href":"https:\/\/api.w.org\/{rel}","templated":true}]}}