{"id":31554,"date":"2026-04-15T01:18:29","date_gmt":"2026-04-15T00:18:29","guid":{"rendered":"https:\/\/cantinadelmulino.ch\/product\/cuvee-des-gds-cotes-ambonnay-rouge-coteaux-champenois-a-c-2015\/"},"modified":"2026-04-15T01:18:30","modified_gmt":"2026-04-15T00:18:30","slug":"cuvee-des-gds-cotes-ambonnay-rouge-coteaux-champenois-a-c-2015-egly-ouriet-75cl-vin-rouge","status":"publish","type":"product","link":"https:\/\/cantinadelmulino.ch\/fr\/produit\/cuvee-des-gds-cotes-ambonnay-rouge-coteaux-champenois-a-c-2015-egly-ouriet-75cl-vin-rouge\/","title":{"rendered":"Cuv\u00e9e des Gds C\u00f4t\u00e9s, Ambonnay rouge Coteaux Champenois A.C. | 2015 | Egly-Ouriet | 75cl | vin rouge"},"content":{"rendered":"<p>Cuv\u00e9e des Gds C\u00f4t\u00e9s, Ambonnay rouge Coteaux Champenois A.C. 2015, France,\u00a0 Champagne, , vin rouge, Pinot noir, 75cl, 2015, , 75cl, ,\u00a0 198<\/p>\n","protected":false},"excerpt":{"rendered":"<p>Cuv\u00e9e des Gds C\u00f4t\u00e9s, Ambonnay rouge Coteaux Champenois A.C. 2015, France, Champagne, Egly-Ouriet, Egly-Ouriet, Pinot noir, Pinot noir<\/p>\n","protected":false},"featured_media":0,"comment_status":"closed","ping_status":"closed","template":"","meta":{"_acf_changed":false},"product_brand":[],"product_cat":[17],"product_tag":[],"enthaltene-traubensorte":[1543],"weintyp_tax":[2115],"subskription":[],"class_list":{"0":"post-31554","1":"product","2":"type-product","3":"status-publish","5":"product_cat-uncategorized","6":"enthaltene-traubensorte-pinot-noir","7":"weintyp_tax-vin-rouge","9":"first","10":"instock","11":"taxable","12":"shipping-taxable","13":"purchasable","14":"product-type-simple"},"acf":[],"publishpress_future_workflow_manual_trigger":{"enabledWorkflows":[]},"_links":{"self":[{"href":"https:\/\/cantinadelmulino.ch\/fr\/wp-json\/wp\/v2\/product\/31554","targetHints":{"allow":["GET"]}}],"collection":[{"href":"https:\/\/cantinadelmulino.ch\/fr\/wp-json\/wp\/v2\/product"}],"about":[{"href":"https:\/\/cantinadelmulino.ch\/fr\/wp-json\/wp\/v2\/types\/product"}],"replies":[{"embeddable":true,"href":"https:\/\/cantinadelmulino.ch\/fr\/wp-json\/wp\/v2\/comments?post=31554"}],"wp:attachment":[{"href":"https:\/\/cantinadelmulino.ch\/fr\/wp-json\/wp\/v2\/media?parent=31554"}],"wp:term":[{"taxonomy":"product_brand","embeddable":true,"href":"https:\/\/cantinadelmulino.ch\/fr\/wp-json\/wp\/v2\/product_brand?post=31554"},{"taxonomy":"product_cat","embeddable":true,"href":"https:\/\/cantinadelmulino.ch\/fr\/wp-json\/wp\/v2\/product_cat?post=31554"},{"taxonomy":"product_tag","embeddable":true,"href":"https:\/\/cantinadelmulino.ch\/fr\/wp-json\/wp\/v2\/product_tag?post=31554"},{"taxonomy":"enthaltene-traubensorte","embeddable":true,"href":"https:\/\/cantinadelmulino.ch\/fr\/wp-json\/wp\/v2\/enthaltene-traubensorte?post=31554"},{"taxonomy":"weintyp_tax","embeddable":true,"href":"https:\/\/cantinadelmulino.ch\/fr\/wp-json\/wp\/v2\/weintyp_tax?post=31554"},{"taxonomy":"subskription","embeddable":true,"href":"https:\/\/cantinadelmulino.ch\/fr\/wp-json\/wp\/v2\/subskription?post=31554"}],"curies":[{"name":"wp","href":"https:\/\/api.w.org\/{rel}","templated":true}]}}