{"id":31630,"date":"2026-04-08T01:16:20","date_gmt":"2026-04-08T00:16:20","guid":{"rendered":"https:\/\/cantinadelmulino.ch\/product\/grande-cuvee-dezaley-rouge-aoc-2018\/"},"modified":"2026-04-08T01:16:23","modified_gmt":"2026-04-08T00:16:23","slug":"grande-cuvee-dezaley-rouge-aoc-2018-domaine-louis-bovard-70cl-vin-rouge","status":"publish","type":"product","link":"https:\/\/cantinadelmulino.ch\/fr\/produit\/grande-cuvee-dezaley-rouge-aoc-2018-domaine-louis-bovard-70cl-vin-rouge\/","title":{"rendered":"Grande Cuv\u00e9e D\u00e9zaley rouge AOC | 2018 | Domaine Louis Bovard | 70cl | vin rouge"},"content":{"rendered":"<p>Grande Cuv\u00e9e D\u00e9zaley rouge AOC 2018, Schweiz\/Suisse,\u00a0 Vaud, , vin rouge, Merlot 50% , Syrah 50%, 70cl, 2018, 14%, 70cl, rotes Feisch, Wild, evt. ein Dessert wie schwarze Schokolade,\u00a0 35.1<\/p>\n","protected":false},"excerpt":{"rendered":"<p>Grande Cuv\u00e9e D\u00e9zaley rouge AOC 2018, Schweiz\/Suisse, Vaud, Domaine Louis Bovard, Domaine Louis Bovard, Merlot 50% , Syrah 50%, Merlot 50% , Syrah 50%<\/p>\n","protected":false},"featured_media":0,"comment_status":"closed","ping_status":"closed","template":"","meta":{"_acf_changed":false},"product_brand":[],"product_cat":[17],"product_tag":[],"enthaltene-traubensorte":[1548,1552],"weintyp_tax":[2115],"subskription":[],"class_list":{"0":"post-31630","1":"product","2":"type-product","3":"status-publish","5":"product_cat-uncategorized","6":"enthaltene-traubensorte-merlot","7":"enthaltene-traubensorte-syrah","8":"weintyp_tax-vin-rouge","10":"first","11":"instock","12":"taxable","13":"shipping-taxable","14":"purchasable","15":"product-type-simple"},"acf":[],"publishpress_future_workflow_manual_trigger":{"enabledWorkflows":[]},"_links":{"self":[{"href":"https:\/\/cantinadelmulino.ch\/fr\/wp-json\/wp\/v2\/product\/31630","targetHints":{"allow":["GET"]}}],"collection":[{"href":"https:\/\/cantinadelmulino.ch\/fr\/wp-json\/wp\/v2\/product"}],"about":[{"href":"https:\/\/cantinadelmulino.ch\/fr\/wp-json\/wp\/v2\/types\/product"}],"replies":[{"embeddable":true,"href":"https:\/\/cantinadelmulino.ch\/fr\/wp-json\/wp\/v2\/comments?post=31630"}],"wp:attachment":[{"href":"https:\/\/cantinadelmulino.ch\/fr\/wp-json\/wp\/v2\/media?parent=31630"}],"wp:term":[{"taxonomy":"product_brand","embeddable":true,"href":"https:\/\/cantinadelmulino.ch\/fr\/wp-json\/wp\/v2\/product_brand?post=31630"},{"taxonomy":"product_cat","embeddable":true,"href":"https:\/\/cantinadelmulino.ch\/fr\/wp-json\/wp\/v2\/product_cat?post=31630"},{"taxonomy":"product_tag","embeddable":true,"href":"https:\/\/cantinadelmulino.ch\/fr\/wp-json\/wp\/v2\/product_tag?post=31630"},{"taxonomy":"enthaltene-traubensorte","embeddable":true,"href":"https:\/\/cantinadelmulino.ch\/fr\/wp-json\/wp\/v2\/enthaltene-traubensorte?post=31630"},{"taxonomy":"weintyp_tax","embeddable":true,"href":"https:\/\/cantinadelmulino.ch\/fr\/wp-json\/wp\/v2\/weintyp_tax?post=31630"},{"taxonomy":"subskription","embeddable":true,"href":"https:\/\/cantinadelmulino.ch\/fr\/wp-json\/wp\/v2\/subskription?post=31630"}],"curies":[{"name":"wp","href":"https:\/\/api.w.org\/{rel}","templated":true}]}}