{"id":31650,"date":"2026-04-01T01:12:26","date_gmt":"2026-04-01T00:12:26","guid":{"rendered":"https:\/\/cantinadelmulino.ch\/product\/cepages-nobles-bas-armagnac-a-c-1979\/"},"modified":"2026-04-01T01:12:30","modified_gmt":"2026-04-01T00:12:30","slug":"cepages-nobles-bas-armagnac-a-c-1979-domaine-boingneres-70cl-spiritueux","status":"publish","type":"product","link":"https:\/\/cantinadelmulino.ch\/fr\/produit\/cepages-nobles-bas-armagnac-a-c-1979-domaine-boingneres-70cl-spiritueux\/","title":{"rendered":"C\u00e9pages Nobles Bas-Armagnac A.C. | 1979 | Domaine Boingn\u00e8res | 70cl | spiritueux"},"content":{"rendered":"<p>C\u00e9pages Nobles Bas-Armagnac A.C. 1979, France,\u00a0 Sud-Ouest, , spiritueux, Folle Blanche, Colombard, Ugni Blanc, 70cl, 1979, 48%, 70cl, ,\u00a0 265.5<\/p>\n","protected":false},"excerpt":{"rendered":"<p>C\u00e9pages Nobles Bas-Armagnac A.C. 1979, France, Sud-Ouest, Domaine Boingn\u00e8res, Domaine Boingn\u00e8res, Folle Blanche, Colombard, Ugni Blanc, Folle Blanche, Colombard, Ugni Blanc<\/p>\n","protected":false},"featured_media":0,"comment_status":"closed","ping_status":"closed","template":"","meta":{"_acf_changed":false},"product_brand":[],"product_cat":[17],"product_tag":[],"enthaltene-traubensorte":[1545,1544,1546],"weintyp_tax":[2114],"subskription":[],"class_list":{"0":"post-31650","1":"product","2":"type-product","3":"status-publish","5":"product_cat-uncategorized","6":"enthaltene-traubensorte-colombard","7":"enthaltene-traubensorte-folle-blanche","8":"enthaltene-traubensorte-ugni-blanc","9":"weintyp_tax-spiritueux","11":"first","12":"instock","13":"taxable","14":"shipping-taxable","15":"purchasable","16":"product-type-simple"},"acf":[],"publishpress_future_workflow_manual_trigger":{"enabledWorkflows":[]},"_links":{"self":[{"href":"https:\/\/cantinadelmulino.ch\/fr\/wp-json\/wp\/v2\/product\/31650","targetHints":{"allow":["GET"]}}],"collection":[{"href":"https:\/\/cantinadelmulino.ch\/fr\/wp-json\/wp\/v2\/product"}],"about":[{"href":"https:\/\/cantinadelmulino.ch\/fr\/wp-json\/wp\/v2\/types\/product"}],"replies":[{"embeddable":true,"href":"https:\/\/cantinadelmulino.ch\/fr\/wp-json\/wp\/v2\/comments?post=31650"}],"wp:attachment":[{"href":"https:\/\/cantinadelmulino.ch\/fr\/wp-json\/wp\/v2\/media?parent=31650"}],"wp:term":[{"taxonomy":"product_brand","embeddable":true,"href":"https:\/\/cantinadelmulino.ch\/fr\/wp-json\/wp\/v2\/product_brand?post=31650"},{"taxonomy":"product_cat","embeddable":true,"href":"https:\/\/cantinadelmulino.ch\/fr\/wp-json\/wp\/v2\/product_cat?post=31650"},{"taxonomy":"product_tag","embeddable":true,"href":"https:\/\/cantinadelmulino.ch\/fr\/wp-json\/wp\/v2\/product_tag?post=31650"},{"taxonomy":"enthaltene-traubensorte","embeddable":true,"href":"https:\/\/cantinadelmulino.ch\/fr\/wp-json\/wp\/v2\/enthaltene-traubensorte?post=31650"},{"taxonomy":"weintyp_tax","embeddable":true,"href":"https:\/\/cantinadelmulino.ch\/fr\/wp-json\/wp\/v2\/weintyp_tax?post=31650"},{"taxonomy":"subskription","embeddable":true,"href":"https:\/\/cantinadelmulino.ch\/fr\/wp-json\/wp\/v2\/subskription?post=31650"}],"curies":[{"name":"wp","href":"https:\/\/api.w.org\/{rel}","templated":true}]}}