{"id":31652,"date":"2026-05-06T01:18:34","date_gmt":"2026-05-06T00:18:34","guid":{"rendered":"https:\/\/cantinadelmulino.ch\/product\/vin-mute-a-larmagnac\/"},"modified":"2026-05-06T01:18:37","modified_gmt":"2026-05-06T00:18:37","slug":"vin-mute-a-larmagnac-chateau-de-leberon-75cl-vin-blanc","status":"publish","type":"product","link":"https:\/\/cantinadelmulino.ch\/fr\/produit\/vin-mute-a-larmagnac-chateau-de-leberon-75cl-vin-blanc\/","title":{"rendered":"Vin mut\u00e9 \u00e0 l\u2019Armagnac |  | Ch\u00e2teau de L\u00e9beron | 75cl | vin blanc"},"content":{"rendered":"<p>Vin mut\u00e9 \u00e0 l\u2019Armagnac , France,\u00a0 Sud-Ouest, , vin blanc, Colombard, 75cl, , 17.5%, 75cl, ,\u00a0 31.5<\/p>\n","protected":false},"excerpt":{"rendered":"<p>Vin mut\u00e9 \u00e0 l\u2019Armagnac , France, Sud-Ouest, Ch\u00e2teau de L\u00e9beron, Ch\u00e2teau de L\u00e9beron, Colombard, Colombard<\/p>\n","protected":false},"featured_media":0,"comment_status":"closed","ping_status":"closed","template":"","meta":{"_acf_changed":false},"product_brand":[],"product_cat":[17],"product_tag":[],"enthaltene-traubensorte":[1545],"weintyp_tax":[2116],"subskription":[],"class_list":{"0":"post-31652","1":"product","2":"type-product","3":"status-publish","5":"product_cat-uncategorized","6":"enthaltene-traubensorte-colombard","7":"weintyp_tax-vin-blanc","9":"first","10":"instock","11":"taxable","12":"shipping-taxable","13":"purchasable","14":"product-type-simple"},"acf":[],"publishpress_future_workflow_manual_trigger":{"enabledWorkflows":[]},"_links":{"self":[{"href":"https:\/\/cantinadelmulino.ch\/fr\/wp-json\/wp\/v2\/product\/31652","targetHints":{"allow":["GET"]}}],"collection":[{"href":"https:\/\/cantinadelmulino.ch\/fr\/wp-json\/wp\/v2\/product"}],"about":[{"href":"https:\/\/cantinadelmulino.ch\/fr\/wp-json\/wp\/v2\/types\/product"}],"replies":[{"embeddable":true,"href":"https:\/\/cantinadelmulino.ch\/fr\/wp-json\/wp\/v2\/comments?post=31652"}],"wp:attachment":[{"href":"https:\/\/cantinadelmulino.ch\/fr\/wp-json\/wp\/v2\/media?parent=31652"}],"wp:term":[{"taxonomy":"product_brand","embeddable":true,"href":"https:\/\/cantinadelmulino.ch\/fr\/wp-json\/wp\/v2\/product_brand?post=31652"},{"taxonomy":"product_cat","embeddable":true,"href":"https:\/\/cantinadelmulino.ch\/fr\/wp-json\/wp\/v2\/product_cat?post=31652"},{"taxonomy":"product_tag","embeddable":true,"href":"https:\/\/cantinadelmulino.ch\/fr\/wp-json\/wp\/v2\/product_tag?post=31652"},{"taxonomy":"enthaltene-traubensorte","embeddable":true,"href":"https:\/\/cantinadelmulino.ch\/fr\/wp-json\/wp\/v2\/enthaltene-traubensorte?post=31652"},{"taxonomy":"weintyp_tax","embeddable":true,"href":"https:\/\/cantinadelmulino.ch\/fr\/wp-json\/wp\/v2\/weintyp_tax?post=31652"},{"taxonomy":"subskription","embeddable":true,"href":"https:\/\/cantinadelmulino.ch\/fr\/wp-json\/wp\/v2\/subskription?post=31652"}],"curies":[{"name":"wp","href":"https:\/\/api.w.org\/{rel}","templated":true}]}}