{"id":31653,"date":"2026-04-29T01:18:38","date_gmt":"2026-04-29T00:18:38","guid":{"rendered":"https:\/\/cantinadelmulino.ch\/product\/solera-armaganc-tenareze-a-c-2001\/"},"modified":"2026-04-29T01:18:41","modified_gmt":"2026-04-29T00:18:41","slug":"solera-armaganc-tenareze-a-c-2001-chateau-de-leberon-70cl-spiritueux","status":"publish","type":"product","link":"https:\/\/cantinadelmulino.ch\/fr\/produit\/solera-armaganc-tenareze-a-c-2001-chateau-de-leberon-70cl-spiritueux\/","title":{"rendered":"Solera Armaganc T\u00e9nar\u00e8ze A.C. | 2001 | Ch\u00e2teau de L\u00e9beron | 70cl | spiritueux"},"content":{"rendered":"<p>Solera Armaganc T\u00e9nar\u00e8ze A.C. 2001, France,\u00a0 Sud-Ouest, , spiritueux, Ugni blanc 65%, Colombard 35%, 70cl, 2001, 43.2%, 70cl, ,\u00a0 79.2<\/p>\n","protected":false},"excerpt":{"rendered":"<p>Solera Armaganc T\u00e9nar\u00e8ze A.C. 2001, France, Sud-Ouest, Ch\u00e2teau de L\u00e9beron, Ch\u00e2teau de L\u00e9beron, Ugni blanc 65%, Colombard 35%, Ugni blanc 65%, Colombard 35%<\/p>\n","protected":false},"featured_media":0,"comment_status":"closed","ping_status":"closed","template":"","meta":{"_acf_changed":false},"product_brand":[],"product_cat":[17],"product_tag":[],"enthaltene-traubensorte":[1545,1546],"weintyp_tax":[2114],"subskription":[],"class_list":{"0":"post-31653","1":"product","2":"type-product","3":"status-publish","5":"product_cat-uncategorized","6":"enthaltene-traubensorte-colombard","7":"enthaltene-traubensorte-ugni-blanc","8":"weintyp_tax-spiritueux","10":"first","11":"instock","12":"taxable","13":"shipping-taxable","14":"purchasable","15":"product-type-simple"},"acf":[],"publishpress_future_workflow_manual_trigger":{"enabledWorkflows":[]},"_links":{"self":[{"href":"https:\/\/cantinadelmulino.ch\/fr\/wp-json\/wp\/v2\/product\/31653","targetHints":{"allow":["GET"]}}],"collection":[{"href":"https:\/\/cantinadelmulino.ch\/fr\/wp-json\/wp\/v2\/product"}],"about":[{"href":"https:\/\/cantinadelmulino.ch\/fr\/wp-json\/wp\/v2\/types\/product"}],"replies":[{"embeddable":true,"href":"https:\/\/cantinadelmulino.ch\/fr\/wp-json\/wp\/v2\/comments?post=31653"}],"wp:attachment":[{"href":"https:\/\/cantinadelmulino.ch\/fr\/wp-json\/wp\/v2\/media?parent=31653"}],"wp:term":[{"taxonomy":"product_brand","embeddable":true,"href":"https:\/\/cantinadelmulino.ch\/fr\/wp-json\/wp\/v2\/product_brand?post=31653"},{"taxonomy":"product_cat","embeddable":true,"href":"https:\/\/cantinadelmulino.ch\/fr\/wp-json\/wp\/v2\/product_cat?post=31653"},{"taxonomy":"product_tag","embeddable":true,"href":"https:\/\/cantinadelmulino.ch\/fr\/wp-json\/wp\/v2\/product_tag?post=31653"},{"taxonomy":"enthaltene-traubensorte","embeddable":true,"href":"https:\/\/cantinadelmulino.ch\/fr\/wp-json\/wp\/v2\/enthaltene-traubensorte?post=31653"},{"taxonomy":"weintyp_tax","embeddable":true,"href":"https:\/\/cantinadelmulino.ch\/fr\/wp-json\/wp\/v2\/weintyp_tax?post=31653"},{"taxonomy":"subskription","embeddable":true,"href":"https:\/\/cantinadelmulino.ch\/fr\/wp-json\/wp\/v2\/subskription?post=31653"}],"curies":[{"name":"wp","href":"https:\/\/api.w.org\/{rel}","templated":true}]}}