{"id":31828,"date":"2026-04-29T01:18:57","date_gmt":"2026-04-29T00:18:57","guid":{"rendered":"https:\/\/cantinadelmulino.ch\/product\/escolma-ribeiro-do-2015\/"},"modified":"2026-04-29T01:18:58","modified_gmt":"2026-04-29T00:18:58","slug":"escolma-ribeiro-do-2015-vina-de-martin-75cl-vin-blanc","status":"publish","type":"product","link":"https:\/\/cantinadelmulino.ch\/fr\/produit\/escolma-ribeiro-do-2015-vina-de-martin-75cl-vin-blanc\/","title":{"rendered":"Escolma Ribeiro DO | 2015 | Vi\u00f1a de Martin | 75cl | vin blanc"},"content":{"rendered":"<p>Escolma Ribeiro DO 2015, Espa\u00f1a,\u00a0 Galic\u00eda, , vin blanc, Treixadura, Torront\u00e9s, Lado, Albari\u00f1o, 75cl, 2015, 13%, 75cl, Pilzgerichte, Poulet aus dem Ofen, Fondue Chinoise, Chateaubriand an Sauce b\u00e9arnaise,\u00a0 42.3<\/p>\n","protected":false},"excerpt":{"rendered":"<p>Escolma Ribeiro DO 2015, Espa\u00f1a, Galic\u00eda, Vi\u00f1a de Martin, Vi\u00f1a de Martin, Treixadura, Torront\u00e9s, Lado, Albari\u00f1o, Treixadura, Torront\u00e9s, Lado, Albari\u00f1o<\/p>\n","protected":false},"featured_media":0,"comment_status":"closed","ping_status":"closed","template":"","meta":{"_acf_changed":false},"product_brand":[],"product_cat":[17],"product_tag":[],"enthaltene-traubensorte":[1634,1647,1646,1645],"weintyp_tax":[2116],"subskription":[],"class_list":{"0":"post-31828","1":"product","2":"type-product","3":"status-publish","5":"product_cat-uncategorized","6":"enthaltene-traubensorte-albarino","7":"enthaltene-traubensorte-lado","8":"enthaltene-traubensorte-torrontes","9":"enthaltene-traubensorte-treixadura","10":"weintyp_tax-vin-blanc","12":"first","13":"instock","14":"taxable","15":"shipping-taxable","16":"purchasable","17":"product-type-simple"},"acf":[],"publishpress_future_workflow_manual_trigger":{"enabledWorkflows":[]},"_links":{"self":[{"href":"https:\/\/cantinadelmulino.ch\/fr\/wp-json\/wp\/v2\/product\/31828","targetHints":{"allow":["GET"]}}],"collection":[{"href":"https:\/\/cantinadelmulino.ch\/fr\/wp-json\/wp\/v2\/product"}],"about":[{"href":"https:\/\/cantinadelmulino.ch\/fr\/wp-json\/wp\/v2\/types\/product"}],"replies":[{"embeddable":true,"href":"https:\/\/cantinadelmulino.ch\/fr\/wp-json\/wp\/v2\/comments?post=31828"}],"wp:attachment":[{"href":"https:\/\/cantinadelmulino.ch\/fr\/wp-json\/wp\/v2\/media?parent=31828"}],"wp:term":[{"taxonomy":"product_brand","embeddable":true,"href":"https:\/\/cantinadelmulino.ch\/fr\/wp-json\/wp\/v2\/product_brand?post=31828"},{"taxonomy":"product_cat","embeddable":true,"href":"https:\/\/cantinadelmulino.ch\/fr\/wp-json\/wp\/v2\/product_cat?post=31828"},{"taxonomy":"product_tag","embeddable":true,"href":"https:\/\/cantinadelmulino.ch\/fr\/wp-json\/wp\/v2\/product_tag?post=31828"},{"taxonomy":"enthaltene-traubensorte","embeddable":true,"href":"https:\/\/cantinadelmulino.ch\/fr\/wp-json\/wp\/v2\/enthaltene-traubensorte?post=31828"},{"taxonomy":"weintyp_tax","embeddable":true,"href":"https:\/\/cantinadelmulino.ch\/fr\/wp-json\/wp\/v2\/weintyp_tax?post=31828"},{"taxonomy":"subskription","embeddable":true,"href":"https:\/\/cantinadelmulino.ch\/fr\/wp-json\/wp\/v2\/subskription?post=31828"}],"curies":[{"name":"wp","href":"https:\/\/api.w.org\/{rel}","templated":true}]}}