{"id":31863,"date":"2026-04-08T01:16:37","date_gmt":"2026-04-08T00:16:37","guid":{"rendered":"https:\/\/cantinadelmulino.ch\/product\/lepervier-blanc-la-clape-aop-2019\/"},"modified":"2026-04-08T01:16:39","modified_gmt":"2026-04-08T00:16:39","slug":"lepervier-blanc-la-clape-aop-2019-chateau-pech-redon-75cl-vin-blanc","status":"publish","type":"product","link":"https:\/\/cantinadelmulino.ch\/fr\/produit\/lepervier-blanc-la-clape-aop-2019-chateau-pech-redon-75cl-vin-blanc\/","title":{"rendered":"L\u2019\u00e9pervier blanc La Clape AOP | 2019 | Ch\u00e2teau Pech Redon | 75cl | vin blanc"},"content":{"rendered":"<p>L\u2019\u00e9pervier blanc La Clape AOP 2019, France,\u00a0 Languedoc, , vin blanc, Bourboulenc, Grenache Blanc, Clairette, Piquepoul blanc, Viognier, Roussanne, Marsanne, 75cl, 2019, 13.5%, 75cl, Aperitif, Fischgerichte,\u00a0 17.1<\/p>\n","protected":false},"excerpt":{"rendered":"<p>L\u2019\u00e9pervier blanc La Clape AOP 2019, France, Languedoc, Ch\u00e2teau Pech Redon, Ch\u00e2teau Pech Redon, Bourboulenc, Grenache Blanc, Clairette, Piquepoul blanc, Viognier, Roussanne, Marsanne, Bourboulenc, Grenache Blanc, Clairette, Piquepoul blanc, Viognier, Roussanne, Marsanne<\/p>\n","protected":false},"featured_media":0,"comment_status":"closed","ping_status":"closed","template":"","meta":{"_acf_changed":false},"product_brand":[],"product_cat":[17],"product_tag":[],"enthaltene-traubensorte":[1603,1556,1560,1559,2211,1558,1635],"weintyp_tax":[2116],"subskription":[],"class_list":{"0":"post-31863","1":"product","2":"type-product","3":"status-publish","5":"product_cat-uncategorized","6":"enthaltene-traubensorte-bourboulenc","7":"enthaltene-traubensorte-clairette","8":"enthaltene-traubensorte-grenache-blanc","9":"enthaltene-traubensorte-marsanne","10":"enthaltene-traubensorte-piquepoul-blanc","11":"enthaltene-traubensorte-roussanne","12":"enthaltene-traubensorte-viognier","13":"weintyp_tax-vin-blanc","15":"first","16":"instock","17":"taxable","18":"shipping-taxable","19":"purchasable","20":"product-type-simple"},"acf":[],"publishpress_future_workflow_manual_trigger":{"enabledWorkflows":[]},"_links":{"self":[{"href":"https:\/\/cantinadelmulino.ch\/fr\/wp-json\/wp\/v2\/product\/31863","targetHints":{"allow":["GET"]}}],"collection":[{"href":"https:\/\/cantinadelmulino.ch\/fr\/wp-json\/wp\/v2\/product"}],"about":[{"href":"https:\/\/cantinadelmulino.ch\/fr\/wp-json\/wp\/v2\/types\/product"}],"replies":[{"embeddable":true,"href":"https:\/\/cantinadelmulino.ch\/fr\/wp-json\/wp\/v2\/comments?post=31863"}],"wp:attachment":[{"href":"https:\/\/cantinadelmulino.ch\/fr\/wp-json\/wp\/v2\/media?parent=31863"}],"wp:term":[{"taxonomy":"product_brand","embeddable":true,"href":"https:\/\/cantinadelmulino.ch\/fr\/wp-json\/wp\/v2\/product_brand?post=31863"},{"taxonomy":"product_cat","embeddable":true,"href":"https:\/\/cantinadelmulino.ch\/fr\/wp-json\/wp\/v2\/product_cat?post=31863"},{"taxonomy":"product_tag","embeddable":true,"href":"https:\/\/cantinadelmulino.ch\/fr\/wp-json\/wp\/v2\/product_tag?post=31863"},{"taxonomy":"enthaltene-traubensorte","embeddable":true,"href":"https:\/\/cantinadelmulino.ch\/fr\/wp-json\/wp\/v2\/enthaltene-traubensorte?post=31863"},{"taxonomy":"weintyp_tax","embeddable":true,"href":"https:\/\/cantinadelmulino.ch\/fr\/wp-json\/wp\/v2\/weintyp_tax?post=31863"},{"taxonomy":"subskription","embeddable":true,"href":"https:\/\/cantinadelmulino.ch\/fr\/wp-json\/wp\/v2\/subskription?post=31863"}],"curies":[{"name":"wp","href":"https:\/\/api.w.org\/{rel}","templated":true}]}}