{"id":31985,"date":"2026-04-08T01:16:45","date_gmt":"2026-04-08T00:16:45","guid":{"rendered":"https:\/\/cantinadelmulino.ch\/product\/le-carre-des-fantomes-armagnac-parcellaire-armagnac-tenareze-a-c\/"},"modified":"2026-04-08T01:16:46","modified_gmt":"2026-04-08T00:16:46","slug":"le-carre-des-fantomes-armagnac-parcellaire-armagnac-tenareze-a-c-domaine-daurensan-70cl-spiritueux","status":"publish","type":"product","link":"https:\/\/cantinadelmulino.ch\/fr\/produit\/le-carre-des-fantomes-armagnac-parcellaire-armagnac-tenareze-a-c-domaine-daurensan-70cl-spiritueux\/","title":{"rendered":"Le carr\u00e9 des fant\u00f4mes, Armagnac parcellaire Armagnac-T\u00e9nar\u00e8ze A.C. |  | Domaine d\u2019Aurensan | 70cl | spiritueux"},"content":{"rendered":"<p>Le carr\u00e9 des fant\u00f4mes, Armagnac parcellaire Armagnac-T\u00e9nar\u00e8ze A.C. , France,\u00a0 Sud-Ouest, , spiritueux, Plant de Graisse, Meslier St Franc\u0327ois, Mauzac blanc, Mauzac rose\u0301, Clairette de Gascogne, Juranc\u0327on Blanc, 70cl, , 46%, 70cl, ,\u00a0 82.8<\/p>\n","protected":false},"excerpt":{"rendered":"<p>Le carr\u00e9 des fant\u00f4mes, Armagnac parcellaire Armagnac-T\u00e9nar\u00e8ze A.C. , France, Sud-Ouest, Domaine d\u2019Aurensan, Domaine d\u2019Aurensan, Plant de Graisse, Meslier St Franc\u0327ois, Mauzac blanc, Mauzac rose\u0301, Clairette de Gascogne, Juranc\u0327on Blanc, Plant de Graisse, Meslier St Franc\u0327ois, Mauzac blanc, Mauzac rose\u0301, Clairette de Gascogne, Juranc\u0327on Blanc<\/p>\n","protected":false},"featured_media":0,"comment_status":"closed","ping_status":"closed","template":"","meta":{"_acf_changed":false},"product_brand":[],"product_cat":[17],"product_tag":[],"enthaltene-traubensorte":[1850,1851,1848,1849,1847,1846],"weintyp_tax":[2114],"subskription":[],"class_list":{"0":"post-31985","1":"product","2":"type-product","3":"status-publish","5":"product_cat-uncategorized","6":"enthaltene-traubensorte-clairette-de-gascogne","7":"enthaltene-traubensorte-juranon-blanc","8":"enthaltene-traubensorte-mauzac-blanc","9":"enthaltene-traubensorte-mauzac-ros","10":"enthaltene-traubensorte-meslier-st-franois","11":"enthaltene-traubensorte-plant-de-graisse","12":"weintyp_tax-spiritueux","14":"first","15":"instock","16":"taxable","17":"shipping-taxable","18":"purchasable","19":"product-type-simple"},"acf":[],"publishpress_future_workflow_manual_trigger":{"enabledWorkflows":[]},"_links":{"self":[{"href":"https:\/\/cantinadelmulino.ch\/fr\/wp-json\/wp\/v2\/product\/31985","targetHints":{"allow":["GET"]}}],"collection":[{"href":"https:\/\/cantinadelmulino.ch\/fr\/wp-json\/wp\/v2\/product"}],"about":[{"href":"https:\/\/cantinadelmulino.ch\/fr\/wp-json\/wp\/v2\/types\/product"}],"replies":[{"embeddable":true,"href":"https:\/\/cantinadelmulino.ch\/fr\/wp-json\/wp\/v2\/comments?post=31985"}],"wp:attachment":[{"href":"https:\/\/cantinadelmulino.ch\/fr\/wp-json\/wp\/v2\/media?parent=31985"}],"wp:term":[{"taxonomy":"product_brand","embeddable":true,"href":"https:\/\/cantinadelmulino.ch\/fr\/wp-json\/wp\/v2\/product_brand?post=31985"},{"taxonomy":"product_cat","embeddable":true,"href":"https:\/\/cantinadelmulino.ch\/fr\/wp-json\/wp\/v2\/product_cat?post=31985"},{"taxonomy":"product_tag","embeddable":true,"href":"https:\/\/cantinadelmulino.ch\/fr\/wp-json\/wp\/v2\/product_tag?post=31985"},{"taxonomy":"enthaltene-traubensorte","embeddable":true,"href":"https:\/\/cantinadelmulino.ch\/fr\/wp-json\/wp\/v2\/enthaltene-traubensorte?post=31985"},{"taxonomy":"weintyp_tax","embeddable":true,"href":"https:\/\/cantinadelmulino.ch\/fr\/wp-json\/wp\/v2\/weintyp_tax?post=31985"},{"taxonomy":"subskription","embeddable":true,"href":"https:\/\/cantinadelmulino.ch\/fr\/wp-json\/wp\/v2\/subskription?post=31985"}],"curies":[{"name":"wp","href":"https:\/\/api.w.org\/{rel}","templated":true}]}}