{"id":31998,"date":"2026-04-08T01:16:45","date_gmt":"2026-04-08T00:16:45","guid":{"rendered":"https:\/\/cantinadelmulino.ch\/product\/les-ouvrees-terrasses-du-larzac-a-c-2018\/"},"modified":"2026-04-08T01:16:47","modified_gmt":"2026-04-08T00:16:47","slug":"les-ouvrees-terrasses-du-larzac-a-c-2018-clos-de-la-barthassade-150cl-vin-rouge","status":"publish","type":"product","link":"https:\/\/cantinadelmulino.ch\/fr\/produit\/les-ouvrees-terrasses-du-larzac-a-c-2018-clos-de-la-barthassade-150cl-vin-rouge\/","title":{"rendered":"Les Ouvr\u00e9es Terrasses du Larzac A.C. | 2018 | Clos de la Barthassade | 150cl | vin rouge"},"content":{"rendered":"<p>Les Ouvr\u00e9es Terrasses du Larzac A.C. 2018, France,\u00a0 Languedoc, , vin rouge, Syrah 55%, Mourv\u00e8dre 30%, Grenache noir 15%, 150cl, 2018, , 150cl, ,\u00a0 50.4<\/p>\n","protected":false},"excerpt":{"rendered":"<p>Les Ouvr\u00e9es Terrasses du Larzac A.C. 2018, France, Languedoc, Clos de la Barthassade, Clos de la Barthassade, Syrah 55%, Mourv\u00e8dre 30%, Grenache noir 15%, Syrah 55%, Mourv\u00e8dre 30%, Grenache noir 15%<\/p>\n","protected":false},"featured_media":0,"comment_status":"closed","ping_status":"closed","template":"","meta":{"_acf_changed":false},"product_brand":[],"product_cat":[17],"product_tag":[],"enthaltene-traubensorte":[1573,1551,1552],"weintyp_tax":[2115],"subskription":[],"class_list":{"0":"post-31998","1":"product","2":"type-product","3":"status-publish","5":"product_cat-uncategorized","6":"enthaltene-traubensorte-grenache-noir","7":"enthaltene-traubensorte-mourvedre","8":"enthaltene-traubensorte-syrah","9":"weintyp_tax-vin-rouge","11":"first","12":"instock","13":"taxable","14":"shipping-taxable","15":"purchasable","16":"product-type-simple"},"acf":[],"publishpress_future_workflow_manual_trigger":{"enabledWorkflows":[]},"_links":{"self":[{"href":"https:\/\/cantinadelmulino.ch\/fr\/wp-json\/wp\/v2\/product\/31998","targetHints":{"allow":["GET"]}}],"collection":[{"href":"https:\/\/cantinadelmulino.ch\/fr\/wp-json\/wp\/v2\/product"}],"about":[{"href":"https:\/\/cantinadelmulino.ch\/fr\/wp-json\/wp\/v2\/types\/product"}],"replies":[{"embeddable":true,"href":"https:\/\/cantinadelmulino.ch\/fr\/wp-json\/wp\/v2\/comments?post=31998"}],"wp:attachment":[{"href":"https:\/\/cantinadelmulino.ch\/fr\/wp-json\/wp\/v2\/media?parent=31998"}],"wp:term":[{"taxonomy":"product_brand","embeddable":true,"href":"https:\/\/cantinadelmulino.ch\/fr\/wp-json\/wp\/v2\/product_brand?post=31998"},{"taxonomy":"product_cat","embeddable":true,"href":"https:\/\/cantinadelmulino.ch\/fr\/wp-json\/wp\/v2\/product_cat?post=31998"},{"taxonomy":"product_tag","embeddable":true,"href":"https:\/\/cantinadelmulino.ch\/fr\/wp-json\/wp\/v2\/product_tag?post=31998"},{"taxonomy":"enthaltene-traubensorte","embeddable":true,"href":"https:\/\/cantinadelmulino.ch\/fr\/wp-json\/wp\/v2\/enthaltene-traubensorte?post=31998"},{"taxonomy":"weintyp_tax","embeddable":true,"href":"https:\/\/cantinadelmulino.ch\/fr\/wp-json\/wp\/v2\/weintyp_tax?post=31998"},{"taxonomy":"subskription","embeddable":true,"href":"https:\/\/cantinadelmulino.ch\/fr\/wp-json\/wp\/v2\/subskription?post=31998"}],"curies":[{"name":"wp","href":"https:\/\/api.w.org\/{rel}","templated":true}]}}