{"id":32043,"date":"2026-04-08T01:16:45","date_gmt":"2026-04-08T00:16:45","guid":{"rendered":"https:\/\/cantinadelmulino.ch\/product\/amethyste-cote-rotie-a-c-2017-2\/"},"modified":"2026-04-08T01:16:49","modified_gmt":"2026-04-08T00:16:49","slug":"amethyste-cote-rotie-a-c-2017-vignobles-levet-150cl-vin-rouge","status":"publish","type":"product","link":"https:\/\/cantinadelmulino.ch\/fr\/produit\/amethyste-cote-rotie-a-c-2017-vignobles-levet-150cl-vin-rouge\/","title":{"rendered":"Am\u00e9thyste C\u00f4te-R\u00f4tie A.C. | 2017 | Vignobles Levet | 150cl | vin rouge"},"content":{"rendered":"<p>Am\u00e9thyste C\u00f4te-R\u00f4tie A.C. 2017, France,\u00a0 Rh\u00f4ne, , vin rouge, Petite Serine (vieille vari\u00e9t\u00e9 de Syrah), 150cl, 2017, , 150cl, Filet mignon im Teig, C\u00f4te de Boeuf,\u00a0 99<\/p>\n","protected":false},"excerpt":{"rendered":"<p>Am\u00e9thyste C\u00f4te-R\u00f4tie A.C. 2017, France, Rh\u00f4ne, Vignobles Levet, Vignobles Levet, Petite Serine (vieille vari\u00e9t\u00e9 de Syrah), Petite Serine (vieille vari\u00e9t\u00e9 de Syrah)<\/p>\n","protected":false},"featured_media":0,"comment_status":"closed","ping_status":"closed","template":"","meta":{"_acf_changed":false},"product_brand":[],"product_cat":[17],"product_tag":[],"enthaltene-traubensorte":[1595],"weintyp_tax":[2115],"subskription":[],"class_list":{"0":"post-32043","1":"product","2":"type-product","3":"status-publish","5":"product_cat-uncategorized","6":"enthaltene-traubensorte-petite-serine-vieille-variete-de-syrah","7":"weintyp_tax-vin-rouge","9":"first","10":"instock","11":"taxable","12":"shipping-taxable","13":"purchasable","14":"product-type-simple"},"acf":[],"publishpress_future_workflow_manual_trigger":{"enabledWorkflows":[]},"_links":{"self":[{"href":"https:\/\/cantinadelmulino.ch\/fr\/wp-json\/wp\/v2\/product\/32043","targetHints":{"allow":["GET"]}}],"collection":[{"href":"https:\/\/cantinadelmulino.ch\/fr\/wp-json\/wp\/v2\/product"}],"about":[{"href":"https:\/\/cantinadelmulino.ch\/fr\/wp-json\/wp\/v2\/types\/product"}],"replies":[{"embeddable":true,"href":"https:\/\/cantinadelmulino.ch\/fr\/wp-json\/wp\/v2\/comments?post=32043"}],"wp:attachment":[{"href":"https:\/\/cantinadelmulino.ch\/fr\/wp-json\/wp\/v2\/media?parent=32043"}],"wp:term":[{"taxonomy":"product_brand","embeddable":true,"href":"https:\/\/cantinadelmulino.ch\/fr\/wp-json\/wp\/v2\/product_brand?post=32043"},{"taxonomy":"product_cat","embeddable":true,"href":"https:\/\/cantinadelmulino.ch\/fr\/wp-json\/wp\/v2\/product_cat?post=32043"},{"taxonomy":"product_tag","embeddable":true,"href":"https:\/\/cantinadelmulino.ch\/fr\/wp-json\/wp\/v2\/product_tag?post=32043"},{"taxonomy":"enthaltene-traubensorte","embeddable":true,"href":"https:\/\/cantinadelmulino.ch\/fr\/wp-json\/wp\/v2\/enthaltene-traubensorte?post=32043"},{"taxonomy":"weintyp_tax","embeddable":true,"href":"https:\/\/cantinadelmulino.ch\/fr\/wp-json\/wp\/v2\/weintyp_tax?post=32043"},{"taxonomy":"subskription","embeddable":true,"href":"https:\/\/cantinadelmulino.ch\/fr\/wp-json\/wp\/v2\/subskription?post=32043"}],"curies":[{"name":"wp","href":"https:\/\/api.w.org\/{rel}","templated":true}]}}