{"id":32128,"date":"2026-04-29T01:19:22","date_gmt":"2026-04-29T00:19:22","guid":{"rendered":"https:\/\/cantinadelmulino.ch\/product\/vialliere-cote-rotie-a-c-2018-2\/"},"modified":"2026-04-29T01:19:22","modified_gmt":"2026-04-29T00:19:22","slug":"vialliere-cote-rotie-a-c-2018-domaine-clusel-roch-150cl-vin-rouge","status":"publish","type":"product","link":"https:\/\/cantinadelmulino.ch\/fr\/produit\/vialliere-cote-rotie-a-c-2018-domaine-clusel-roch-150cl-vin-rouge\/","title":{"rendered":"Vialli\u00e8re C\u00f4te-R\u00f4tie A.C. | 2018 | Domaine Clusel-Roch | 150cl | vin rouge"},"content":{"rendered":"<p>Vialli\u00e8re C\u00f4te-R\u00f4tie A.C. 2018, France,\u00a0 Rh\u00f4ne, , vin rouge, Syrah, 150cl, 2018, , 150cl, Rindsfilet, Rinsbraten an Sauce, Rehr\u00fccken, Pilzgerichte,\u00a0 142.2<\/p>\n","protected":false},"excerpt":{"rendered":"<p>Vialli\u00e8re C\u00f4te-R\u00f4tie A.C. 2018, France, Rh\u00f4ne, Domaine Clusel-Roch, Domaine Clusel-Roch, Syrah, Syrah<\/p>\n","protected":false},"featured_media":0,"comment_status":"closed","ping_status":"closed","template":"","meta":{"_acf_changed":false},"product_brand":[],"product_cat":[17],"product_tag":[],"enthaltene-traubensorte":[1552],"weintyp_tax":[2115],"subskription":[],"class_list":{"0":"post-32128","1":"product","2":"type-product","3":"status-publish","5":"product_cat-uncategorized","6":"enthaltene-traubensorte-syrah","7":"weintyp_tax-vin-rouge","9":"first","10":"instock","11":"taxable","12":"shipping-taxable","13":"purchasable","14":"product-type-simple"},"acf":[],"publishpress_future_workflow_manual_trigger":{"enabledWorkflows":[]},"_links":{"self":[{"href":"https:\/\/cantinadelmulino.ch\/fr\/wp-json\/wp\/v2\/product\/32128","targetHints":{"allow":["GET"]}}],"collection":[{"href":"https:\/\/cantinadelmulino.ch\/fr\/wp-json\/wp\/v2\/product"}],"about":[{"href":"https:\/\/cantinadelmulino.ch\/fr\/wp-json\/wp\/v2\/types\/product"}],"replies":[{"embeddable":true,"href":"https:\/\/cantinadelmulino.ch\/fr\/wp-json\/wp\/v2\/comments?post=32128"}],"wp:attachment":[{"href":"https:\/\/cantinadelmulino.ch\/fr\/wp-json\/wp\/v2\/media?parent=32128"}],"wp:term":[{"taxonomy":"product_brand","embeddable":true,"href":"https:\/\/cantinadelmulino.ch\/fr\/wp-json\/wp\/v2\/product_brand?post=32128"},{"taxonomy":"product_cat","embeddable":true,"href":"https:\/\/cantinadelmulino.ch\/fr\/wp-json\/wp\/v2\/product_cat?post=32128"},{"taxonomy":"product_tag","embeddable":true,"href":"https:\/\/cantinadelmulino.ch\/fr\/wp-json\/wp\/v2\/product_tag?post=32128"},{"taxonomy":"enthaltene-traubensorte","embeddable":true,"href":"https:\/\/cantinadelmulino.ch\/fr\/wp-json\/wp\/v2\/enthaltene-traubensorte?post=32128"},{"taxonomy":"weintyp_tax","embeddable":true,"href":"https:\/\/cantinadelmulino.ch\/fr\/wp-json\/wp\/v2\/weintyp_tax?post=32128"},{"taxonomy":"subskription","embeddable":true,"href":"https:\/\/cantinadelmulino.ch\/fr\/wp-json\/wp\/v2\/subskription?post=32128"}],"curies":[{"name":"wp","href":"https:\/\/api.w.org\/{rel}","templated":true}]}}