{"id":32228,"date":"2026-04-08T01:16:59","date_gmt":"2026-04-08T00:16:59","guid":{"rendered":"https:\/\/cantinadelmulino.ch\/product\/fruhenberg-spatburgunder-trocken-2019\/"},"modified":"2026-04-08T01:16:59","modified_gmt":"2026-04-08T00:16:59","slug":"fruhenberg-spatburgunder-trocken-2019-peter-jakob-kuhn-75cl-vin-rouge","status":"publish","type":"product","link":"https:\/\/cantinadelmulino.ch\/fr\/produit\/fruhenberg-spatburgunder-trocken-2019-peter-jakob-kuhn-75cl-vin-rouge\/","title":{"rendered":"Fr\u00fchenberg Sp\u00e4tburgunder trocken | 2019 | Peter Jakob K\u00fchn | 75cl | vin rouge"},"content":{"rendered":"<p>Fr\u00fchenberg Sp\u00e4tburgunder trocken 2019, Deutschland,\u00a0 Rheingau, , vin rouge, Sp\u00e4tburgunder, 75cl, 2019, , 75cl, ,\u00a0 49.5<\/p>\n","protected":false},"excerpt":{"rendered":"<p>Fr\u00fchenberg Sp\u00e4tburgunder trocken 2019, Deutschland, Rheingau, Peter Jakob K\u00fchn, Peter Jakob K\u00fchn, Sp\u00e4tburgunder, Sp\u00e4tburgunder<\/p>\n","protected":false},"featured_media":0,"comment_status":"closed","ping_status":"closed","template":"","meta":{"_acf_changed":false},"product_brand":[],"product_cat":[17],"product_tag":[],"enthaltene-traubensorte":[2155],"weintyp_tax":[2115],"subskription":[],"class_list":{"0":"post-32228","1":"product","2":"type-product","3":"status-publish","5":"product_cat-uncategorized","6":"enthaltene-traubensorte-spaetburgunder","7":"weintyp_tax-vin-rouge","9":"first","10":"instock","11":"taxable","12":"shipping-taxable","13":"purchasable","14":"product-type-simple"},"acf":[],"publishpress_future_workflow_manual_trigger":{"enabledWorkflows":[]},"_links":{"self":[{"href":"https:\/\/cantinadelmulino.ch\/fr\/wp-json\/wp\/v2\/product\/32228","targetHints":{"allow":["GET"]}}],"collection":[{"href":"https:\/\/cantinadelmulino.ch\/fr\/wp-json\/wp\/v2\/product"}],"about":[{"href":"https:\/\/cantinadelmulino.ch\/fr\/wp-json\/wp\/v2\/types\/product"}],"replies":[{"embeddable":true,"href":"https:\/\/cantinadelmulino.ch\/fr\/wp-json\/wp\/v2\/comments?post=32228"}],"wp:attachment":[{"href":"https:\/\/cantinadelmulino.ch\/fr\/wp-json\/wp\/v2\/media?parent=32228"}],"wp:term":[{"taxonomy":"product_brand","embeddable":true,"href":"https:\/\/cantinadelmulino.ch\/fr\/wp-json\/wp\/v2\/product_brand?post=32228"},{"taxonomy":"product_cat","embeddable":true,"href":"https:\/\/cantinadelmulino.ch\/fr\/wp-json\/wp\/v2\/product_cat?post=32228"},{"taxonomy":"product_tag","embeddable":true,"href":"https:\/\/cantinadelmulino.ch\/fr\/wp-json\/wp\/v2\/product_tag?post=32228"},{"taxonomy":"enthaltene-traubensorte","embeddable":true,"href":"https:\/\/cantinadelmulino.ch\/fr\/wp-json\/wp\/v2\/enthaltene-traubensorte?post=32228"},{"taxonomy":"weintyp_tax","embeddable":true,"href":"https:\/\/cantinadelmulino.ch\/fr\/wp-json\/wp\/v2\/weintyp_tax?post=32228"},{"taxonomy":"subskription","embeddable":true,"href":"https:\/\/cantinadelmulino.ch\/fr\/wp-json\/wp\/v2\/subskription?post=32228"}],"curies":[{"name":"wp","href":"https:\/\/api.w.org\/{rel}","templated":true}]}}