{"id":32281,"date":"2026-04-29T01:19:27","date_gmt":"2026-04-29T00:19:27","guid":{"rendered":"https:\/\/cantinadelmulino.ch\/product\/armagnac-tenareze-a-c-2000\/"},"modified":"2026-04-29T01:19:27","modified_gmt":"2026-04-29T00:19:27","slug":"armagnac-tenareze-a-c-2000-chateau-de-leberon-50cl-spiritueux","status":"publish","type":"product","link":"https:\/\/cantinadelmulino.ch\/fr\/produit\/armagnac-tenareze-a-c-2000-chateau-de-leberon-50cl-spiritueux\/","title":{"rendered":"Armagnac-T\u00e9nar\u00e8ze A.C. | 2000 | Ch\u00e2teau de L\u00e9beron | 50cl | spiritueux"},"content":{"rendered":"<p>Armagnac-T\u00e9nar\u00e8ze A.C. 2000, France,\u00a0 Sud-Ouest, , spiritueux, Ugni-blanc, Colombard, 50cl, 2000, 46%, 50cl, ,\u00a0 94.5<\/p>\n","protected":false},"excerpt":{"rendered":"<p>Armagnac-T\u00e9nar\u00e8ze A.C. 2000, France, Sud-Ouest, Ch\u00e2teau de L\u00e9beron, Ch\u00e2teau de L\u00e9beron, Ugni-blanc, Colombard, Ugni-blanc, Colombard<\/p>\n","protected":false},"featured_media":0,"comment_status":"closed","ping_status":"closed","template":"","meta":{"_acf_changed":false},"product_brand":[],"product_cat":[17],"product_tag":[],"enthaltene-traubensorte":[1545,1546],"weintyp_tax":[2114],"subskription":[],"class_list":{"0":"post-32281","1":"product","2":"type-product","3":"status-publish","5":"product_cat-uncategorized","6":"enthaltene-traubensorte-colombard","7":"enthaltene-traubensorte-ugni-blanc","8":"weintyp_tax-spiritueux","10":"first","11":"instock","12":"taxable","13":"shipping-taxable","14":"purchasable","15":"product-type-simple"},"acf":[],"publishpress_future_workflow_manual_trigger":{"enabledWorkflows":[]},"_links":{"self":[{"href":"https:\/\/cantinadelmulino.ch\/fr\/wp-json\/wp\/v2\/product\/32281","targetHints":{"allow":["GET"]}}],"collection":[{"href":"https:\/\/cantinadelmulino.ch\/fr\/wp-json\/wp\/v2\/product"}],"about":[{"href":"https:\/\/cantinadelmulino.ch\/fr\/wp-json\/wp\/v2\/types\/product"}],"replies":[{"embeddable":true,"href":"https:\/\/cantinadelmulino.ch\/fr\/wp-json\/wp\/v2\/comments?post=32281"}],"wp:attachment":[{"href":"https:\/\/cantinadelmulino.ch\/fr\/wp-json\/wp\/v2\/media?parent=32281"}],"wp:term":[{"taxonomy":"product_brand","embeddable":true,"href":"https:\/\/cantinadelmulino.ch\/fr\/wp-json\/wp\/v2\/product_brand?post=32281"},{"taxonomy":"product_cat","embeddable":true,"href":"https:\/\/cantinadelmulino.ch\/fr\/wp-json\/wp\/v2\/product_cat?post=32281"},{"taxonomy":"product_tag","embeddable":true,"href":"https:\/\/cantinadelmulino.ch\/fr\/wp-json\/wp\/v2\/product_tag?post=32281"},{"taxonomy":"enthaltene-traubensorte","embeddable":true,"href":"https:\/\/cantinadelmulino.ch\/fr\/wp-json\/wp\/v2\/enthaltene-traubensorte?post=32281"},{"taxonomy":"weintyp_tax","embeddable":true,"href":"https:\/\/cantinadelmulino.ch\/fr\/wp-json\/wp\/v2\/weintyp_tax?post=32281"},{"taxonomy":"subskription","embeddable":true,"href":"https:\/\/cantinadelmulino.ch\/fr\/wp-json\/wp\/v2\/subskription?post=32281"}],"curies":[{"name":"wp","href":"https:\/\/api.w.org\/{rel}","templated":true}]}}