{"id":32318,"date":"2026-04-15T01:19:24","date_gmt":"2026-04-15T00:19:24","guid":{"rendered":"https:\/\/cantinadelmulino.ch\/product\/a-pedreira-rias-baixas-do-2020\/"},"modified":"2026-04-15T01:19:29","modified_gmt":"2026-04-15T00:19:29","slug":"a-pedreira-rias-baixas-do-2020-fulcro-75cl-vin-blanc","status":"publish","type":"product","link":"https:\/\/cantinadelmulino.ch\/fr\/produit\/a-pedreira-rias-baixas-do-2020-fulcro-75cl-vin-blanc\/","title":{"rendered":"A Pedreira Rias Baixas DO | 2020 | Fulcro | 75cl | vin blanc"},"content":{"rendered":"<p>A Pedreira Rias Baixas DO 2020, Espa\u00f1a,\u00a0 Galic\u00eda, , vin blanc, Albari\u00f1o, 75cl, 2020, 13%, 75cl, ,\u00a0 16.2<\/p>\n","protected":false},"excerpt":{"rendered":"<p>A Pedreira Rias Baixas DO 2020, Espa\u00f1a, Galic\u00eda, Fulcro, Fulcro, Albari\u00f1o, Albari\u00f1o<\/p>\n","protected":false},"featured_media":0,"comment_status":"closed","ping_status":"closed","template":"","meta":{"_acf_changed":false},"product_brand":[],"product_cat":[17],"product_tag":[],"enthaltene-traubensorte":[1634],"weintyp_tax":[2116],"subskription":[],"class_list":{"0":"post-32318","1":"product","2":"type-product","3":"status-publish","5":"product_cat-uncategorized","6":"enthaltene-traubensorte-albarino","7":"weintyp_tax-vin-blanc","9":"first","10":"instock","11":"sale","12":"taxable","13":"shipping-taxable","14":"purchasable","15":"product-type-simple"},"acf":[],"publishpress_future_workflow_manual_trigger":{"enabledWorkflows":[]},"_links":{"self":[{"href":"https:\/\/cantinadelmulino.ch\/fr\/wp-json\/wp\/v2\/product\/32318","targetHints":{"allow":["GET"]}}],"collection":[{"href":"https:\/\/cantinadelmulino.ch\/fr\/wp-json\/wp\/v2\/product"}],"about":[{"href":"https:\/\/cantinadelmulino.ch\/fr\/wp-json\/wp\/v2\/types\/product"}],"replies":[{"embeddable":true,"href":"https:\/\/cantinadelmulino.ch\/fr\/wp-json\/wp\/v2\/comments?post=32318"}],"wp:attachment":[{"href":"https:\/\/cantinadelmulino.ch\/fr\/wp-json\/wp\/v2\/media?parent=32318"}],"wp:term":[{"taxonomy":"product_brand","embeddable":true,"href":"https:\/\/cantinadelmulino.ch\/fr\/wp-json\/wp\/v2\/product_brand?post=32318"},{"taxonomy":"product_cat","embeddable":true,"href":"https:\/\/cantinadelmulino.ch\/fr\/wp-json\/wp\/v2\/product_cat?post=32318"},{"taxonomy":"product_tag","embeddable":true,"href":"https:\/\/cantinadelmulino.ch\/fr\/wp-json\/wp\/v2\/product_tag?post=32318"},{"taxonomy":"enthaltene-traubensorte","embeddable":true,"href":"https:\/\/cantinadelmulino.ch\/fr\/wp-json\/wp\/v2\/enthaltene-traubensorte?post=32318"},{"taxonomy":"weintyp_tax","embeddable":true,"href":"https:\/\/cantinadelmulino.ch\/fr\/wp-json\/wp\/v2\/weintyp_tax?post=32318"},{"taxonomy":"subskription","embeddable":true,"href":"https:\/\/cantinadelmulino.ch\/fr\/wp-json\/wp\/v2\/subskription?post=32318"}],"curies":[{"name":"wp","href":"https:\/\/api.w.org\/{rel}","templated":true}]}}