{"id":32411,"date":"2026-04-08T01:17:07","date_gmt":"2026-04-08T00:17:07","guid":{"rendered":"https:\/\/cantinadelmulino.ch\/product\/la-centauree-coteaux-du-languedoc-la-clape-a-c-2017\/"},"modified":"2026-04-08T01:17:09","modified_gmt":"2026-04-08T00:17:09","slug":"la-centauree-la-clape-aoc-2017-chateau-pech-redon-75cl-vin-rouge","status":"publish","type":"product","link":"https:\/\/cantinadelmulino.ch\/fr\/produit\/la-centauree-la-clape-aoc-2017-chateau-pech-redon-75cl-vin-rouge\/","title":{"rendered":"La Centaur\u00e9e La Clape AOC | 2017 | Ch\u00e2teau Pech Redon | 75cl | vin rouge"},"content":{"rendered":"<p>La Centaur\u00e9e La Clape AOC 2017, France,\u00a0 Languedoc, , vin rouge, Syrah 65%, Grenache noir 35%, 75cl, 2017, , 75cl, Poulet am Grill, Cassoulet, Grilladen,\u00a0 28.8<\/p>\n","protected":false},"excerpt":{"rendered":"<p>La Centaur\u00e9e La Clape AOC 2017, France, Languedoc, Ch\u00e2teau Pech Redon, Ch\u00e2teau Pech Redon, Syrah 65%, Grenache noir 35%, Syrah 65%, Grenache noir 35%<\/p>\n","protected":false},"featured_media":0,"comment_status":"closed","ping_status":"closed","template":"","meta":{"_acf_changed":false},"product_brand":[],"product_cat":[17],"product_tag":[],"enthaltene-traubensorte":[1573,1552],"weintyp_tax":[2115],"subskription":[],"class_list":{"0":"post-32411","1":"product","2":"type-product","3":"status-publish","5":"product_cat-uncategorized","6":"enthaltene-traubensorte-grenache-noir","7":"enthaltene-traubensorte-syrah","8":"weintyp_tax-vin-rouge","10":"first","11":"instock","12":"taxable","13":"shipping-taxable","14":"purchasable","15":"product-type-simple"},"acf":[],"publishpress_future_workflow_manual_trigger":{"enabledWorkflows":[]},"_links":{"self":[{"href":"https:\/\/cantinadelmulino.ch\/fr\/wp-json\/wp\/v2\/product\/32411","targetHints":{"allow":["GET"]}}],"collection":[{"href":"https:\/\/cantinadelmulino.ch\/fr\/wp-json\/wp\/v2\/product"}],"about":[{"href":"https:\/\/cantinadelmulino.ch\/fr\/wp-json\/wp\/v2\/types\/product"}],"replies":[{"embeddable":true,"href":"https:\/\/cantinadelmulino.ch\/fr\/wp-json\/wp\/v2\/comments?post=32411"}],"wp:attachment":[{"href":"https:\/\/cantinadelmulino.ch\/fr\/wp-json\/wp\/v2\/media?parent=32411"}],"wp:term":[{"taxonomy":"product_brand","embeddable":true,"href":"https:\/\/cantinadelmulino.ch\/fr\/wp-json\/wp\/v2\/product_brand?post=32411"},{"taxonomy":"product_cat","embeddable":true,"href":"https:\/\/cantinadelmulino.ch\/fr\/wp-json\/wp\/v2\/product_cat?post=32411"},{"taxonomy":"product_tag","embeddable":true,"href":"https:\/\/cantinadelmulino.ch\/fr\/wp-json\/wp\/v2\/product_tag?post=32411"},{"taxonomy":"enthaltene-traubensorte","embeddable":true,"href":"https:\/\/cantinadelmulino.ch\/fr\/wp-json\/wp\/v2\/enthaltene-traubensorte?post=32411"},{"taxonomy":"weintyp_tax","embeddable":true,"href":"https:\/\/cantinadelmulino.ch\/fr\/wp-json\/wp\/v2\/weintyp_tax?post=32411"},{"taxonomy":"subskription","embeddable":true,"href":"https:\/\/cantinadelmulino.ch\/fr\/wp-json\/wp\/v2\/subskription?post=32411"}],"curies":[{"name":"wp","href":"https:\/\/api.w.org\/{rel}","templated":true}]}}