{"id":32413,"date":"2026-04-08T01:17:07","date_gmt":"2026-04-08T00:17:07","guid":{"rendered":"https:\/\/cantinadelmulino.ch\/product\/la-centauree-blanc-coteaux-du-languedoc-la-clape-a-c-2019\/"},"modified":"2026-04-08T01:17:10","modified_gmt":"2026-04-08T00:17:10","slug":"la-centauree-blanc-la-clape-aop-2019-chateau-pech-redon-75cl-vin-blanc","status":"publish","type":"product","link":"https:\/\/cantinadelmulino.ch\/fr\/produit\/la-centauree-blanc-la-clape-aop-2019-chateau-pech-redon-75cl-vin-blanc\/","title":{"rendered":"La Centaur\u00e9e blanc La Clape AOP | 2019 | Ch\u00e2teau Pech Redon | 75cl | vin blanc"},"content":{"rendered":"<p>La Centaur\u00e9e blanc La Clape AOP 2019, France,\u00a0 Languedoc, , vin blanc, Bourboulenc 80%, Clairette 20%, 75cl, 2019, , 75cl, Fischgerichte,\u00a0 22.5<\/p>\n","protected":false},"excerpt":{"rendered":"<p>La Centaur\u00e9e blanc La Clape AOP 2019, France, Languedoc, Ch\u00e2teau Pech Redon, Ch\u00e2teau Pech Redon, Bourboulenc 80%, Clairette 20%, Bourboulenc 80%, Clairette 20%<\/p>\n","protected":false},"featured_media":0,"comment_status":"closed","ping_status":"closed","template":"","meta":{"_acf_changed":false},"product_brand":[],"product_cat":[17],"product_tag":[],"enthaltene-traubensorte":[1603,1556],"weintyp_tax":[2116],"subskription":[],"class_list":{"0":"post-32413","1":"product","2":"type-product","3":"status-publish","5":"product_cat-uncategorized","6":"enthaltene-traubensorte-bourboulenc","7":"enthaltene-traubensorte-clairette","8":"weintyp_tax-vin-blanc","10":"first","11":"instock","12":"taxable","13":"shipping-taxable","14":"purchasable","15":"product-type-simple"},"acf":[],"publishpress_future_workflow_manual_trigger":{"enabledWorkflows":[]},"_links":{"self":[{"href":"https:\/\/cantinadelmulino.ch\/fr\/wp-json\/wp\/v2\/product\/32413","targetHints":{"allow":["GET"]}}],"collection":[{"href":"https:\/\/cantinadelmulino.ch\/fr\/wp-json\/wp\/v2\/product"}],"about":[{"href":"https:\/\/cantinadelmulino.ch\/fr\/wp-json\/wp\/v2\/types\/product"}],"replies":[{"embeddable":true,"href":"https:\/\/cantinadelmulino.ch\/fr\/wp-json\/wp\/v2\/comments?post=32413"}],"wp:attachment":[{"href":"https:\/\/cantinadelmulino.ch\/fr\/wp-json\/wp\/v2\/media?parent=32413"}],"wp:term":[{"taxonomy":"product_brand","embeddable":true,"href":"https:\/\/cantinadelmulino.ch\/fr\/wp-json\/wp\/v2\/product_brand?post=32413"},{"taxonomy":"product_cat","embeddable":true,"href":"https:\/\/cantinadelmulino.ch\/fr\/wp-json\/wp\/v2\/product_cat?post=32413"},{"taxonomy":"product_tag","embeddable":true,"href":"https:\/\/cantinadelmulino.ch\/fr\/wp-json\/wp\/v2\/product_tag?post=32413"},{"taxonomy":"enthaltene-traubensorte","embeddable":true,"href":"https:\/\/cantinadelmulino.ch\/fr\/wp-json\/wp\/v2\/enthaltene-traubensorte?post=32413"},{"taxonomy":"weintyp_tax","embeddable":true,"href":"https:\/\/cantinadelmulino.ch\/fr\/wp-json\/wp\/v2\/weintyp_tax?post=32413"},{"taxonomy":"subskription","embeddable":true,"href":"https:\/\/cantinadelmulino.ch\/fr\/wp-json\/wp\/v2\/subskription?post=32413"}],"curies":[{"name":"wp","href":"https:\/\/api.w.org\/{rel}","templated":true}]}}