{"id":32479,"date":"2026-04-08T01:17:12","date_gmt":"2026-04-08T00:17:12","guid":{"rendered":"https:\/\/cantinadelmulino.ch\/product\/maestria-cote-rotie-a-c-2018\/"},"modified":"2026-04-08T01:17:15","modified_gmt":"2026-04-08T00:17:15","slug":"maestria-cote-rotie-a-c-2018-vignobles-levet-75cl-vin-rouge","status":"publish","type":"product","link":"https:\/\/cantinadelmulino.ch\/fr\/produit\/maestria-cote-rotie-a-c-2018-vignobles-levet-75cl-vin-rouge\/","title":{"rendered":"Maestria C\u00f4te-R\u00f4tie A.C. | 2018 | Vignobles Levet | 75cl | vin rouge"},"content":{"rendered":"<p>Maestria C\u00f4te-R\u00f4tie A.C. 2018, France,\u00a0 Rh\u00f4ne, , vin rouge, Petite Serine (vieille vari\u00e9t\u00e9 de Syrah), 75cl, 2018, , 75cl, Filet mignon im Teig, C\u00f4te de Boeuf,\u00a0 60.3<\/p>\n","protected":false},"excerpt":{"rendered":"<p>Maestria C\u00f4te-R\u00f4tie A.C. 2018, France, Rh\u00f4ne, Vignobles Levet, Vignobles Levet, Petite Serine (vieille vari\u00e9t\u00e9 de Syrah), Petite Serine (vieille vari\u00e9t\u00e9 de Syrah)<\/p>\n","protected":false},"featured_media":0,"comment_status":"closed","ping_status":"closed","template":"","meta":{"_acf_changed":false},"product_brand":[],"product_cat":[17],"product_tag":[],"enthaltene-traubensorte":[1595],"weintyp_tax":[2115],"subskription":[],"class_list":{"0":"post-32479","1":"product","2":"type-product","3":"status-publish","5":"product_cat-uncategorized","6":"enthaltene-traubensorte-petite-serine-vieille-variete-de-syrah","7":"weintyp_tax-vin-rouge","9":"first","10":"instock","11":"taxable","12":"shipping-taxable","13":"purchasable","14":"product-type-simple"},"acf":[],"publishpress_future_workflow_manual_trigger":{"enabledWorkflows":[]},"_links":{"self":[{"href":"https:\/\/cantinadelmulino.ch\/fr\/wp-json\/wp\/v2\/product\/32479","targetHints":{"allow":["GET"]}}],"collection":[{"href":"https:\/\/cantinadelmulino.ch\/fr\/wp-json\/wp\/v2\/product"}],"about":[{"href":"https:\/\/cantinadelmulino.ch\/fr\/wp-json\/wp\/v2\/types\/product"}],"replies":[{"embeddable":true,"href":"https:\/\/cantinadelmulino.ch\/fr\/wp-json\/wp\/v2\/comments?post=32479"}],"wp:attachment":[{"href":"https:\/\/cantinadelmulino.ch\/fr\/wp-json\/wp\/v2\/media?parent=32479"}],"wp:term":[{"taxonomy":"product_brand","embeddable":true,"href":"https:\/\/cantinadelmulino.ch\/fr\/wp-json\/wp\/v2\/product_brand?post=32479"},{"taxonomy":"product_cat","embeddable":true,"href":"https:\/\/cantinadelmulino.ch\/fr\/wp-json\/wp\/v2\/product_cat?post=32479"},{"taxonomy":"product_tag","embeddable":true,"href":"https:\/\/cantinadelmulino.ch\/fr\/wp-json\/wp\/v2\/product_tag?post=32479"},{"taxonomy":"enthaltene-traubensorte","embeddable":true,"href":"https:\/\/cantinadelmulino.ch\/fr\/wp-json\/wp\/v2\/enthaltene-traubensorte?post=32479"},{"taxonomy":"weintyp_tax","embeddable":true,"href":"https:\/\/cantinadelmulino.ch\/fr\/wp-json\/wp\/v2\/weintyp_tax?post=32479"},{"taxonomy":"subskription","embeddable":true,"href":"https:\/\/cantinadelmulino.ch\/fr\/wp-json\/wp\/v2\/subskription?post=32479"}],"curies":[{"name":"wp","href":"https:\/\/api.w.org\/{rel}","templated":true}]}}