{"id":32824,"date":"2026-04-08T01:16:37","date_gmt":"2026-04-08T00:16:37","guid":{"rendered":"https:\/\/cantinadelmulino.ch\/product\/saint-emilion-grand-cru-classe-a-c-2019-fonroque-75cl\/"},"modified":"2026-04-08T01:16:40","modified_gmt":"2026-04-08T00:16:40","slug":"saint-emilion-grand-cru-classe-a-c-2019-chateau-fonroque-75cl-vin-rouge","status":"publish","type":"product","link":"https:\/\/cantinadelmulino.ch\/fr\/produit\/saint-emilion-grand-cru-classe-a-c-2019-chateau-fonroque-75cl-vin-rouge\/","title":{"rendered":"Saint-Emilion Grand Cru class\u00e9 A.C. | 2019 | Ch\u00e2teau Fonroque | 75cl | vin rouge"},"content":{"rendered":"<p>Saint-Emilion Grand Cru class\u00e9 A.C. 2019, France,\u00a0 Bordeaux, , vin rouge, Merlot 80%, Cabernet Franc 20%, 75cl, 2019, 13.5%, 75cl, ,\u00a0 43.2<\/p>\n","protected":false},"excerpt":{"rendered":"<p>Saint-Emilion Grand Cru class\u00e9 A.C. 2019, France, Bordeaux, Ch\u00e2teau Fonroque, Ch\u00e2teau Fonroque, Merlot 80%, Cabernet Franc 20%, Merlot 80%, Cabernet Franc 20%<\/p>\n","protected":false},"featured_media":0,"comment_status":"closed","ping_status":"closed","template":"","meta":{"_acf_changed":false},"product_brand":[],"product_cat":[17],"product_tag":[],"enthaltene-traubensorte":[1549,1548],"weintyp_tax":[2115],"subskription":[],"class_list":{"0":"post-32824","1":"product","2":"type-product","3":"status-publish","5":"product_cat-uncategorized","6":"enthaltene-traubensorte-cabernet-franc","7":"enthaltene-traubensorte-merlot","8":"weintyp_tax-vin-rouge","10":"first","11":"instock","12":"taxable","13":"shipping-taxable","14":"purchasable","15":"product-type-simple"},"acf":[],"publishpress_future_workflow_manual_trigger":{"enabledWorkflows":[]},"_links":{"self":[{"href":"https:\/\/cantinadelmulino.ch\/fr\/wp-json\/wp\/v2\/product\/32824","targetHints":{"allow":["GET"]}}],"collection":[{"href":"https:\/\/cantinadelmulino.ch\/fr\/wp-json\/wp\/v2\/product"}],"about":[{"href":"https:\/\/cantinadelmulino.ch\/fr\/wp-json\/wp\/v2\/types\/product"}],"replies":[{"embeddable":true,"href":"https:\/\/cantinadelmulino.ch\/fr\/wp-json\/wp\/v2\/comments?post=32824"}],"wp:attachment":[{"href":"https:\/\/cantinadelmulino.ch\/fr\/wp-json\/wp\/v2\/media?parent=32824"}],"wp:term":[{"taxonomy":"product_brand","embeddable":true,"href":"https:\/\/cantinadelmulino.ch\/fr\/wp-json\/wp\/v2\/product_brand?post=32824"},{"taxonomy":"product_cat","embeddable":true,"href":"https:\/\/cantinadelmulino.ch\/fr\/wp-json\/wp\/v2\/product_cat?post=32824"},{"taxonomy":"product_tag","embeddable":true,"href":"https:\/\/cantinadelmulino.ch\/fr\/wp-json\/wp\/v2\/product_tag?post=32824"},{"taxonomy":"enthaltene-traubensorte","embeddable":true,"href":"https:\/\/cantinadelmulino.ch\/fr\/wp-json\/wp\/v2\/enthaltene-traubensorte?post=32824"},{"taxonomy":"weintyp_tax","embeddable":true,"href":"https:\/\/cantinadelmulino.ch\/fr\/wp-json\/wp\/v2\/weintyp_tax?post=32824"},{"taxonomy":"subskription","embeddable":true,"href":"https:\/\/cantinadelmulino.ch\/fr\/wp-json\/wp\/v2\/subskription?post=32824"}],"curies":[{"name":"wp","href":"https:\/\/api.w.org\/{rel}","templated":true}]}}