{"id":32831,"date":"2026-05-13T01:16:58","date_gmt":"2026-05-13T00:16:58","guid":{"rendered":"https:\/\/cantinadelmulino.ch\/product\/escolma-a-torna-dos-pasas-ribeiro-do-2016-vina-de-martin-75cl\/"},"modified":"2026-05-13T01:17:01","modified_gmt":"2026-05-13T00:17:01","slug":"escolma-a-torna-dos-pasas-ribeiro-do-2016-vina-de-martin-75cl-vin-rouge","status":"publish","type":"product","link":"https:\/\/cantinadelmulino.ch\/fr\/produit\/escolma-a-torna-dos-pasas-ribeiro-do-2016-vina-de-martin-75cl-vin-rouge\/","title":{"rendered":"Escolma, A Torna dos Pas\u00e1s Ribeiro DO | 2016 | Vi\u00f1a de Martin | 75cl | vin rouge"},"content":{"rendered":"<p>Escolma, A Torna dos Pas\u00e1s Ribeiro DO 2016, Espa\u00f1a,\u00a0 Galic\u00eda, , vin rouge, Brancellao, Ferrol, Cai\u00f1o longo, Cai\u00f1o redondo, 75cl, 2016, 13%, 75cl, ,\u00a0 42.3<\/p>\n","protected":false},"excerpt":{"rendered":"<p>Escolma, A Torna dos Pas\u00e1s Ribeiro DO 2016, Espa\u00f1a, Galic\u00eda, Vi\u00f1a de Martin, Vi\u00f1a de Martin, Brancellao, Ferrol, Cai\u00f1o longo, Cai\u00f1o redondo, Brancellao, Ferrol, Cai\u00f1o longo, Cai\u00f1o redondo<\/p>\n","protected":false},"featured_media":0,"comment_status":"closed","ping_status":"closed","template":"","meta":{"_acf_changed":false},"product_brand":[],"product_cat":[17],"product_tag":[],"enthaltene-traubensorte":[1771,1773,1774,1772],"weintyp_tax":[2115],"subskription":[],"class_list":{"0":"post-32831","1":"product","2":"type-product","3":"status-publish","5":"product_cat-uncategorized","6":"enthaltene-traubensorte-brancellao","7":"enthaltene-traubensorte-caino-longo","8":"enthaltene-traubensorte-caino-redondo","9":"enthaltene-traubensorte-ferrol","10":"weintyp_tax-vin-rouge","12":"first","13":"instock","14":"taxable","15":"shipping-taxable","16":"purchasable","17":"product-type-simple"},"acf":[],"publishpress_future_workflow_manual_trigger":{"enabledWorkflows":[]},"_links":{"self":[{"href":"https:\/\/cantinadelmulino.ch\/fr\/wp-json\/wp\/v2\/product\/32831","targetHints":{"allow":["GET"]}}],"collection":[{"href":"https:\/\/cantinadelmulino.ch\/fr\/wp-json\/wp\/v2\/product"}],"about":[{"href":"https:\/\/cantinadelmulino.ch\/fr\/wp-json\/wp\/v2\/types\/product"}],"replies":[{"embeddable":true,"href":"https:\/\/cantinadelmulino.ch\/fr\/wp-json\/wp\/v2\/comments?post=32831"}],"wp:attachment":[{"href":"https:\/\/cantinadelmulino.ch\/fr\/wp-json\/wp\/v2\/media?parent=32831"}],"wp:term":[{"taxonomy":"product_brand","embeddable":true,"href":"https:\/\/cantinadelmulino.ch\/fr\/wp-json\/wp\/v2\/product_brand?post=32831"},{"taxonomy":"product_cat","embeddable":true,"href":"https:\/\/cantinadelmulino.ch\/fr\/wp-json\/wp\/v2\/product_cat?post=32831"},{"taxonomy":"product_tag","embeddable":true,"href":"https:\/\/cantinadelmulino.ch\/fr\/wp-json\/wp\/v2\/product_tag?post=32831"},{"taxonomy":"enthaltene-traubensorte","embeddable":true,"href":"https:\/\/cantinadelmulino.ch\/fr\/wp-json\/wp\/v2\/enthaltene-traubensorte?post=32831"},{"taxonomy":"weintyp_tax","embeddable":true,"href":"https:\/\/cantinadelmulino.ch\/fr\/wp-json\/wp\/v2\/weintyp_tax?post=32831"},{"taxonomy":"subskription","embeddable":true,"href":"https:\/\/cantinadelmulino.ch\/fr\/wp-json\/wp\/v2\/subskription?post=32831"}],"curies":[{"name":"wp","href":"https:\/\/api.w.org\/{rel}","templated":true}]}}