{"id":33107,"date":"2026-04-15T01:19:44","date_gmt":"2026-04-15T00:19:44","guid":{"rendered":"https:\/\/cantinadelmulino.ch\/product\/cuvee-de-papet-chateauneuf-du-pape-a-c-2019-clos-du-mont-olivet-75cl-vin-rouge\/"},"modified":"2026-04-15T01:19:50","modified_gmt":"2026-04-15T00:19:50","slug":"cuvee-de-papet-chateauneuf-du-pape-a-c-2019-clos-du-mont-olivet-75cl-vin-rouge","status":"publish","type":"product","link":"https:\/\/cantinadelmulino.ch\/fr\/produit\/cuvee-de-papet-chateauneuf-du-pape-a-c-2019-clos-du-mont-olivet-75cl-vin-rouge\/","title":{"rendered":"Cuv\u00e9e de Papet Ch\u00e2teauneuf-du-Pape A.C. | 2019 | Clos du Mont Olivet | 75cl | vin rouge"},"content":{"rendered":"<p>Cuv\u00e9e de Papet Ch\u00e2teauneuf-du-Pape A.C. 2019, France,\u00a0 Rh\u00f4ne, , vin rouge, Grenache noir 80%, Mourve\u0300dre 10%, Syrah 10%, 75cl, 2019, , 75cl, ,\u00a0 73.8<\/p>\n","protected":false},"excerpt":{"rendered":"<p>Cuv\u00e9e de Papet Ch\u00e2teauneuf-du-Pape A.C. 2019, France, Rh\u00f4ne, Clos du Mont Olivet, Clos du Mont Olivet, Grenache noir 80%, Mourve\u0300dre 10%, Syrah 10%, Grenache noir 80%, Mourve\u0300dre 10%, Syrah 10%<\/p>\n","protected":false},"featured_media":0,"comment_status":"closed","ping_status":"closed","template":"","meta":{"_acf_changed":false},"product_brand":[],"product_cat":[17],"product_tag":[],"enthaltene-traubensorte":[1573,1606,1552],"weintyp_tax":[2115],"subskription":[],"class_list":{"0":"post-33107","1":"product","2":"type-product","3":"status-publish","5":"product_cat-uncategorized","6":"enthaltene-traubensorte-grenache-noir","7":"enthaltene-traubensorte-mourvdre","8":"enthaltene-traubensorte-syrah","9":"weintyp_tax-vin-rouge","11":"first","12":"instock","13":"taxable","14":"shipping-taxable","15":"purchasable","16":"product-type-simple"},"acf":[],"publishpress_future_workflow_manual_trigger":{"enabledWorkflows":[]},"_links":{"self":[{"href":"https:\/\/cantinadelmulino.ch\/fr\/wp-json\/wp\/v2\/product\/33107","targetHints":{"allow":["GET"]}}],"collection":[{"href":"https:\/\/cantinadelmulino.ch\/fr\/wp-json\/wp\/v2\/product"}],"about":[{"href":"https:\/\/cantinadelmulino.ch\/fr\/wp-json\/wp\/v2\/types\/product"}],"replies":[{"embeddable":true,"href":"https:\/\/cantinadelmulino.ch\/fr\/wp-json\/wp\/v2\/comments?post=33107"}],"wp:attachment":[{"href":"https:\/\/cantinadelmulino.ch\/fr\/wp-json\/wp\/v2\/media?parent=33107"}],"wp:term":[{"taxonomy":"product_brand","embeddable":true,"href":"https:\/\/cantinadelmulino.ch\/fr\/wp-json\/wp\/v2\/product_brand?post=33107"},{"taxonomy":"product_cat","embeddable":true,"href":"https:\/\/cantinadelmulino.ch\/fr\/wp-json\/wp\/v2\/product_cat?post=33107"},{"taxonomy":"product_tag","embeddable":true,"href":"https:\/\/cantinadelmulino.ch\/fr\/wp-json\/wp\/v2\/product_tag?post=33107"},{"taxonomy":"enthaltene-traubensorte","embeddable":true,"href":"https:\/\/cantinadelmulino.ch\/fr\/wp-json\/wp\/v2\/enthaltene-traubensorte?post=33107"},{"taxonomy":"weintyp_tax","embeddable":true,"href":"https:\/\/cantinadelmulino.ch\/fr\/wp-json\/wp\/v2\/weintyp_tax?post=33107"},{"taxonomy":"subskription","embeddable":true,"href":"https:\/\/cantinadelmulino.ch\/fr\/wp-json\/wp\/v2\/subskription?post=33107"}],"curies":[{"name":"wp","href":"https:\/\/api.w.org\/{rel}","templated":true}]}}