{"id":34952,"date":"2026-04-08T01:17:31","date_gmt":"2026-04-08T00:17:31","guid":{"rendered":"https:\/\/cantinadelmulino.ch\/product\/la-cuvee-des-gueux-blanc-blanc-de-savoie-aop-2021-cellier-des-cray-75cl-vin-blanc\/"},"modified":"2026-04-08T01:17:32","modified_gmt":"2026-04-08T00:17:32","slug":"cuvee-des-gueux-blanc-blanc-de-savoie-aop-2021-domaine-adrien-berlioz-75cl-vin-blanc","status":"publish","type":"product","link":"https:\/\/cantinadelmulino.ch\/fr\/produit\/cuvee-des-gueux-blanc-blanc-de-savoie-aop-2021-domaine-adrien-berlioz-75cl-vin-blanc\/","title":{"rendered":"Cuv\u00e9e des Gueux blanc Blanc de Savoie AOP | 2021 | Domaine Adrien Berlioz | 75cl | vin blanc"},"content":{"rendered":"<p>Cuv\u00e9e des Gueux blanc Blanc de Savoie AOP 2021, France,\u00a0 Savoie, , vin blanc, Jacqu\u00e8re, 75cl, 2021, 10%, 75cl, Aperitiv, Fondue, Raclette,\u00a0 20.25<\/p>\n","protected":false},"excerpt":{"rendered":"<p>Cuv\u00e9e des Gueux blanc Blanc de Savoie AOP 2021, France, Savoie, Domaine Adrien Berlioz, Domaine Adrien Berlioz, Jacqu\u00e8re, Jacqu\u00e8re<\/p>\n","protected":false},"featured_media":0,"comment_status":"closed","ping_status":"closed","template":"","meta":{"_acf_changed":false},"product_brand":[],"product_cat":[17],"product_tag":[],"enthaltene-traubensorte":[1881],"weintyp_tax":[2116],"subskription":[],"class_list":{"0":"post-34952","1":"product","2":"type-product","3":"status-publish","5":"product_cat-uncategorized","6":"enthaltene-traubensorte-jacquere","7":"weintyp_tax-vin-blanc","9":"first","10":"instock","11":"taxable","12":"shipping-taxable","13":"purchasable","14":"product-type-simple"},"acf":[],"publishpress_future_workflow_manual_trigger":{"enabledWorkflows":[]},"_links":{"self":[{"href":"https:\/\/cantinadelmulino.ch\/fr\/wp-json\/wp\/v2\/product\/34952","targetHints":{"allow":["GET"]}}],"collection":[{"href":"https:\/\/cantinadelmulino.ch\/fr\/wp-json\/wp\/v2\/product"}],"about":[{"href":"https:\/\/cantinadelmulino.ch\/fr\/wp-json\/wp\/v2\/types\/product"}],"replies":[{"embeddable":true,"href":"https:\/\/cantinadelmulino.ch\/fr\/wp-json\/wp\/v2\/comments?post=34952"}],"wp:attachment":[{"href":"https:\/\/cantinadelmulino.ch\/fr\/wp-json\/wp\/v2\/media?parent=34952"}],"wp:term":[{"taxonomy":"product_brand","embeddable":true,"href":"https:\/\/cantinadelmulino.ch\/fr\/wp-json\/wp\/v2\/product_brand?post=34952"},{"taxonomy":"product_cat","embeddable":true,"href":"https:\/\/cantinadelmulino.ch\/fr\/wp-json\/wp\/v2\/product_cat?post=34952"},{"taxonomy":"product_tag","embeddable":true,"href":"https:\/\/cantinadelmulino.ch\/fr\/wp-json\/wp\/v2\/product_tag?post=34952"},{"taxonomy":"enthaltene-traubensorte","embeddable":true,"href":"https:\/\/cantinadelmulino.ch\/fr\/wp-json\/wp\/v2\/enthaltene-traubensorte?post=34952"},{"taxonomy":"weintyp_tax","embeddable":true,"href":"https:\/\/cantinadelmulino.ch\/fr\/wp-json\/wp\/v2\/weintyp_tax?post=34952"},{"taxonomy":"subskription","embeddable":true,"href":"https:\/\/cantinadelmulino.ch\/fr\/wp-json\/wp\/v2\/subskription?post=34952"}],"curies":[{"name":"wp","href":"https:\/\/api.w.org\/{rel}","templated":true}]}}