{"id":35075,"date":"2026-04-15T01:19:51","date_gmt":"2026-04-15T00:19:51","guid":{"rendered":"https:\/\/cantinadelmulino.ch\/product\/monnieres-saint-fiacre-muscadet-sevre-et-maine-clisson-a-c-2018-pepiere-75cl-vin-blanc\/"},"modified":"2026-04-15T01:19:51","modified_gmt":"2026-04-15T00:19:51","slug":"monnieres-saint-fiacre-muscadet-sevre-et-maine-a-c-2018-domaine-de-la-pepiere-75cl-vin-blanc","status":"publish","type":"product","link":"https:\/\/cantinadelmulino.ch\/fr\/produit\/monnieres-saint-fiacre-muscadet-sevre-et-maine-a-c-2018-domaine-de-la-pepiere-75cl-vin-blanc\/","title":{"rendered":"Monni\u00e8res-Saint Fiacre Muscadet S\u00e8vre et Maine A.C. | 2018 | Domaine de la P\u00e9pi\u00e8re | 75cl | vin blanc"},"content":{"rendered":"<p>Monni\u00e8res-Saint Fiacre Muscadet S\u00e8vre et Maine A.C. 2018, France,\u00a0 Vall\u00e9e de la Loire\/Centre, , vin blanc, Melon B, 75cl, 2018, , 75cl, Aperitif, Meeresfr\u00fcchte, Jakobsmuscheln, Lachs und andere Fische an Sauce, foie gras po\u00eal\u00e9, kr\u00e4ftige K\u00e4se,\u00a0 19.8<\/p>\n","protected":false},"excerpt":{"rendered":"<p>Monni\u00e8res-Saint Fiacre Muscadet S\u00e8vre et Maine A.C. 2018, France, Vall\u00e9e de la Loire\/Centre, Domaine de la P\u00e9pi\u00e8re, Domaine de la P\u00e9pi\u00e8re, Melon B, Melon B<\/p>\n","protected":false},"featured_media":0,"comment_status":"closed","ping_status":"closed","template":"","meta":{"_acf_changed":false},"product_brand":[],"product_cat":[17],"product_tag":[],"enthaltene-traubensorte":[2226],"weintyp_tax":[2116],"subskription":[],"class_list":{"0":"post-35075","1":"product","2":"type-product","3":"status-publish","5":"product_cat-uncategorized","6":"enthaltene-traubensorte-melon-b","7":"weintyp_tax-vin-blanc","9":"first","10":"instock","11":"taxable","12":"shipping-taxable","13":"purchasable","14":"product-type-simple"},"acf":[],"publishpress_future_workflow_manual_trigger":{"enabledWorkflows":[]},"_links":{"self":[{"href":"https:\/\/cantinadelmulino.ch\/fr\/wp-json\/wp\/v2\/product\/35075","targetHints":{"allow":["GET"]}}],"collection":[{"href":"https:\/\/cantinadelmulino.ch\/fr\/wp-json\/wp\/v2\/product"}],"about":[{"href":"https:\/\/cantinadelmulino.ch\/fr\/wp-json\/wp\/v2\/types\/product"}],"replies":[{"embeddable":true,"href":"https:\/\/cantinadelmulino.ch\/fr\/wp-json\/wp\/v2\/comments?post=35075"}],"wp:attachment":[{"href":"https:\/\/cantinadelmulino.ch\/fr\/wp-json\/wp\/v2\/media?parent=35075"}],"wp:term":[{"taxonomy":"product_brand","embeddable":true,"href":"https:\/\/cantinadelmulino.ch\/fr\/wp-json\/wp\/v2\/product_brand?post=35075"},{"taxonomy":"product_cat","embeddable":true,"href":"https:\/\/cantinadelmulino.ch\/fr\/wp-json\/wp\/v2\/product_cat?post=35075"},{"taxonomy":"product_tag","embeddable":true,"href":"https:\/\/cantinadelmulino.ch\/fr\/wp-json\/wp\/v2\/product_tag?post=35075"},{"taxonomy":"enthaltene-traubensorte","embeddable":true,"href":"https:\/\/cantinadelmulino.ch\/fr\/wp-json\/wp\/v2\/enthaltene-traubensorte?post=35075"},{"taxonomy":"weintyp_tax","embeddable":true,"href":"https:\/\/cantinadelmulino.ch\/fr\/wp-json\/wp\/v2\/weintyp_tax?post=35075"},{"taxonomy":"subskription","embeddable":true,"href":"https:\/\/cantinadelmulino.ch\/fr\/wp-json\/wp\/v2\/subskription?post=35075"}],"curies":[{"name":"wp","href":"https:\/\/api.w.org\/{rel}","templated":true}]}}