{"id":35081,"date":"2026-04-08T01:17:26","date_gmt":"2026-04-08T00:17:26","guid":{"rendered":"https:\/\/cantinadelmulino.ch\/product\/valtuille-de-abajo-bierzo-do-2019-jose-antonio-garcia-75cl-vin-rouge\/"},"modified":"2026-04-08T01:17:29","modified_gmt":"2026-04-08T00:17:29","slug":"valtuille-de-abajo-bierzo-do-2019-jose-antonio-garcia-75cl-vin-rouge","status":"publish","type":"product","link":"https:\/\/cantinadelmulino.ch\/fr\/produit\/valtuille-de-abajo-bierzo-do-2019-jose-antonio-garcia-75cl-vin-rouge\/","title":{"rendered":"Valtuille de Abajo Bierzo DO | 2019 | Jos\u00e9 Antonio Garc\u00eda | 75cl | vin rouge"},"content":{"rendered":"<p>Valtuille de Abajo Bierzo DO 2019, Espa\u00f1a,\u00a0 Bierzo, , vin rouge, 80% Menc\u00eda, 20% lokale weisse und rote Rebsorten, 75cl, 2019, , 75cl, ,\u00a0 30.6<\/p>\n","protected":false},"excerpt":{"rendered":"<p>Valtuille de Abajo Bierzo DO 2019, Espa\u00f1a, Bierzo, Jos\u00e9 Antonio Garc\u00eda, Jos\u00e9 Antonio Garc\u00eda, 80% Menc\u00eda, 20% lokale weisse und rote Rebsorten, 80% Menc\u00eda, 20% lokale weisse und rote Rebsorten<\/p>\n","protected":false},"featured_media":0,"comment_status":"closed","ping_status":"closed","template":"","meta":{"_acf_changed":false},"product_brand":[],"product_cat":[17],"product_tag":[],"enthaltene-traubensorte":[2134,1663],"weintyp_tax":[2115],"subskription":[],"class_list":{"0":"post-35081","1":"product","2":"type-product","3":"status-publish","5":"product_cat-uncategorized","6":"enthaltene-traubensorte-lokale-weisse-und-rote-rebsorten","7":"enthaltene-traubensorte-mencia","8":"weintyp_tax-vin-rouge","10":"first","11":"instock","12":"taxable","13":"shipping-taxable","14":"purchasable","15":"product-type-simple"},"acf":[],"publishpress_future_workflow_manual_trigger":{"enabledWorkflows":[]},"_links":{"self":[{"href":"https:\/\/cantinadelmulino.ch\/fr\/wp-json\/wp\/v2\/product\/35081","targetHints":{"allow":["GET"]}}],"collection":[{"href":"https:\/\/cantinadelmulino.ch\/fr\/wp-json\/wp\/v2\/product"}],"about":[{"href":"https:\/\/cantinadelmulino.ch\/fr\/wp-json\/wp\/v2\/types\/product"}],"replies":[{"embeddable":true,"href":"https:\/\/cantinadelmulino.ch\/fr\/wp-json\/wp\/v2\/comments?post=35081"}],"wp:attachment":[{"href":"https:\/\/cantinadelmulino.ch\/fr\/wp-json\/wp\/v2\/media?parent=35081"}],"wp:term":[{"taxonomy":"product_brand","embeddable":true,"href":"https:\/\/cantinadelmulino.ch\/fr\/wp-json\/wp\/v2\/product_brand?post=35081"},{"taxonomy":"product_cat","embeddable":true,"href":"https:\/\/cantinadelmulino.ch\/fr\/wp-json\/wp\/v2\/product_cat?post=35081"},{"taxonomy":"product_tag","embeddable":true,"href":"https:\/\/cantinadelmulino.ch\/fr\/wp-json\/wp\/v2\/product_tag?post=35081"},{"taxonomy":"enthaltene-traubensorte","embeddable":true,"href":"https:\/\/cantinadelmulino.ch\/fr\/wp-json\/wp\/v2\/enthaltene-traubensorte?post=35081"},{"taxonomy":"weintyp_tax","embeddable":true,"href":"https:\/\/cantinadelmulino.ch\/fr\/wp-json\/wp\/v2\/weintyp_tax?post=35081"},{"taxonomy":"subskription","embeddable":true,"href":"https:\/\/cantinadelmulino.ch\/fr\/wp-json\/wp\/v2\/subskription?post=35081"}],"curies":[{"name":"wp","href":"https:\/\/api.w.org\/{rel}","templated":true}]}}