{"id":35242,"date":"2026-04-15T01:20:27","date_gmt":"2026-04-15T00:20:27","guid":{"rendered":"https:\/\/cantinadelmulino.ch\/product\/les-levants-seguret-cotes-du-rhone-villages-a-c-2017-jean-david-75cl-vin-rouge\/"},"modified":"2026-04-15T01:20:27","modified_gmt":"2026-04-15T00:20:27","slug":"les-levants-seguret-cotes-du-rhone-villages-a-c-2017-domaine-jean-david-75cl-vin-rouge","status":"publish","type":"product","link":"https:\/\/cantinadelmulino.ch\/fr\/produit\/les-levants-seguret-cotes-du-rhone-villages-a-c-2017-domaine-jean-david-75cl-vin-rouge\/","title":{"rendered":"Les Levants S\u00e9guret, C\u00f4tes du Rh\u00f4ne Villages A.C. | 2017 | Domaine Jean David | 75cl | vin rouge"},"content":{"rendered":"<p>Les Levants S\u00e9guret, C\u00f4tes du Rh\u00f4ne Villages A.C. 2017, France,\u00a0 Rh\u00f4ne, , vin rouge, Grenache 65%, Syrah 25%, Cinsault 10%, 75cl, 2017, , 75cl, Ente mit Oliven, Kartoffelragout mit Speck,\u00a0 20.7<\/p>\n","protected":false},"excerpt":{"rendered":"<p>Les Levants S\u00e9guret, C\u00f4tes du Rh\u00f4ne Villages A.C. 2017, France, Rh\u00f4ne, Domaine Jean David, Domaine Jean David, Grenache 65%, Syrah 25%, Cinsault 10%, Grenache 65%, Syrah 25%, Cinsault 10%<\/p>\n","protected":false},"featured_media":0,"comment_status":"closed","ping_status":"closed","template":"","meta":{"_acf_changed":false},"product_brand":[],"product_cat":[17],"product_tag":[],"enthaltene-traubensorte":[1555,1554,1552],"weintyp_tax":[2115],"subskription":[],"class_list":{"0":"post-35242","1":"product","2":"type-product","3":"status-publish","5":"product_cat-uncategorized","6":"enthaltene-traubensorte-cinsault","7":"enthaltene-traubensorte-grenache","8":"enthaltene-traubensorte-syrah","9":"weintyp_tax-vin-rouge","11":"first","12":"instock","13":"taxable","14":"shipping-taxable","15":"purchasable","16":"product-type-simple"},"acf":[],"publishpress_future_workflow_manual_trigger":{"enabledWorkflows":[]},"_links":{"self":[{"href":"https:\/\/cantinadelmulino.ch\/fr\/wp-json\/wp\/v2\/product\/35242","targetHints":{"allow":["GET"]}}],"collection":[{"href":"https:\/\/cantinadelmulino.ch\/fr\/wp-json\/wp\/v2\/product"}],"about":[{"href":"https:\/\/cantinadelmulino.ch\/fr\/wp-json\/wp\/v2\/types\/product"}],"replies":[{"embeddable":true,"href":"https:\/\/cantinadelmulino.ch\/fr\/wp-json\/wp\/v2\/comments?post=35242"}],"wp:attachment":[{"href":"https:\/\/cantinadelmulino.ch\/fr\/wp-json\/wp\/v2\/media?parent=35242"}],"wp:term":[{"taxonomy":"product_brand","embeddable":true,"href":"https:\/\/cantinadelmulino.ch\/fr\/wp-json\/wp\/v2\/product_brand?post=35242"},{"taxonomy":"product_cat","embeddable":true,"href":"https:\/\/cantinadelmulino.ch\/fr\/wp-json\/wp\/v2\/product_cat?post=35242"},{"taxonomy":"product_tag","embeddable":true,"href":"https:\/\/cantinadelmulino.ch\/fr\/wp-json\/wp\/v2\/product_tag?post=35242"},{"taxonomy":"enthaltene-traubensorte","embeddable":true,"href":"https:\/\/cantinadelmulino.ch\/fr\/wp-json\/wp\/v2\/enthaltene-traubensorte?post=35242"},{"taxonomy":"weintyp_tax","embeddable":true,"href":"https:\/\/cantinadelmulino.ch\/fr\/wp-json\/wp\/v2\/weintyp_tax?post=35242"},{"taxonomy":"subskription","embeddable":true,"href":"https:\/\/cantinadelmulino.ch\/fr\/wp-json\/wp\/v2\/subskription?post=35242"}],"curies":[{"name":"wp","href":"https:\/\/api.w.org\/{rel}","templated":true}]}}