{"id":35704,"date":"2026-04-08T01:17:40","date_gmt":"2026-04-08T00:17:40","guid":{"rendered":"https:\/\/cantinadelmulino.ch\/product\/le-clos-du-bourg-demi-sec-vouvray-a-c-2020-huet-75cl-vin-blanc\/"},"modified":"2026-04-08T01:17:43","modified_gmt":"2026-04-08T00:17:43","slug":"le-clos-du-bourg-demi-sec-vouvray-a-c-2020-domaine-huet-75cl-vin-blanc","status":"publish","type":"product","link":"https:\/\/cantinadelmulino.ch\/fr\/produit\/le-clos-du-bourg-demi-sec-vouvray-a-c-2020-domaine-huet-75cl-vin-blanc\/","title":{"rendered":"Le Clos du Bourg demi-sec Vouvray A.C. | 2020 | Domaine Huet | 75cl | vin blanc"},"content":{"rendered":"<p>Le Clos du Bourg demi-sec Vouvray A.C. 2020, France,\u00a0 Vall\u00e9e de la Loire\/Centre, , vin blanc, Chenin, 75cl, 2020, 13.5%, 75cl, Aperitif, Jakobsmuscheln im Snack, Spargel im Bl\u00e4tterteigmantel mit Entenbrust und Steinpilzsabayon, Kreolische K\u00fcche, H\u00fchnerwasserzooi, M\u00f6nchskopf,\u00a0 35.1<\/p>\n","protected":false},"excerpt":{"rendered":"<p>Le Clos du Bourg demi-sec Vouvray A.C. 2020, France, Vall\u00e9e de la Loire\/Centre, Domaine Huet, Domaine Huet, Chenin, Chenin<\/p>\n","protected":false},"featured_media":0,"comment_status":"closed","ping_status":"closed","template":"","meta":{"_acf_changed":false},"product_brand":[],"product_cat":[17],"product_tag":[],"enthaltene-traubensorte":[1542],"weintyp_tax":[2116],"subskription":[],"class_list":{"0":"post-35704","1":"product","2":"type-product","3":"status-publish","5":"product_cat-uncategorized","6":"enthaltene-traubensorte-chenin","7":"weintyp_tax-vin-blanc","9":"first","10":"instock","11":"taxable","12":"shipping-taxable","13":"purchasable","14":"product-type-simple"},"acf":[],"publishpress_future_workflow_manual_trigger":{"enabledWorkflows":[]},"_links":{"self":[{"href":"https:\/\/cantinadelmulino.ch\/fr\/wp-json\/wp\/v2\/product\/35704","targetHints":{"allow":["GET"]}}],"collection":[{"href":"https:\/\/cantinadelmulino.ch\/fr\/wp-json\/wp\/v2\/product"}],"about":[{"href":"https:\/\/cantinadelmulino.ch\/fr\/wp-json\/wp\/v2\/types\/product"}],"replies":[{"embeddable":true,"href":"https:\/\/cantinadelmulino.ch\/fr\/wp-json\/wp\/v2\/comments?post=35704"}],"wp:attachment":[{"href":"https:\/\/cantinadelmulino.ch\/fr\/wp-json\/wp\/v2\/media?parent=35704"}],"wp:term":[{"taxonomy":"product_brand","embeddable":true,"href":"https:\/\/cantinadelmulino.ch\/fr\/wp-json\/wp\/v2\/product_brand?post=35704"},{"taxonomy":"product_cat","embeddable":true,"href":"https:\/\/cantinadelmulino.ch\/fr\/wp-json\/wp\/v2\/product_cat?post=35704"},{"taxonomy":"product_tag","embeddable":true,"href":"https:\/\/cantinadelmulino.ch\/fr\/wp-json\/wp\/v2\/product_tag?post=35704"},{"taxonomy":"enthaltene-traubensorte","embeddable":true,"href":"https:\/\/cantinadelmulino.ch\/fr\/wp-json\/wp\/v2\/enthaltene-traubensorte?post=35704"},{"taxonomy":"weintyp_tax","embeddable":true,"href":"https:\/\/cantinadelmulino.ch\/fr\/wp-json\/wp\/v2\/weintyp_tax?post=35704"},{"taxonomy":"subskription","embeddable":true,"href":"https:\/\/cantinadelmulino.ch\/fr\/wp-json\/wp\/v2\/subskription?post=35704"}],"curies":[{"name":"wp","href":"https:\/\/api.w.org\/{rel}","templated":true}]}}