{"id":35710,"date":"2026-04-08T01:17:44","date_gmt":"2026-04-08T00:17:44","guid":{"rendered":"https:\/\/cantinadelmulino.ch\/product\/lepervier-rouge-coteaux-du-languedoc-la-clape-a-c-2019-pech-redon-150cl-vin-rouge\/"},"modified":"2026-04-08T01:17:47","modified_gmt":"2026-04-08T00:17:47","slug":"lepervier-rouge-la-clape-a-c-2019-chateau-pech-redon-150cl-vin-rouge","status":"publish","type":"product","link":"https:\/\/cantinadelmulino.ch\/fr\/produit\/lepervier-rouge-la-clape-a-c-2019-chateau-pech-redon-150cl-vin-rouge\/","title":{"rendered":"L\u2019\u00e9pervier rouge La Clape A.C. | 2019 | Ch\u00e2teau Pech Redon | 150cl | vin rouge"},"content":{"rendered":"<p>L\u2019\u00e9pervier rouge La Clape A.C. 2019, France,\u00a0 Languedoc, , vin rouge, Syrah 60%, Grenache noir 40%, 150cl, 2019, , 150cl, Wild, rotes Fleisch, Entenbrust,\u00a0 34.2<\/p>\n","protected":false},"excerpt":{"rendered":"<p>L\u2019\u00e9pervier rouge La Clape A.C. 2019, France, Languedoc, Ch\u00e2teau Pech Redon, Ch\u00e2teau Pech Redon, Syrah 60%, Grenache noir 40%, Syrah 60%, Grenache noir 40%<\/p>\n","protected":false},"featured_media":0,"comment_status":"closed","ping_status":"closed","template":"","meta":{"_acf_changed":false},"product_brand":[],"product_cat":[17],"product_tag":[],"enthaltene-traubensorte":[1573,1552],"weintyp_tax":[2115],"subskription":[],"class_list":{"0":"post-35710","1":"product","2":"type-product","3":"status-publish","5":"product_cat-uncategorized","6":"enthaltene-traubensorte-grenache-noir","7":"enthaltene-traubensorte-syrah","8":"weintyp_tax-vin-rouge","10":"first","11":"instock","12":"taxable","13":"shipping-taxable","14":"purchasable","15":"product-type-simple"},"acf":[],"publishpress_future_workflow_manual_trigger":{"enabledWorkflows":[]},"_links":{"self":[{"href":"https:\/\/cantinadelmulino.ch\/fr\/wp-json\/wp\/v2\/product\/35710","targetHints":{"allow":["GET"]}}],"collection":[{"href":"https:\/\/cantinadelmulino.ch\/fr\/wp-json\/wp\/v2\/product"}],"about":[{"href":"https:\/\/cantinadelmulino.ch\/fr\/wp-json\/wp\/v2\/types\/product"}],"replies":[{"embeddable":true,"href":"https:\/\/cantinadelmulino.ch\/fr\/wp-json\/wp\/v2\/comments?post=35710"}],"wp:attachment":[{"href":"https:\/\/cantinadelmulino.ch\/fr\/wp-json\/wp\/v2\/media?parent=35710"}],"wp:term":[{"taxonomy":"product_brand","embeddable":true,"href":"https:\/\/cantinadelmulino.ch\/fr\/wp-json\/wp\/v2\/product_brand?post=35710"},{"taxonomy":"product_cat","embeddable":true,"href":"https:\/\/cantinadelmulino.ch\/fr\/wp-json\/wp\/v2\/product_cat?post=35710"},{"taxonomy":"product_tag","embeddable":true,"href":"https:\/\/cantinadelmulino.ch\/fr\/wp-json\/wp\/v2\/product_tag?post=35710"},{"taxonomy":"enthaltene-traubensorte","embeddable":true,"href":"https:\/\/cantinadelmulino.ch\/fr\/wp-json\/wp\/v2\/enthaltene-traubensorte?post=35710"},{"taxonomy":"weintyp_tax","embeddable":true,"href":"https:\/\/cantinadelmulino.ch\/fr\/wp-json\/wp\/v2\/weintyp_tax?post=35710"},{"taxonomy":"subskription","embeddable":true,"href":"https:\/\/cantinadelmulino.ch\/fr\/wp-json\/wp\/v2\/subskription?post=35710"}],"curies":[{"name":"wp","href":"https:\/\/api.w.org\/{rel}","templated":true}]}}