{"id":35931,"date":"2026-04-15T01:20:34","date_gmt":"2026-04-15T00:20:34","guid":{"rendered":"https:\/\/cantinadelmulino.ch\/product\/le-mont-moelleux-1ere-trie-vouvray-a-c-2020-huet-75cl-vin-blanc\/"},"modified":"2026-04-15T01:20:35","modified_gmt":"2026-04-15T00:20:35","slug":"le-mont-moelleux-1ere-trie-vouvray-a-c-2020-domaine-huet-75cl-vin-blanc","status":"publish","type":"product","link":"https:\/\/cantinadelmulino.ch\/fr\/produit\/le-mont-moelleux-1ere-trie-vouvray-a-c-2020-domaine-huet-75cl-vin-blanc\/","title":{"rendered":"Le Mont moelleux 1\u00e8re trie Vouvray A.C. | 2020 | Domaine Huet | 75cl | vin blanc"},"content":{"rendered":"<p>Le Mont moelleux 1\u00e8re trie Vouvray A.C. 2020, France,\u00a0 Vall\u00e9e de la Loire\/Centre, , vin blanc, Chenin, 75cl, 2020, 12.5%, 75cl, Makronen mit G\u00e4nseleber, Schimmelk\u00e4se, in Wei\u00dfwein und orientalischen Gew\u00fcrzen pochierte Birne,\u00a0 58.5<\/p>\n","protected":false},"excerpt":{"rendered":"<p>Le Mont moelleux 1\u00e8re trie Vouvray A.C. 2020, France, Vall\u00e9e de la Loire\/Centre, Domaine Huet, Domaine Huet, Chenin, Chenin<\/p>\n","protected":false},"featured_media":0,"comment_status":"closed","ping_status":"closed","template":"","meta":{"_acf_changed":false},"product_brand":[],"product_cat":[17],"product_tag":[],"enthaltene-traubensorte":[1542],"weintyp_tax":[2116],"subskription":[],"class_list":{"0":"post-35931","1":"product","2":"type-product","3":"status-publish","5":"product_cat-uncategorized","6":"enthaltene-traubensorte-chenin","7":"weintyp_tax-vin-blanc","9":"first","10":"instock","11":"taxable","12":"shipping-taxable","13":"purchasable","14":"product-type-simple"},"acf":[],"publishpress_future_workflow_manual_trigger":{"enabledWorkflows":[]},"_links":{"self":[{"href":"https:\/\/cantinadelmulino.ch\/fr\/wp-json\/wp\/v2\/product\/35931","targetHints":{"allow":["GET"]}}],"collection":[{"href":"https:\/\/cantinadelmulino.ch\/fr\/wp-json\/wp\/v2\/product"}],"about":[{"href":"https:\/\/cantinadelmulino.ch\/fr\/wp-json\/wp\/v2\/types\/product"}],"replies":[{"embeddable":true,"href":"https:\/\/cantinadelmulino.ch\/fr\/wp-json\/wp\/v2\/comments?post=35931"}],"wp:attachment":[{"href":"https:\/\/cantinadelmulino.ch\/fr\/wp-json\/wp\/v2\/media?parent=35931"}],"wp:term":[{"taxonomy":"product_brand","embeddable":true,"href":"https:\/\/cantinadelmulino.ch\/fr\/wp-json\/wp\/v2\/product_brand?post=35931"},{"taxonomy":"product_cat","embeddable":true,"href":"https:\/\/cantinadelmulino.ch\/fr\/wp-json\/wp\/v2\/product_cat?post=35931"},{"taxonomy":"product_tag","embeddable":true,"href":"https:\/\/cantinadelmulino.ch\/fr\/wp-json\/wp\/v2\/product_tag?post=35931"},{"taxonomy":"enthaltene-traubensorte","embeddable":true,"href":"https:\/\/cantinadelmulino.ch\/fr\/wp-json\/wp\/v2\/enthaltene-traubensorte?post=35931"},{"taxonomy":"weintyp_tax","embeddable":true,"href":"https:\/\/cantinadelmulino.ch\/fr\/wp-json\/wp\/v2\/weintyp_tax?post=35931"},{"taxonomy":"subskription","embeddable":true,"href":"https:\/\/cantinadelmulino.ch\/fr\/wp-json\/wp\/v2\/subskription?post=35931"}],"curies":[{"name":"wp","href":"https:\/\/api.w.org\/{rel}","templated":true}]}}