{"id":35932,"date":"2026-04-08T01:17:44","date_gmt":"2026-04-08T00:17:44","guid":{"rendered":"https:\/\/cantinadelmulino.ch\/product\/le-clos-du-bourg-moelleux-1ere-trie-vouvray-a-c-2020-huet-75cl-vin-blanc\/"},"modified":"2026-04-08T01:17:45","modified_gmt":"2026-04-08T00:17:45","slug":"le-clos-du-bourg-moelleux-1ere-trie-vouvray-a-c-2020-domaine-huet-75cl-vin-blanc","status":"publish","type":"product","link":"https:\/\/cantinadelmulino.ch\/fr\/produit\/le-clos-du-bourg-moelleux-1ere-trie-vouvray-a-c-2020-domaine-huet-75cl-vin-blanc\/","title":{"rendered":"Le Clos du Bourg moelleux 1\u00e8re trie Vouvray A.C. | 2020 | Domaine Huet | 75cl | vin blanc"},"content":{"rendered":"<p>Le Clos du Bourg moelleux 1\u00e8re trie Vouvray A.C. 2020, France,\u00a0 Vall\u00e9e de la Loire\/Centre, , vin blanc, Chenin, 75cl, 2020, 12.5%, 75cl, Gegrillter Hummer mit Mango, gelbes Gefl\u00fcgel mit Gew\u00fcrzen, Roquefort Carles, Cr\u00eape Suzette, gebackene Birnen und ihre Lebkuchenbr\u00f6sel.,\u00a0 55.8<\/p>\n","protected":false},"excerpt":{"rendered":"<p>Le Clos du Bourg moelleux 1\u00e8re trie Vouvray A.C. 2020, France, Vall\u00e9e de la Loire\/Centre, Domaine Huet, Domaine Huet, Chenin, Chenin<\/p>\n","protected":false},"featured_media":0,"comment_status":"closed","ping_status":"closed","template":"","meta":{"_acf_changed":false},"product_brand":[],"product_cat":[17],"product_tag":[],"enthaltene-traubensorte":[1542],"weintyp_tax":[2116],"subskription":[],"class_list":{"0":"post-35932","1":"product","2":"type-product","3":"status-publish","5":"product_cat-uncategorized","6":"enthaltene-traubensorte-chenin","7":"weintyp_tax-vin-blanc","9":"first","10":"instock","11":"taxable","12":"shipping-taxable","13":"purchasable","14":"product-type-simple"},"acf":[],"publishpress_future_workflow_manual_trigger":{"enabledWorkflows":[]},"_links":{"self":[{"href":"https:\/\/cantinadelmulino.ch\/fr\/wp-json\/wp\/v2\/product\/35932","targetHints":{"allow":["GET"]}}],"collection":[{"href":"https:\/\/cantinadelmulino.ch\/fr\/wp-json\/wp\/v2\/product"}],"about":[{"href":"https:\/\/cantinadelmulino.ch\/fr\/wp-json\/wp\/v2\/types\/product"}],"replies":[{"embeddable":true,"href":"https:\/\/cantinadelmulino.ch\/fr\/wp-json\/wp\/v2\/comments?post=35932"}],"wp:attachment":[{"href":"https:\/\/cantinadelmulino.ch\/fr\/wp-json\/wp\/v2\/media?parent=35932"}],"wp:term":[{"taxonomy":"product_brand","embeddable":true,"href":"https:\/\/cantinadelmulino.ch\/fr\/wp-json\/wp\/v2\/product_brand?post=35932"},{"taxonomy":"product_cat","embeddable":true,"href":"https:\/\/cantinadelmulino.ch\/fr\/wp-json\/wp\/v2\/product_cat?post=35932"},{"taxonomy":"product_tag","embeddable":true,"href":"https:\/\/cantinadelmulino.ch\/fr\/wp-json\/wp\/v2\/product_tag?post=35932"},{"taxonomy":"enthaltene-traubensorte","embeddable":true,"href":"https:\/\/cantinadelmulino.ch\/fr\/wp-json\/wp\/v2\/enthaltene-traubensorte?post=35932"},{"taxonomy":"weintyp_tax","embeddable":true,"href":"https:\/\/cantinadelmulino.ch\/fr\/wp-json\/wp\/v2\/weintyp_tax?post=35932"},{"taxonomy":"subskription","embeddable":true,"href":"https:\/\/cantinadelmulino.ch\/fr\/wp-json\/wp\/v2\/subskription?post=35932"}],"curies":[{"name":"wp","href":"https:\/\/api.w.org\/{rel}","templated":true}]}}