{"id":35936,"date":"2026-04-15T01:20:55","date_gmt":"2026-04-15T00:20:55","guid":{"rendered":"https:\/\/cantinadelmulino.ch\/product\/greco-campania-igt-2019-cautiero-75cl-vin-blanc\/"},"modified":"2026-04-15T01:20:56","modified_gmt":"2026-04-15T00:20:56","slug":"greco-campania-igt-2019-az-agr-cautiero-75cl-vin-blanc","status":"publish","type":"product","link":"https:\/\/cantinadelmulino.ch\/fr\/produit\/greco-campania-igt-2019-az-agr-cautiero-75cl-vin-blanc\/","title":{"rendered":"Greco Campania IGT | 2019 | Az. Agr. Cautiero | 75cl | vin blanc"},"content":{"rendered":"<p>Greco Campania IGT 2019, Italia,\u00a0 Campania, , vin blanc, Greco, 75cl, 2019, 13.5%, 75cl, Meeresfr\u00fcchte, Meerfisch, Pizza Margherita oder mit Gem\u00fcse, Weichk\u00e4se,\u00a0 11.7<\/p>\n","protected":false},"excerpt":{"rendered":"<p>Greco Campania IGT 2019, Italia, Campania, Az. Agr. Cautiero, Az. Agr. Cautiero, Greco, Greco<\/p>\n","protected":false},"featured_media":0,"comment_status":"closed","ping_status":"closed","template":"","meta":{"_acf_changed":false},"product_brand":[],"product_cat":[17],"product_tag":[],"enthaltene-traubensorte":[1854],"weintyp_tax":[2116],"subskription":[],"class_list":{"0":"post-35936","1":"product","2":"type-product","3":"status-publish","5":"product_cat-uncategorized","6":"enthaltene-traubensorte-greco","7":"weintyp_tax-vin-blanc","9":"first","10":"instock","11":"taxable","12":"shipping-taxable","13":"purchasable","14":"product-type-simple"},"acf":[],"publishpress_future_workflow_manual_trigger":{"enabledWorkflows":[]},"_links":{"self":[{"href":"https:\/\/cantinadelmulino.ch\/fr\/wp-json\/wp\/v2\/product\/35936","targetHints":{"allow":["GET"]}}],"collection":[{"href":"https:\/\/cantinadelmulino.ch\/fr\/wp-json\/wp\/v2\/product"}],"about":[{"href":"https:\/\/cantinadelmulino.ch\/fr\/wp-json\/wp\/v2\/types\/product"}],"replies":[{"embeddable":true,"href":"https:\/\/cantinadelmulino.ch\/fr\/wp-json\/wp\/v2\/comments?post=35936"}],"wp:attachment":[{"href":"https:\/\/cantinadelmulino.ch\/fr\/wp-json\/wp\/v2\/media?parent=35936"}],"wp:term":[{"taxonomy":"product_brand","embeddable":true,"href":"https:\/\/cantinadelmulino.ch\/fr\/wp-json\/wp\/v2\/product_brand?post=35936"},{"taxonomy":"product_cat","embeddable":true,"href":"https:\/\/cantinadelmulino.ch\/fr\/wp-json\/wp\/v2\/product_cat?post=35936"},{"taxonomy":"product_tag","embeddable":true,"href":"https:\/\/cantinadelmulino.ch\/fr\/wp-json\/wp\/v2\/product_tag?post=35936"},{"taxonomy":"enthaltene-traubensorte","embeddable":true,"href":"https:\/\/cantinadelmulino.ch\/fr\/wp-json\/wp\/v2\/enthaltene-traubensorte?post=35936"},{"taxonomy":"weintyp_tax","embeddable":true,"href":"https:\/\/cantinadelmulino.ch\/fr\/wp-json\/wp\/v2\/weintyp_tax?post=35936"},{"taxonomy":"subskription","embeddable":true,"href":"https:\/\/cantinadelmulino.ch\/fr\/wp-json\/wp\/v2\/subskription?post=35936"}],"curies":[{"name":"wp","href":"https:\/\/api.w.org\/{rel}","templated":true}]}}