{"id":36089,"date":"2026-04-08T01:18:02","date_gmt":"2026-04-08T00:18:02","guid":{"rendered":"https:\/\/cantinadelmulino.ch\/product\/gammes-dete-fiefs-vendeens-aop-2021-saint-nicolas-75cl-vin-rouge\/"},"modified":"2026-04-08T01:18:04","modified_gmt":"2026-04-08T00:18:04","slug":"gammes-dete-fiefs-vendeens-aop-2021-domaine-saint-nicolas-75cl-vin-rouge","status":"publish","type":"product","link":"https:\/\/cantinadelmulino.ch\/fr\/produit\/gammes-dete-fiefs-vendeens-aop-2021-domaine-saint-nicolas-75cl-vin-rouge\/","title":{"rendered":"Gammes d\u2019\u00c9t\u00e9 Fiefs vend\u00e9ens AOP | 2021 | Domaine Saint Nicolas | 75cl | vin rouge"},"content":{"rendered":"<p>Gammes d\u2019\u00c9t\u00e9 Fiefs vend\u00e9ens AOP 2021, France,\u00a0 Vall\u00e9e de la Loire\/Centre, , vin rouge, Gamay, 75cl, 2021, , 75cl, ,\u00a0 13.5<\/p>\n","protected":false},"excerpt":{"rendered":"<p>Gammes d\u2019\u00c9t\u00e9 Fiefs vend\u00e9ens AOP 2021, France, Vall\u00e9e de la Loire\/Centre, Domaine Saint Nicolas, Domaine Saint Nicolas, Gamay, Gamay<\/p>\n","protected":false},"featured_media":0,"comment_status":"closed","ping_status":"closed","template":"","meta":{"_acf_changed":false},"product_brand":[],"product_cat":[17],"product_tag":[],"enthaltene-traubensorte":[1613],"weintyp_tax":[2115],"subskription":[],"class_list":{"0":"post-36089","1":"product","2":"type-product","3":"status-publish","5":"product_cat-uncategorized","6":"enthaltene-traubensorte-gamay","7":"weintyp_tax-vin-rouge","9":"first","10":"instock","11":"taxable","12":"shipping-taxable","13":"purchasable","14":"product-type-simple"},"acf":[],"publishpress_future_workflow_manual_trigger":{"enabledWorkflows":[]},"_links":{"self":[{"href":"https:\/\/cantinadelmulino.ch\/fr\/wp-json\/wp\/v2\/product\/36089","targetHints":{"allow":["GET"]}}],"collection":[{"href":"https:\/\/cantinadelmulino.ch\/fr\/wp-json\/wp\/v2\/product"}],"about":[{"href":"https:\/\/cantinadelmulino.ch\/fr\/wp-json\/wp\/v2\/types\/product"}],"replies":[{"embeddable":true,"href":"https:\/\/cantinadelmulino.ch\/fr\/wp-json\/wp\/v2\/comments?post=36089"}],"wp:attachment":[{"href":"https:\/\/cantinadelmulino.ch\/fr\/wp-json\/wp\/v2\/media?parent=36089"}],"wp:term":[{"taxonomy":"product_brand","embeddable":true,"href":"https:\/\/cantinadelmulino.ch\/fr\/wp-json\/wp\/v2\/product_brand?post=36089"},{"taxonomy":"product_cat","embeddable":true,"href":"https:\/\/cantinadelmulino.ch\/fr\/wp-json\/wp\/v2\/product_cat?post=36089"},{"taxonomy":"product_tag","embeddable":true,"href":"https:\/\/cantinadelmulino.ch\/fr\/wp-json\/wp\/v2\/product_tag?post=36089"},{"taxonomy":"enthaltene-traubensorte","embeddable":true,"href":"https:\/\/cantinadelmulino.ch\/fr\/wp-json\/wp\/v2\/enthaltene-traubensorte?post=36089"},{"taxonomy":"weintyp_tax","embeddable":true,"href":"https:\/\/cantinadelmulino.ch\/fr\/wp-json\/wp\/v2\/weintyp_tax?post=36089"},{"taxonomy":"subskription","embeddable":true,"href":"https:\/\/cantinadelmulino.ch\/fr\/wp-json\/wp\/v2\/subskription?post=36089"}],"curies":[{"name":"wp","href":"https:\/\/api.w.org\/{rel}","templated":true}]}}