{"id":36179,"date":"2026-04-15T01:19:17","date_gmt":"2026-04-15T00:19:17","guid":{"rendered":"https:\/\/cantinadelmulino.ch\/product\/michto-vdf-2018-zelige-caravent-75cl-vin-rouge\/"},"modified":"2026-04-15T01:19:17","modified_gmt":"2026-04-15T00:19:17","slug":"michto-rouge-petillant-gazeifie-vdf-2018-zelige-caravent-75cl-mousseux","status":"publish","type":"product","link":"https:\/\/cantinadelmulino.ch\/fr\/produit\/michto-rouge-petillant-gazeifie-vdf-2018-zelige-caravent-75cl-mousseux\/","title":{"rendered":"Michto Rouge p\u00e9tillant gaz\u00e9ifi\u00e9 vdf | 2018 | Z\u00e9lige-Caravent | 75cl | mousseux"},"content":{"rendered":"<p>Michto Rouge p\u00e9tillant gaz\u00e9ifi\u00e9 vdf 2018, France,\u00a0 Languedoc, , mousseux, \ufeffCarignan, 75cl, 2018, , 75cl, ,\u00a0 17.1<\/p>\n","protected":false},"excerpt":{"rendered":"<p>Michto Rouge p\u00e9tillant gaz\u00e9ifi\u00e9 vdf 2018, France, Languedoc, Z\u00e9lige-Caravent, Z\u00e9lige-Caravent, \ufeffCarignan, \ufeffCarignan<\/p>\n","protected":false},"featured_media":0,"comment_status":"closed","ping_status":"closed","template":"","meta":{"_acf_changed":false},"product_brand":[],"product_cat":[17],"product_tag":[],"enthaltene-traubensorte":[1553],"weintyp_tax":[2117],"subskription":[],"class_list":{"0":"post-36179","1":"product","2":"type-product","3":"status-publish","5":"product_cat-uncategorized","6":"enthaltene-traubensorte-carignan","7":"weintyp_tax-mousseux","9":"first","10":"instock","11":"taxable","12":"shipping-taxable","13":"purchasable","14":"product-type-simple"},"acf":[],"publishpress_future_workflow_manual_trigger":{"enabledWorkflows":[]},"_links":{"self":[{"href":"https:\/\/cantinadelmulino.ch\/fr\/wp-json\/wp\/v2\/product\/36179","targetHints":{"allow":["GET"]}}],"collection":[{"href":"https:\/\/cantinadelmulino.ch\/fr\/wp-json\/wp\/v2\/product"}],"about":[{"href":"https:\/\/cantinadelmulino.ch\/fr\/wp-json\/wp\/v2\/types\/product"}],"replies":[{"embeddable":true,"href":"https:\/\/cantinadelmulino.ch\/fr\/wp-json\/wp\/v2\/comments?post=36179"}],"wp:attachment":[{"href":"https:\/\/cantinadelmulino.ch\/fr\/wp-json\/wp\/v2\/media?parent=36179"}],"wp:term":[{"taxonomy":"product_brand","embeddable":true,"href":"https:\/\/cantinadelmulino.ch\/fr\/wp-json\/wp\/v2\/product_brand?post=36179"},{"taxonomy":"product_cat","embeddable":true,"href":"https:\/\/cantinadelmulino.ch\/fr\/wp-json\/wp\/v2\/product_cat?post=36179"},{"taxonomy":"product_tag","embeddable":true,"href":"https:\/\/cantinadelmulino.ch\/fr\/wp-json\/wp\/v2\/product_tag?post=36179"},{"taxonomy":"enthaltene-traubensorte","embeddable":true,"href":"https:\/\/cantinadelmulino.ch\/fr\/wp-json\/wp\/v2\/enthaltene-traubensorte?post=36179"},{"taxonomy":"weintyp_tax","embeddable":true,"href":"https:\/\/cantinadelmulino.ch\/fr\/wp-json\/wp\/v2\/weintyp_tax?post=36179"},{"taxonomy":"subskription","embeddable":true,"href":"https:\/\/cantinadelmulino.ch\/fr\/wp-json\/wp\/v2\/subskription?post=36179"}],"curies":[{"name":"wp","href":"https:\/\/api.w.org\/{rel}","templated":true}]}}