{"id":36536,"date":"2026-04-15T01:21:26","date_gmt":"2026-04-15T00:21:26","guid":{"rendered":"https:\/\/cantinadelmulino.ch\/product\/vase-n10-lavaux-villette-aoc-2021-chollet-75cl-vin-blanc\/"},"modified":"2026-04-15T01:21:28","modified_gmt":"2026-04-15T00:21:28","slug":"vase-n10-lavaux-villette-aoc-2021-domaine-mermetus-75cl-vin-blanc","status":"publish","type":"product","link":"https:\/\/cantinadelmulino.ch\/fr\/produit\/vase-n10-lavaux-villette-aoc-2021-domaine-mermetus-75cl-vin-blanc\/","title":{"rendered":"Vase n\u00b010 Lavaux Villette AOC | 2021 | Domaine Mermetus | 75cl | vin blanc"},"content":{"rendered":"<p>Vase n\u00b010 Lavaux Villette AOC 2021, Schweiz\/Suisse,\u00a0 Vaud, , vin blanc, Chasselas, 75cl, 2021, , 75cl, Aperitif, Eglifilet \u00e0 la meuni\u00e8re; Greyerzer, mittelharte K\u00e4se,\u00a0 20.7<\/p>\n","protected":false},"excerpt":{"rendered":"<p>Vase n\u00b010 Lavaux Villette AOC 2021, Schweiz\/Suisse, Vaud, Domaine Mermetus, Domaine Mermetus, Chasselas, Chasselas<\/p>\n","protected":false},"featured_media":0,"comment_status":"closed","ping_status":"closed","template":"","meta":{"_acf_changed":false},"product_brand":[],"product_cat":[17],"product_tag":[],"enthaltene-traubensorte":[1612],"weintyp_tax":[2116],"subskription":[],"class_list":{"0":"post-36536","1":"product","2":"type-product","3":"status-publish","5":"product_cat-uncategorized","6":"enthaltene-traubensorte-chasselas","7":"weintyp_tax-vin-blanc","9":"first","10":"instock","11":"taxable","12":"shipping-taxable","13":"purchasable","14":"product-type-simple"},"acf":[],"publishpress_future_workflow_manual_trigger":{"enabledWorkflows":[]},"_links":{"self":[{"href":"https:\/\/cantinadelmulino.ch\/fr\/wp-json\/wp\/v2\/product\/36536","targetHints":{"allow":["GET"]}}],"collection":[{"href":"https:\/\/cantinadelmulino.ch\/fr\/wp-json\/wp\/v2\/product"}],"about":[{"href":"https:\/\/cantinadelmulino.ch\/fr\/wp-json\/wp\/v2\/types\/product"}],"replies":[{"embeddable":true,"href":"https:\/\/cantinadelmulino.ch\/fr\/wp-json\/wp\/v2\/comments?post=36536"}],"wp:attachment":[{"href":"https:\/\/cantinadelmulino.ch\/fr\/wp-json\/wp\/v2\/media?parent=36536"}],"wp:term":[{"taxonomy":"product_brand","embeddable":true,"href":"https:\/\/cantinadelmulino.ch\/fr\/wp-json\/wp\/v2\/product_brand?post=36536"},{"taxonomy":"product_cat","embeddable":true,"href":"https:\/\/cantinadelmulino.ch\/fr\/wp-json\/wp\/v2\/product_cat?post=36536"},{"taxonomy":"product_tag","embeddable":true,"href":"https:\/\/cantinadelmulino.ch\/fr\/wp-json\/wp\/v2\/product_tag?post=36536"},{"taxonomy":"enthaltene-traubensorte","embeddable":true,"href":"https:\/\/cantinadelmulino.ch\/fr\/wp-json\/wp\/v2\/enthaltene-traubensorte?post=36536"},{"taxonomy":"weintyp_tax","embeddable":true,"href":"https:\/\/cantinadelmulino.ch\/fr\/wp-json\/wp\/v2\/weintyp_tax?post=36536"},{"taxonomy":"subskription","embeddable":true,"href":"https:\/\/cantinadelmulino.ch\/fr\/wp-json\/wp\/v2\/subskription?post=36536"}],"curies":[{"name":"wp","href":"https:\/\/api.w.org\/{rel}","templated":true}]}}