{"id":38460,"date":"2026-05-13T01:18:32","date_gmt":"2026-05-13T00:18:32","guid":{"rendered":"https:\/\/cantinadelmulino.ch\/product\/la-cadene-vinsobres-a-c-2016-chaume-arnaud-150cl-vin-rouge\/"},"modified":"2026-05-13T01:18:36","modified_gmt":"2026-05-13T00:18:36","slug":"la-cadene-vinsobres-a-c-2016-domaine-chaume-arnaud-150cl-vin-rouge","status":"publish","type":"product","link":"https:\/\/cantinadelmulino.ch\/fr\/produit\/la-cadene-vinsobres-a-c-2016-domaine-chaume-arnaud-150cl-vin-rouge\/","title":{"rendered":"La Cad\u00e8ne Vinsobres A.C. | 2016 | Domaine Chaume-Arnaud | 150cl | vin rouge"},"content":{"rendered":"<p>La Cad\u00e8ne Vinsobres A.C. 2016, France,\u00a0 Rh\u00f4ne, , vin rouge, Grenache 50%; Mourv\u00e8dre 25%, Syrah 25%, 150cl, 2016, 15%, 150cl, Wildpilz-Risotto, Wild, Ente an Oliven,\u00a0 50.4<\/p>\n","protected":false},"excerpt":{"rendered":"<p>La Cad\u00e8ne Vinsobres A.C. 2016, France, Rh\u00f4ne, Domaine Chaume-Arnaud, Domaine Chaume-Arnaud, Grenache 50%; Mourv\u00e8dre 25%, Syrah 25%, Grenache 50%; Mourv\u00e8dre 25%, Syrah 25%<\/p>\n","protected":false},"featured_media":0,"comment_status":"closed","ping_status":"closed","template":"","meta":{"_acf_changed":false},"product_brand":[],"product_cat":[17],"product_tag":[],"enthaltene-traubensorte":[1554,1551,1552],"weintyp_tax":[2115],"subskription":[],"class_list":{"0":"post-38460","1":"product","2":"type-product","3":"status-publish","5":"product_cat-uncategorized","6":"enthaltene-traubensorte-grenache","7":"enthaltene-traubensorte-mourvedre","8":"enthaltene-traubensorte-syrah","9":"weintyp_tax-vin-rouge","11":"first","12":"instock","13":"taxable","14":"shipping-taxable","15":"purchasable","16":"product-type-simple"},"acf":[],"publishpress_future_workflow_manual_trigger":{"enabledWorkflows":[]},"_links":{"self":[{"href":"https:\/\/cantinadelmulino.ch\/fr\/wp-json\/wp\/v2\/product\/38460","targetHints":{"allow":["GET"]}}],"collection":[{"href":"https:\/\/cantinadelmulino.ch\/fr\/wp-json\/wp\/v2\/product"}],"about":[{"href":"https:\/\/cantinadelmulino.ch\/fr\/wp-json\/wp\/v2\/types\/product"}],"replies":[{"embeddable":true,"href":"https:\/\/cantinadelmulino.ch\/fr\/wp-json\/wp\/v2\/comments?post=38460"}],"wp:attachment":[{"href":"https:\/\/cantinadelmulino.ch\/fr\/wp-json\/wp\/v2\/media?parent=38460"}],"wp:term":[{"taxonomy":"product_brand","embeddable":true,"href":"https:\/\/cantinadelmulino.ch\/fr\/wp-json\/wp\/v2\/product_brand?post=38460"},{"taxonomy":"product_cat","embeddable":true,"href":"https:\/\/cantinadelmulino.ch\/fr\/wp-json\/wp\/v2\/product_cat?post=38460"},{"taxonomy":"product_tag","embeddable":true,"href":"https:\/\/cantinadelmulino.ch\/fr\/wp-json\/wp\/v2\/product_tag?post=38460"},{"taxonomy":"enthaltene-traubensorte","embeddable":true,"href":"https:\/\/cantinadelmulino.ch\/fr\/wp-json\/wp\/v2\/enthaltene-traubensorte?post=38460"},{"taxonomy":"weintyp_tax","embeddable":true,"href":"https:\/\/cantinadelmulino.ch\/fr\/wp-json\/wp\/v2\/weintyp_tax?post=38460"},{"taxonomy":"subskription","embeddable":true,"href":"https:\/\/cantinadelmulino.ch\/fr\/wp-json\/wp\/v2\/subskription?post=38460"}],"curies":[{"name":"wp","href":"https:\/\/api.w.org\/{rel}","templated":true}]}}