{"id":38468,"date":"2026-04-29T01:21:43","date_gmt":"2026-04-29T00:21:43","guid":{"rendered":"https:\/\/cantinadelmulino.ch\/product\/chateauneuf-du-pape-a-c-2020-pierre-andre-75cl-vin-rouge\/"},"modified":"2026-04-29T01:21:49","modified_gmt":"2026-04-29T00:21:49","slug":"chateauneuf-du-pape-a-c-2020-domaine-pierre-andre-75cl-vin-rouge","status":"publish","type":"product","link":"https:\/\/cantinadelmulino.ch\/fr\/produit\/chateauneuf-du-pape-a-c-2020-domaine-pierre-andre-75cl-vin-rouge\/","title":{"rendered":"Ch\u00e2teauneuf-du-Pape A.C. | 2020 | Domaine Pierre Andr\u00e9 | 75cl | vin rouge"},"content":{"rendered":"<p>Ch\u00e2teauneuf-du-Pape A.C. 2020, France,\u00a0 Rh\u00f4ne, , vin rouge, Grenache noir 78%, Syrah 10%, Mourv\u00e8dre 10%, Cinsault, Muscardin, Counoise, Piquepoul noir, 75cl, 2020, 14.5%, 75cl, Lamm, Wild, andere gehaltvolle Fleischgerichte,\u00a0 41.4<\/p>\n","protected":false},"excerpt":{"rendered":"<p>Ch\u00e2teauneuf-du-Pape A.C. 2020, France, Rh\u00f4ne, Domaine Pierre Andr\u00e9, Domaine Pierre Andr\u00e9, Grenache noir 78%, Syrah 10%, Mourv\u00e8dre 10%, Cinsault, Muscardin, Counoise, Piquepoul noir, Grenache noir 78%, Syrah 10%, Mourv\u00e8dre 10%, Cinsault, Muscardin, Counoise, Piquepoul noir<\/p>\n","protected":false},"featured_media":0,"comment_status":"closed","ping_status":"closed","template":"","meta":{"_acf_changed":false},"product_brand":[],"product_cat":[17],"product_tag":[],"enthaltene-traubensorte":[1555,1585,1573,1551,1584,2210,1552],"weintyp_tax":[2115],"subskription":[],"class_list":{"0":"post-38468","1":"product","2":"type-product","3":"status-publish","5":"product_cat-uncategorized","6":"enthaltene-traubensorte-cinsault","7":"enthaltene-traubensorte-counoise","8":"enthaltene-traubensorte-grenache-noir","9":"enthaltene-traubensorte-mourvedre","10":"enthaltene-traubensorte-muscardin","11":"enthaltene-traubensorte-piquepoul-noir","12":"enthaltene-traubensorte-syrah","13":"weintyp_tax-vin-rouge","15":"first","16":"instock","17":"taxable","18":"shipping-taxable","19":"purchasable","20":"product-type-simple"},"acf":[],"publishpress_future_workflow_manual_trigger":{"enabledWorkflows":[]},"_links":{"self":[{"href":"https:\/\/cantinadelmulino.ch\/fr\/wp-json\/wp\/v2\/product\/38468","targetHints":{"allow":["GET"]}}],"collection":[{"href":"https:\/\/cantinadelmulino.ch\/fr\/wp-json\/wp\/v2\/product"}],"about":[{"href":"https:\/\/cantinadelmulino.ch\/fr\/wp-json\/wp\/v2\/types\/product"}],"replies":[{"embeddable":true,"href":"https:\/\/cantinadelmulino.ch\/fr\/wp-json\/wp\/v2\/comments?post=38468"}],"wp:attachment":[{"href":"https:\/\/cantinadelmulino.ch\/fr\/wp-json\/wp\/v2\/media?parent=38468"}],"wp:term":[{"taxonomy":"product_brand","embeddable":true,"href":"https:\/\/cantinadelmulino.ch\/fr\/wp-json\/wp\/v2\/product_brand?post=38468"},{"taxonomy":"product_cat","embeddable":true,"href":"https:\/\/cantinadelmulino.ch\/fr\/wp-json\/wp\/v2\/product_cat?post=38468"},{"taxonomy":"product_tag","embeddable":true,"href":"https:\/\/cantinadelmulino.ch\/fr\/wp-json\/wp\/v2\/product_tag?post=38468"},{"taxonomy":"enthaltene-traubensorte","embeddable":true,"href":"https:\/\/cantinadelmulino.ch\/fr\/wp-json\/wp\/v2\/enthaltene-traubensorte?post=38468"},{"taxonomy":"weintyp_tax","embeddable":true,"href":"https:\/\/cantinadelmulino.ch\/fr\/wp-json\/wp\/v2\/weintyp_tax?post=38468"},{"taxonomy":"subskription","embeddable":true,"href":"https:\/\/cantinadelmulino.ch\/fr\/wp-json\/wp\/v2\/subskription?post=38468"}],"curies":[{"name":"wp","href":"https:\/\/api.w.org\/{rel}","templated":true}]}}