{"id":38476,"date":"2026-04-08T01:18:35","date_gmt":"2026-04-08T00:18:35","guid":{"rendered":"https:\/\/cantinadelmulino.ch\/product\/cuvee-de-papet-chateauneuf-du-pape-a-c-2020-clos-du-mont-olivet-150cl-vin-rouge\/"},"modified":"2026-04-08T01:18:38","modified_gmt":"2026-04-08T00:18:38","slug":"cuvee-de-papet-chateauneuf-du-pape-a-c-2020-clos-du-mont-olivet-150cl-vin-rouge","status":"publish","type":"product","link":"https:\/\/cantinadelmulino.ch\/fr\/produit\/cuvee-de-papet-chateauneuf-du-pape-a-c-2020-clos-du-mont-olivet-150cl-vin-rouge\/","title":{"rendered":"Cuv\u00e9e de Papet Ch\u00e2teauneuf-du-Pape A.C. | 2020 | Clos du Mont Olivet | 150cl | vin rouge"},"content":{"rendered":"<p>Cuv\u00e9e de Papet Ch\u00e2teauneuf-du-Pape A.C. 2020, France,\u00a0 Rh\u00f4ne, , vin rouge, Grenache noir 80%, Mourve\u0300dre 10%, Syrah 10%, 150cl, 2020, , 150cl, ,\u00a0 153<\/p>\n","protected":false},"excerpt":{"rendered":"<p>Cuv\u00e9e de Papet Ch\u00e2teauneuf-du-Pape A.C. 2020, France, Rh\u00f4ne, Clos du Mont Olivet, Clos du Mont Olivet, Grenache noir 80%, Mourve\u0300dre 10%, Syrah 10%, Grenache noir 80%, Mourve\u0300dre 10%, Syrah 10%<\/p>\n","protected":false},"featured_media":0,"comment_status":"closed","ping_status":"closed","template":"","meta":{"_acf_changed":false},"product_brand":[],"product_cat":[17],"product_tag":[],"enthaltene-traubensorte":[1573,1606,1552],"weintyp_tax":[2115],"subskription":[],"class_list":{"0":"post-38476","1":"product","2":"type-product","3":"status-publish","5":"product_cat-uncategorized","6":"enthaltene-traubensorte-grenache-noir","7":"enthaltene-traubensorte-mourvdre","8":"enthaltene-traubensorte-syrah","9":"weintyp_tax-vin-rouge","11":"first","12":"instock","13":"taxable","14":"shipping-taxable","15":"purchasable","16":"product-type-simple"},"acf":[],"publishpress_future_workflow_manual_trigger":{"enabledWorkflows":[]},"_links":{"self":[{"href":"https:\/\/cantinadelmulino.ch\/fr\/wp-json\/wp\/v2\/product\/38476","targetHints":{"allow":["GET"]}}],"collection":[{"href":"https:\/\/cantinadelmulino.ch\/fr\/wp-json\/wp\/v2\/product"}],"about":[{"href":"https:\/\/cantinadelmulino.ch\/fr\/wp-json\/wp\/v2\/types\/product"}],"replies":[{"embeddable":true,"href":"https:\/\/cantinadelmulino.ch\/fr\/wp-json\/wp\/v2\/comments?post=38476"}],"wp:attachment":[{"href":"https:\/\/cantinadelmulino.ch\/fr\/wp-json\/wp\/v2\/media?parent=38476"}],"wp:term":[{"taxonomy":"product_brand","embeddable":true,"href":"https:\/\/cantinadelmulino.ch\/fr\/wp-json\/wp\/v2\/product_brand?post=38476"},{"taxonomy":"product_cat","embeddable":true,"href":"https:\/\/cantinadelmulino.ch\/fr\/wp-json\/wp\/v2\/product_cat?post=38476"},{"taxonomy":"product_tag","embeddable":true,"href":"https:\/\/cantinadelmulino.ch\/fr\/wp-json\/wp\/v2\/product_tag?post=38476"},{"taxonomy":"enthaltene-traubensorte","embeddable":true,"href":"https:\/\/cantinadelmulino.ch\/fr\/wp-json\/wp\/v2\/enthaltene-traubensorte?post=38476"},{"taxonomy":"weintyp_tax","embeddable":true,"href":"https:\/\/cantinadelmulino.ch\/fr\/wp-json\/wp\/v2\/weintyp_tax?post=38476"},{"taxonomy":"subskription","embeddable":true,"href":"https:\/\/cantinadelmulino.ch\/fr\/wp-json\/wp\/v2\/subskription?post=38476"}],"curies":[{"name":"wp","href":"https:\/\/api.w.org\/{rel}","templated":true}]}}