{"id":38749,"date":"2026-04-15T01:21:41","date_gmt":"2026-04-15T00:21:41","guid":{"rendered":"https:\/\/cantinadelmulino.ch\/product\/arinto-fernao-pires-torres-vedras-doc-2018-vale-da-capucha-75cl-vin-blanc\/"},"modified":"2026-04-15T01:21:46","modified_gmt":"2026-04-15T00:21:46","slug":"parcela-sao-jose-fernao-pires-arinto-torres-vedras-doc-2018-vale-da-capucha-75cl-vin-blanc","status":"publish","type":"product","link":"https:\/\/cantinadelmulino.ch\/fr\/produit\/parcela-sao-jose-fernao-pires-arinto-torres-vedras-doc-2018-vale-da-capucha-75cl-vin-blanc\/","title":{"rendered":"Parcela S\u00e3o Jos\u00e9 &#8211; Fern\u00e3o Pires &#8211; Arinto Torres Vedras DOC | 2018 | Vale da Capucha | 75cl | vin blanc"},"content":{"rendered":"<p>Parcela S\u00e3o Jos\u00e9 &#8211; Fern\u00e3o Pires &#8211; Arinto Torres Vedras DOC 2018, Portugal,\u00a0 Lisboa, , vin blanc, Fern\u00e3o Pires 92%, Arinto, 75cl, 2018, , 75cl, ,\u00a0 20.25<\/p>\n","protected":false},"excerpt":{"rendered":"<p>Parcela S\u00e3o Jos\u00e9 &#8211; Fern\u00e3o Pires &#8211; Arinto Torres Vedras DOC 2018, Portugal, Lisboa, Vale da Capucha, Vale da Capucha, Fern\u00e3o Pires 92%, Arinto, Fern\u00e3o Pires 92%, Arinto<\/p>\n","protected":false},"featured_media":0,"comment_status":"closed","ping_status":"closed","template":"","meta":{"_acf_changed":false},"product_brand":[],"product_cat":[17],"product_tag":[],"enthaltene-traubensorte":[1620,1657],"weintyp_tax":[2116],"subskription":[],"class_list":{"0":"post-38749","1":"product","2":"type-product","3":"status-publish","5":"product_cat-uncategorized","6":"enthaltene-traubensorte-arinto","7":"enthaltene-traubensorte-fernao-pires","8":"weintyp_tax-vin-blanc","10":"first","11":"instock","12":"taxable","13":"shipping-taxable","14":"purchasable","15":"product-type-simple"},"acf":[],"publishpress_future_workflow_manual_trigger":{"enabledWorkflows":[]},"_links":{"self":[{"href":"https:\/\/cantinadelmulino.ch\/fr\/wp-json\/wp\/v2\/product\/38749","targetHints":{"allow":["GET"]}}],"collection":[{"href":"https:\/\/cantinadelmulino.ch\/fr\/wp-json\/wp\/v2\/product"}],"about":[{"href":"https:\/\/cantinadelmulino.ch\/fr\/wp-json\/wp\/v2\/types\/product"}],"replies":[{"embeddable":true,"href":"https:\/\/cantinadelmulino.ch\/fr\/wp-json\/wp\/v2\/comments?post=38749"}],"wp:attachment":[{"href":"https:\/\/cantinadelmulino.ch\/fr\/wp-json\/wp\/v2\/media?parent=38749"}],"wp:term":[{"taxonomy":"product_brand","embeddable":true,"href":"https:\/\/cantinadelmulino.ch\/fr\/wp-json\/wp\/v2\/product_brand?post=38749"},{"taxonomy":"product_cat","embeddable":true,"href":"https:\/\/cantinadelmulino.ch\/fr\/wp-json\/wp\/v2\/product_cat?post=38749"},{"taxonomy":"product_tag","embeddable":true,"href":"https:\/\/cantinadelmulino.ch\/fr\/wp-json\/wp\/v2\/product_tag?post=38749"},{"taxonomy":"enthaltene-traubensorte","embeddable":true,"href":"https:\/\/cantinadelmulino.ch\/fr\/wp-json\/wp\/v2\/enthaltene-traubensorte?post=38749"},{"taxonomy":"weintyp_tax","embeddable":true,"href":"https:\/\/cantinadelmulino.ch\/fr\/wp-json\/wp\/v2\/weintyp_tax?post=38749"},{"taxonomy":"subskription","embeddable":true,"href":"https:\/\/cantinadelmulino.ch\/fr\/wp-json\/wp\/v2\/subskription?post=38749"}],"curies":[{"name":"wp","href":"https:\/\/api.w.org\/{rel}","templated":true}]}}