{"id":38773,"date":"2026-04-15T01:23:10","date_gmt":"2026-04-15T00:23:10","guid":{"rendered":"https:\/\/cantinadelmulino.ch\/product\/roussanne-cotes-du-rhone-villages-seguret-blanc-aop-2021-jean-david-75cl-vin-blanc\/"},"modified":"2026-04-15T01:23:15","modified_gmt":"2026-04-15T00:23:15","slug":"roussanne-cotes-du-rhone-villages-seguret-blanc-aop-2021-domaine-jean-david-75cl-vin-blanc","status":"publish","type":"product","link":"https:\/\/cantinadelmulino.ch\/fr\/produit\/roussanne-cotes-du-rhone-villages-seguret-blanc-aop-2021-domaine-jean-david-75cl-vin-blanc\/","title":{"rendered":"Roussanne C\u00f4tes du Rh\u00f4ne Villages S\u00e9guret blanc AOP | 2021 | Domaine Jean David | 75cl | vin blanc"},"content":{"rendered":"<p>Roussanne C\u00f4tes du Rh\u00f4ne Villages S\u00e9guret blanc AOP 2021, France,\u00a0 Rh\u00f4ne, , vin blanc, Roussanne, Bourboulenc, 75cl, 2021, 12.5%, 75cl, ,\u00a0 18.9<\/p>\n","protected":false},"excerpt":{"rendered":"<p>Roussanne C\u00f4tes du Rh\u00f4ne Villages S\u00e9guret blanc AOP 2021, France, Rh\u00f4ne, Domaine Jean David, Domaine Jean David, Roussanne, Bourboulenc, Roussanne, Bourboulenc<\/p>\n","protected":false},"featured_media":0,"comment_status":"closed","ping_status":"closed","template":"","meta":{"_acf_changed":false},"product_brand":[],"product_cat":[17],"product_tag":[],"enthaltene-traubensorte":[1603,1558],"weintyp_tax":[2116],"subskription":[],"class_list":{"0":"post-38773","1":"product","2":"type-product","3":"status-publish","5":"product_cat-uncategorized","6":"enthaltene-traubensorte-bourboulenc","7":"enthaltene-traubensorte-roussanne","8":"weintyp_tax-vin-blanc","10":"first","11":"instock","12":"taxable","13":"shipping-taxable","14":"purchasable","15":"product-type-simple"},"acf":[],"publishpress_future_workflow_manual_trigger":{"enabledWorkflows":[]},"_links":{"self":[{"href":"https:\/\/cantinadelmulino.ch\/fr\/wp-json\/wp\/v2\/product\/38773","targetHints":{"allow":["GET"]}}],"collection":[{"href":"https:\/\/cantinadelmulino.ch\/fr\/wp-json\/wp\/v2\/product"}],"about":[{"href":"https:\/\/cantinadelmulino.ch\/fr\/wp-json\/wp\/v2\/types\/product"}],"replies":[{"embeddable":true,"href":"https:\/\/cantinadelmulino.ch\/fr\/wp-json\/wp\/v2\/comments?post=38773"}],"wp:attachment":[{"href":"https:\/\/cantinadelmulino.ch\/fr\/wp-json\/wp\/v2\/media?parent=38773"}],"wp:term":[{"taxonomy":"product_brand","embeddable":true,"href":"https:\/\/cantinadelmulino.ch\/fr\/wp-json\/wp\/v2\/product_brand?post=38773"},{"taxonomy":"product_cat","embeddable":true,"href":"https:\/\/cantinadelmulino.ch\/fr\/wp-json\/wp\/v2\/product_cat?post=38773"},{"taxonomy":"product_tag","embeddable":true,"href":"https:\/\/cantinadelmulino.ch\/fr\/wp-json\/wp\/v2\/product_tag?post=38773"},{"taxonomy":"enthaltene-traubensorte","embeddable":true,"href":"https:\/\/cantinadelmulino.ch\/fr\/wp-json\/wp\/v2\/enthaltene-traubensorte?post=38773"},{"taxonomy":"weintyp_tax","embeddable":true,"href":"https:\/\/cantinadelmulino.ch\/fr\/wp-json\/wp\/v2\/weintyp_tax?post=38773"},{"taxonomy":"subskription","embeddable":true,"href":"https:\/\/cantinadelmulino.ch\/fr\/wp-json\/wp\/v2\/subskription?post=38773"}],"curies":[{"name":"wp","href":"https:\/\/api.w.org\/{rel}","templated":true}]}}