{"id":38779,"date":"2026-04-08T01:18:53","date_gmt":"2026-04-08T00:18:53","guid":{"rendered":"https:\/\/cantinadelmulino.ch\/product\/ocrement-dit-cahors-aop-2020-valerie-courreges-150cl-vin-rouge\/"},"modified":"2026-04-08T01:19:00","modified_gmt":"2026-04-08T00:19:00","slug":"ocrement-dit-cahors-aop-2020-valerie-courreges-cahors-150cl-vin-rouge","status":"publish","type":"product","link":"https:\/\/cantinadelmulino.ch\/fr\/produit\/ocrement-dit-cahors-aop-2020-valerie-courreges-cahors-150cl-vin-rouge\/","title":{"rendered":"Ocrement-dit Cahors AOP | 2020 | Val\u00e9rie Courr\u00e8ges Cahors | 150cl | vin rouge"},"content":{"rendered":"<p>Ocrement-dit Cahors AOP 2020, France,\u00a0 Sud-Ouest, , vin rouge, Malbec, 150cl, 2020, , 150cl, ,\u00a0 37.8<\/p>\n","protected":false},"excerpt":{"rendered":"<p>Ocrement-dit Cahors AOP 2020, France, Sud-Ouest, Val\u00e9rie Courr\u00e8ges Cahors, Val\u00e9rie Courr\u00e8ges Cahors, Malbec, Malbec<\/p>\n","protected":false},"featured_media":0,"comment_status":"closed","ping_status":"closed","template":"","meta":{"_acf_changed":false},"product_brand":[],"product_cat":[17],"product_tag":[],"enthaltene-traubensorte":[1579],"weintyp_tax":[2115],"subskription":[],"class_list":{"0":"post-38779","1":"product","2":"type-product","3":"status-publish","5":"product_cat-uncategorized","6":"enthaltene-traubensorte-malbec","7":"weintyp_tax-vin-rouge","9":"first","10":"instock","11":"taxable","12":"shipping-taxable","13":"purchasable","14":"product-type-simple"},"acf":[],"publishpress_future_workflow_manual_trigger":{"enabledWorkflows":[]},"_links":{"self":[{"href":"https:\/\/cantinadelmulino.ch\/fr\/wp-json\/wp\/v2\/product\/38779","targetHints":{"allow":["GET"]}}],"collection":[{"href":"https:\/\/cantinadelmulino.ch\/fr\/wp-json\/wp\/v2\/product"}],"about":[{"href":"https:\/\/cantinadelmulino.ch\/fr\/wp-json\/wp\/v2\/types\/product"}],"replies":[{"embeddable":true,"href":"https:\/\/cantinadelmulino.ch\/fr\/wp-json\/wp\/v2\/comments?post=38779"}],"wp:attachment":[{"href":"https:\/\/cantinadelmulino.ch\/fr\/wp-json\/wp\/v2\/media?parent=38779"}],"wp:term":[{"taxonomy":"product_brand","embeddable":true,"href":"https:\/\/cantinadelmulino.ch\/fr\/wp-json\/wp\/v2\/product_brand?post=38779"},{"taxonomy":"product_cat","embeddable":true,"href":"https:\/\/cantinadelmulino.ch\/fr\/wp-json\/wp\/v2\/product_cat?post=38779"},{"taxonomy":"product_tag","embeddable":true,"href":"https:\/\/cantinadelmulino.ch\/fr\/wp-json\/wp\/v2\/product_tag?post=38779"},{"taxonomy":"enthaltene-traubensorte","embeddable":true,"href":"https:\/\/cantinadelmulino.ch\/fr\/wp-json\/wp\/v2\/enthaltene-traubensorte?post=38779"},{"taxonomy":"weintyp_tax","embeddable":true,"href":"https:\/\/cantinadelmulino.ch\/fr\/wp-json\/wp\/v2\/weintyp_tax?post=38779"},{"taxonomy":"subskription","embeddable":true,"href":"https:\/\/cantinadelmulino.ch\/fr\/wp-json\/wp\/v2\/subskription?post=38779"}],"curies":[{"name":"wp","href":"https:\/\/api.w.org\/{rel}","templated":true}]}}