{"id":38839,"date":"2026-05-06T01:20:43","date_gmt":"2026-05-06T00:20:43","guid":{"rendered":"https:\/\/cantinadelmulino.ch\/product\/fois-falanghina-campania-igt-2021-cautiero-75cl-vin-blanc\/"},"modified":"2026-05-06T01:20:47","modified_gmt":"2026-05-06T00:20:47","slug":"fois-falanghina-campania-igt-2021-az-agr-cautiero-75cl-vin-blanc","status":"publish","type":"product","link":"https:\/\/cantinadelmulino.ch\/fr\/produit\/fois-falanghina-campania-igt-2021-az-agr-cautiero-75cl-vin-blanc\/","title":{"rendered":"Fois Falanghina Campania IGT | 2021 | Az. Agr. Cautiero | 75cl | vin blanc"},"content":{"rendered":"<p>Fois Falanghina Campania IGT 2021, Italia,\u00a0 Campania, , vin blanc, Falanghina, 75cl, 2021, 14%, 75cl, Meeresfr\u00fcchte, Meerfisch, Pizza Margherita oder mit Gem\u00fcse, Weichk\u00e4se,\u00a0 12.15<\/p>\n","protected":false},"excerpt":{"rendered":"<p>Fois Falanghina Campania IGT 2021, Italia, Campania, Az. Agr. Cautiero, Az. Agr. Cautiero, Falanghina, Falanghina<\/p>\n","protected":false},"featured_media":0,"comment_status":"closed","ping_status":"closed","template":"","meta":{"_acf_changed":false},"product_brand":[],"product_cat":[17],"product_tag":[],"enthaltene-traubensorte":[1631],"weintyp_tax":[2116],"subskription":[],"class_list":{"0":"post-38839","1":"product","2":"type-product","3":"status-publish","5":"product_cat-uncategorized","6":"enthaltene-traubensorte-falanghina","7":"weintyp_tax-vin-blanc","9":"first","10":"instock","11":"taxable","12":"shipping-taxable","13":"purchasable","14":"product-type-simple"},"acf":[],"publishpress_future_workflow_manual_trigger":{"enabledWorkflows":[]},"_links":{"self":[{"href":"https:\/\/cantinadelmulino.ch\/fr\/wp-json\/wp\/v2\/product\/38839","targetHints":{"allow":["GET"]}}],"collection":[{"href":"https:\/\/cantinadelmulino.ch\/fr\/wp-json\/wp\/v2\/product"}],"about":[{"href":"https:\/\/cantinadelmulino.ch\/fr\/wp-json\/wp\/v2\/types\/product"}],"replies":[{"embeddable":true,"href":"https:\/\/cantinadelmulino.ch\/fr\/wp-json\/wp\/v2\/comments?post=38839"}],"wp:attachment":[{"href":"https:\/\/cantinadelmulino.ch\/fr\/wp-json\/wp\/v2\/media?parent=38839"}],"wp:term":[{"taxonomy":"product_brand","embeddable":true,"href":"https:\/\/cantinadelmulino.ch\/fr\/wp-json\/wp\/v2\/product_brand?post=38839"},{"taxonomy":"product_cat","embeddable":true,"href":"https:\/\/cantinadelmulino.ch\/fr\/wp-json\/wp\/v2\/product_cat?post=38839"},{"taxonomy":"product_tag","embeddable":true,"href":"https:\/\/cantinadelmulino.ch\/fr\/wp-json\/wp\/v2\/product_tag?post=38839"},{"taxonomy":"enthaltene-traubensorte","embeddable":true,"href":"https:\/\/cantinadelmulino.ch\/fr\/wp-json\/wp\/v2\/enthaltene-traubensorte?post=38839"},{"taxonomy":"weintyp_tax","embeddable":true,"href":"https:\/\/cantinadelmulino.ch\/fr\/wp-json\/wp\/v2\/weintyp_tax?post=38839"},{"taxonomy":"subskription","embeddable":true,"href":"https:\/\/cantinadelmulino.ch\/fr\/wp-json\/wp\/v2\/subskription?post=38839"}],"curies":[{"name":"wp","href":"https:\/\/api.w.org\/{rel}","templated":true}]}}