{"id":38931,"date":"2026-04-15T01:23:17","date_gmt":"2026-04-15T00:23:17","guid":{"rendered":"https:\/\/cantinadelmulino.ch\/product\/les-chemins-davize-grand-cru-extra-brut-champagne-a-c-2015-larmandier-bernier-75cl-mousseux\/"},"modified":"2026-04-15T01:23:20","modified_gmt":"2026-04-15T00:23:20","slug":"les-chemins-davize-grand-cru-extra-brut-champagne-a-c-2015-larmandier-bernier-75cl-mousseux","status":"publish","type":"product","link":"https:\/\/cantinadelmulino.ch\/fr\/produit\/les-chemins-davize-grand-cru-extra-brut-champagne-a-c-2015-larmandier-bernier-75cl-mousseux\/","title":{"rendered":"Les Chemins d\u2019Avize Grand Cru Extra Brut Champagne A.C. | 2015 | Larmandier-Bernier | 75cl | mousseux"},"content":{"rendered":"<p>Les Chemins d\u2019Avize Grand Cru Extra Brut Champagne A.C. 2015, France,\u00a0 Champagne, , mousseux, Chardonnay, 75cl, 2015, , 75cl, Ap\u00e9ritif, G\u00e4nsestopfleber, wilder Lachs, Gefl\u00fcgel,\u00a0 139.5<\/p>\n","protected":false},"excerpt":{"rendered":"<p>Les Chemins d\u2019Avize Grand Cru Extra Brut Champagne A.C. 2015, France, Champagne, Larmandier-Bernier, Larmandier-Bernier, Chardonnay, Chardonnay<\/p>\n","protected":false},"featured_media":0,"comment_status":"closed","ping_status":"closed","template":"","meta":{"_acf_changed":false},"product_brand":[],"product_cat":[17],"product_tag":[],"enthaltene-traubensorte":[1562],"weintyp_tax":[2117],"subskription":[],"class_list":{"0":"post-38931","1":"product","2":"type-product","3":"status-publish","5":"product_cat-uncategorized","6":"enthaltene-traubensorte-chardonnay","7":"weintyp_tax-mousseux","9":"first","10":"instock","11":"taxable","12":"shipping-taxable","13":"purchasable","14":"product-type-simple"},"acf":[],"publishpress_future_workflow_manual_trigger":{"enabledWorkflows":[]},"_links":{"self":[{"href":"https:\/\/cantinadelmulino.ch\/fr\/wp-json\/wp\/v2\/product\/38931","targetHints":{"allow":["GET"]}}],"collection":[{"href":"https:\/\/cantinadelmulino.ch\/fr\/wp-json\/wp\/v2\/product"}],"about":[{"href":"https:\/\/cantinadelmulino.ch\/fr\/wp-json\/wp\/v2\/types\/product"}],"replies":[{"embeddable":true,"href":"https:\/\/cantinadelmulino.ch\/fr\/wp-json\/wp\/v2\/comments?post=38931"}],"wp:attachment":[{"href":"https:\/\/cantinadelmulino.ch\/fr\/wp-json\/wp\/v2\/media?parent=38931"}],"wp:term":[{"taxonomy":"product_brand","embeddable":true,"href":"https:\/\/cantinadelmulino.ch\/fr\/wp-json\/wp\/v2\/product_brand?post=38931"},{"taxonomy":"product_cat","embeddable":true,"href":"https:\/\/cantinadelmulino.ch\/fr\/wp-json\/wp\/v2\/product_cat?post=38931"},{"taxonomy":"product_tag","embeddable":true,"href":"https:\/\/cantinadelmulino.ch\/fr\/wp-json\/wp\/v2\/product_tag?post=38931"},{"taxonomy":"enthaltene-traubensorte","embeddable":true,"href":"https:\/\/cantinadelmulino.ch\/fr\/wp-json\/wp\/v2\/enthaltene-traubensorte?post=38931"},{"taxonomy":"weintyp_tax","embeddable":true,"href":"https:\/\/cantinadelmulino.ch\/fr\/wp-json\/wp\/v2\/weintyp_tax?post=38931"},{"taxonomy":"subskription","embeddable":true,"href":"https:\/\/cantinadelmulino.ch\/fr\/wp-json\/wp\/v2\/subskription?post=38931"}],"curies":[{"name":"wp","href":"https:\/\/api.w.org\/{rel}","templated":true}]}}