{"id":39058,"date":"2026-04-08T01:19:07","date_gmt":"2026-04-08T00:19:07","guid":{"rendered":"https:\/\/cantinadelmulino.ch\/product\/rouge-cotes-du-luberon-a-c-2020-la-canorgue-50cl-vin-rouge\/"},"modified":"2026-04-08T01:19:08","modified_gmt":"2026-04-08T00:19:08","slug":"rouge-cotes-du-luberon-a-c-2020-chateau-la-canorgue-50cl-vin-rouge","status":"publish","type":"product","link":"https:\/\/cantinadelmulino.ch\/fr\/produit\/rouge-cotes-du-luberon-a-c-2020-chateau-la-canorgue-50cl-vin-rouge\/","title":{"rendered":"Rouge C\u00f4tes du Luberon A.C. | 2020 | Ch\u00e2teau La Canorgue | 50cl | vin rouge"},"content":{"rendered":"<p>Rouge C\u00f4tes du Luberon A.C. 2020, France,\u00a0 Rh\u00f4ne, , vin rouge, Syrah 70%, Grenache noir 20%, Mourv\u00e8dre 10%, Cinsault, 50cl, 2020, , 50cl, Provenzalische K\u00fcche, Gratin, Wild,\u00a0 10.8<\/p>\n","protected":false},"excerpt":{"rendered":"<p>Rouge C\u00f4tes du Luberon A.C. 2020, France, Rh\u00f4ne, Ch\u00e2teau La Canorgue, Ch\u00e2teau La Canorgue, Syrah 70%, Grenache noir 20%, Mourv\u00e8dre 10%, Cinsault, Syrah 70%, Grenache noir 20%, Mourv\u00e8dre 10%, Cinsault<\/p>\n","protected":false},"featured_media":0,"comment_status":"closed","ping_status":"closed","template":"","meta":{"_acf_changed":false},"product_brand":[],"product_cat":[17],"product_tag":[],"enthaltene-traubensorte":[1555,1573,1551,1552],"weintyp_tax":[2115],"subskription":[],"class_list":{"0":"post-39058","1":"product","2":"type-product","3":"status-publish","5":"product_cat-uncategorized","6":"enthaltene-traubensorte-cinsault","7":"enthaltene-traubensorte-grenache-noir","8":"enthaltene-traubensorte-mourvedre","9":"enthaltene-traubensorte-syrah","10":"weintyp_tax-vin-rouge","12":"first","13":"instock","14":"taxable","15":"shipping-taxable","16":"purchasable","17":"product-type-simple"},"acf":[],"publishpress_future_workflow_manual_trigger":{"enabledWorkflows":[]},"_links":{"self":[{"href":"https:\/\/cantinadelmulino.ch\/fr\/wp-json\/wp\/v2\/product\/39058","targetHints":{"allow":["GET"]}}],"collection":[{"href":"https:\/\/cantinadelmulino.ch\/fr\/wp-json\/wp\/v2\/product"}],"about":[{"href":"https:\/\/cantinadelmulino.ch\/fr\/wp-json\/wp\/v2\/types\/product"}],"replies":[{"embeddable":true,"href":"https:\/\/cantinadelmulino.ch\/fr\/wp-json\/wp\/v2\/comments?post=39058"}],"wp:attachment":[{"href":"https:\/\/cantinadelmulino.ch\/fr\/wp-json\/wp\/v2\/media?parent=39058"}],"wp:term":[{"taxonomy":"product_brand","embeddable":true,"href":"https:\/\/cantinadelmulino.ch\/fr\/wp-json\/wp\/v2\/product_brand?post=39058"},{"taxonomy":"product_cat","embeddable":true,"href":"https:\/\/cantinadelmulino.ch\/fr\/wp-json\/wp\/v2\/product_cat?post=39058"},{"taxonomy":"product_tag","embeddable":true,"href":"https:\/\/cantinadelmulino.ch\/fr\/wp-json\/wp\/v2\/product_tag?post=39058"},{"taxonomy":"enthaltene-traubensorte","embeddable":true,"href":"https:\/\/cantinadelmulino.ch\/fr\/wp-json\/wp\/v2\/enthaltene-traubensorte?post=39058"},{"taxonomy":"weintyp_tax","embeddable":true,"href":"https:\/\/cantinadelmulino.ch\/fr\/wp-json\/wp\/v2\/weintyp_tax?post=39058"},{"taxonomy":"subskription","embeddable":true,"href":"https:\/\/cantinadelmulino.ch\/fr\/wp-json\/wp\/v2\/subskription?post=39058"}],"curies":[{"name":"wp","href":"https:\/\/api.w.org\/{rel}","templated":true}]}}