{"id":39065,"date":"2026-04-15T01:23:35","date_gmt":"2026-04-15T00:23:35","guid":{"rendered":"https:\/\/cantinadelmulino.ch\/product\/fiez-fume-geneve-aoc-2022-chambet-75cl-vin-blanc\/"},"modified":"2026-04-15T01:23:42","modified_gmt":"2026-04-15T00:23:42","slug":"fiez-fume-geneve-aoc-2022-domaine-du-chambet-75cl-vin-blanc","status":"publish","type":"product","link":"https:\/\/cantinadelmulino.ch\/fr\/produit\/fiez-fume-geneve-aoc-2022-domaine-du-chambet-75cl-vin-blanc\/","title":{"rendered":"Fiez Fum\u00e9 Gen\u00e8ve AOC | 2022 | Domaine du Chambet | 75cl | vin blanc"},"content":{"rendered":"<p>Fiez Fum\u00e9 Gen\u00e8ve AOC 2022, Schweiz\/Suisse,\u00a0 Gen\u00e8ve, , vin blanc, Chardonnay, 75cl, 2022, 13%, 75cl, ,\u00a0 26.1<\/p>\n","protected":false},"excerpt":{"rendered":"<p>Fiez Fum\u00e9 Gen\u00e8ve AOC 2022, Schweiz\/Suisse, Gen\u00e8ve, Domaine du Chambet, Domaine du Chambet, Chardonnay, Chardonnay<\/p>\n","protected":false},"featured_media":0,"comment_status":"closed","ping_status":"closed","template":"","meta":{"_acf_changed":false},"product_brand":[],"product_cat":[17],"product_tag":[],"enthaltene-traubensorte":[1562],"weintyp_tax":[2116],"subskription":[],"class_list":{"0":"post-39065","1":"product","2":"type-product","3":"status-publish","5":"product_cat-uncategorized","6":"enthaltene-traubensorte-chardonnay","7":"weintyp_tax-vin-blanc","9":"first","10":"instock","11":"taxable","12":"shipping-taxable","13":"purchasable","14":"product-type-simple"},"acf":[],"publishpress_future_workflow_manual_trigger":{"enabledWorkflows":[]},"_links":{"self":[{"href":"https:\/\/cantinadelmulino.ch\/fr\/wp-json\/wp\/v2\/product\/39065","targetHints":{"allow":["GET"]}}],"collection":[{"href":"https:\/\/cantinadelmulino.ch\/fr\/wp-json\/wp\/v2\/product"}],"about":[{"href":"https:\/\/cantinadelmulino.ch\/fr\/wp-json\/wp\/v2\/types\/product"}],"replies":[{"embeddable":true,"href":"https:\/\/cantinadelmulino.ch\/fr\/wp-json\/wp\/v2\/comments?post=39065"}],"wp:attachment":[{"href":"https:\/\/cantinadelmulino.ch\/fr\/wp-json\/wp\/v2\/media?parent=39065"}],"wp:term":[{"taxonomy":"product_brand","embeddable":true,"href":"https:\/\/cantinadelmulino.ch\/fr\/wp-json\/wp\/v2\/product_brand?post=39065"},{"taxonomy":"product_cat","embeddable":true,"href":"https:\/\/cantinadelmulino.ch\/fr\/wp-json\/wp\/v2\/product_cat?post=39065"},{"taxonomy":"product_tag","embeddable":true,"href":"https:\/\/cantinadelmulino.ch\/fr\/wp-json\/wp\/v2\/product_tag?post=39065"},{"taxonomy":"enthaltene-traubensorte","embeddable":true,"href":"https:\/\/cantinadelmulino.ch\/fr\/wp-json\/wp\/v2\/enthaltene-traubensorte?post=39065"},{"taxonomy":"weintyp_tax","embeddable":true,"href":"https:\/\/cantinadelmulino.ch\/fr\/wp-json\/wp\/v2\/weintyp_tax?post=39065"},{"taxonomy":"subskription","embeddable":true,"href":"https:\/\/cantinadelmulino.ch\/fr\/wp-json\/wp\/v2\/subskription?post=39065"}],"curies":[{"name":"wp","href":"https:\/\/api.w.org\/{rel}","templated":true}]}}